{"id":601272,"date":"2025-03-05T02:50:52","date_gmt":"2025-03-05T01:50:52","guid":{"rendered":"https:\/\/shop.kustom.ch\/?post_type=product&#038;p=601272"},"modified":"2026-03-31T09:14:48","modified_gmt":"2026-03-31T08:14:48","slug":"kapuzenpullover-limited-edition","status":"publish","type":"product","link":"https:\/\/shop.kustom.ch\/en\/product\/kapuzenpullover-limited-edition\/","title":{"rendered":"Hoodie Limited Edition"},"content":{"rendered":"<p>A soft and very comfortable hooded jumper with a brushed inside and ribbed cuffs. With print on the chest and back.<\/p>\n<p>FABRIC: blue<\/p>\n<p>60% cotton, 40% polyester, fleece brushed on one side, 280 g\/m\u00b2<\/p>","protected":false},"excerpt":{"rendered":"<p>Ein weicher und sehr bequemer Kapuzenpullover mit geb\u00fcrsteter Innenseite und gerippten B\u00fcndchen. Mit Druck auf Brust und R\u00fccken. STOFF: blau 60% Baumwolle, 40% Polyester, Fleece einseitig geb\u00fcrstet, 280 g\/m\u00b2<\/p>","protected":false},"featured_media":601318,"template":"","meta":[],"product_brand":[],"product_cat":[4184],"product_tag":[],"class_list":{"0":"post-601272","1":"product","2":"type-product","3":"status-publish","4":"has-post-thumbnail","6":"product_cat-hoodies-pullover","7":"pa_brand-blaklaeder","8":"pa_brand-type-workwear","9":"pa_filter-color-blau","11":"first","12":"instock","13":"sale","14":"taxable","15":"shipping-taxable","16":"purchasable","17":"product-type-variable","18":"add-to-wishlist-before_image"},"exclude_global_add_ons":[],"addons":[],"acf":[],"_links":{"self":[{"href":"https:\/\/shop.kustom.ch\/en\/wp-json\/wp\/v2\/product\/601272"}],"collection":[{"href":"https:\/\/shop.kustom.ch\/en\/wp-json\/wp\/v2\/product"}],"about":[{"href":"https:\/\/shop.kustom.ch\/en\/wp-json\/wp\/v2\/types\/product"}],"wp:featuredmedia":[{"embeddable":true,"href":"https:\/\/shop.kustom.ch\/en\/wp-json\/wp\/v2\/media\/601318"}],"wp:attachment":[{"href":"https:\/\/shop.kustom.ch\/en\/wp-json\/wp\/v2\/media?parent=601272"}],"wp:term":[{"taxonomy":"product_brand","embeddable":true,"href":"https:\/\/shop.kustom.ch\/en\/wp-json\/wp\/v2\/product_brand?post=601272"},{"taxonomy":"product_cat","embeddable":true,"href":"https:\/\/shop.kustom.ch\/en\/wp-json\/wp\/v2\/product_cat?post=601272"},{"taxonomy":"product_tag","embeddable":true,"href":"https:\/\/shop.kustom.ch\/en\/wp-json\/wp\/v2\/product_tag?post=601272"}],"curies":[{"name":"wp","href":"https:\/\/api.w.org\/{rel}","templated":true}]}}