{"id":601190,"date":"2025-03-05T02:49:27","date_gmt":"2025-03-05T01:49:27","guid":{"rendered":"https:\/\/shop.kustom.ch\/?post_type=product&#038;p=601190"},"modified":"2026-03-31T09:13:15","modified_gmt":"2026-03-31T08:13:15","slug":"damen-high-vis-arbeitshose-mit-stretch-3","status":"publish","type":"product","link":"https:\/\/shop.kustom.ch\/en\/product\/damen-high-vis-arbeitshose-mit-stretch-3\/","title":{"rendered":"Ladies high vis work trousers with stretch"},"content":{"rendered":"<p>Robust, comfortable and practical high vis work trousers made of 100 % cotton with high vis sections. These women's trousers have 4-way stretch inserts on the back for a particularly light and comfortable feel. Folding rule pocket, holster pockets, easily accessible mobile phone pocket and back pockets reinforced with CORDURA\u00ae. The trousers also have knee pad pockets reinforced with CORDURA\u00ae stretch for increased comfort. Also available as men's model 1794. Certified according to EN ISO 20471, class 1.<\/p>\n<p>CLOSURE: Leg ends with reinforcement at the back. DETAILS: Detachable ID card pocket. Metal press studs. Knife holder with button. Inside leg seam with triple stitching. Plastic zip at the crotch. Two belt loops at the sides with a button for a hammer loop, one belt loop with D-ring at the front. Wide belt loop at the back. D-ring on the waistband. FUNCTIONALITY: Stretch insert at the back. Particularly ergonomically shaped trouser legs. MAIN PROPERTIES: Road and construction workers. EN ISO 20471. REFLEX: Reflective details on the leg. FABRIC: Available for men and women. blue. Knee pad pockets. Stretch. POCKETS: Leg pocket with bellows, pen pocket, flexible mobile phone pocket and two large pockets - one with zip and detachable ID card pocket. Back pockets reinforced with bellows. Suitable for all models with Bl\u00e5kl\u00e4der knee pad pockets. Nail pockets - with tool holders and extra pockets with zip. Inset pocket with stretch insert. Reinforced ruler pocket with knife holder and pen pocket. WASHING INSTRUCTIONS: Number of washes: 50. 40\u00b0 C. REINFORCEMENT: CORDURA\u00ae-reinforced nail pockets, ruler pocket, back pockets and back leg hem. CERTIFICATION: EN 14404:2004+A1:2010 together with knee pads 4027, 4057, 4058 and 4032. certification group W<\/p>\n<p>100% Cotton, twill, 370 g\/m\u00b2<\/p>","protected":false},"excerpt":{"rendered":"<p>Robuste, bequeme und praktische High Vis Arbeitshose aus 100 % Baumwolle mit High Vis Abschnitten. Diese Damenhose hat 4-Wege-Stretcheins\u00e4tze auf der R\u00fcckseite f\u00fcr ein besonders leichtes und angenehmes Tragegef\u00fchl. Zollstocktasche, Holstertaschen, leicht zug\u00e4ngliche Handytasche und Ges\u00e4sstaschen, die mit CORDURA\u00ae verst\u00e4rkt sind. Die Hose verf\u00fcgt ausserdem \u00fcber mit CORDURA\u00ae-Stretch verst\u00e4rkte Kniepolstertaschen, um den Tragekomfort zu erh\u00f6hen. [&hellip;]<\/p>\n","protected":false},"featured_media":601210,"template":"","meta":[],"product_brand":[],"product_cat":[4185],"product_tag":[],"class_list":{"0":"post-601190","1":"product","2":"type-product","3":"status-publish","4":"has-post-thumbnail","6":"product_cat-hosen","7":"pa_brand-blaklaeder","8":"pa_brand-type-workwear","9":"pa_filter-color-blau","10":"pa_filter-color-gelb","11":"pa_filter-color-schwarz","13":"first","14":"instock","15":"sale","16":"taxable","17":"shipping-taxable","18":"purchasable","19":"product-type-variable","20":"add-to-wishlist-before_image"},"exclude_global_add_ons":[],"addons":[],"acf":[],"_links":{"self":[{"href":"https:\/\/shop.kustom.ch\/en\/wp-json\/wp\/v2\/product\/601190"}],"collection":[{"href":"https:\/\/shop.kustom.ch\/en\/wp-json\/wp\/v2\/product"}],"about":[{"href":"https:\/\/shop.kustom.ch\/en\/wp-json\/wp\/v2\/types\/product"}],"wp:featuredmedia":[{"embeddable":true,"href":"https:\/\/shop.kustom.ch\/en\/wp-json\/wp\/v2\/media\/601210"}],"wp:attachment":[{"href":"https:\/\/shop.kustom.ch\/en\/wp-json\/wp\/v2\/media?parent=601190"}],"wp:term":[{"taxonomy":"product_brand","embeddable":true,"href":"https:\/\/shop.kustom.ch\/en\/wp-json\/wp\/v2\/product_brand?post=601190"},{"taxonomy":"product_cat","embeddable":true,"href":"https:\/\/shop.kustom.ch\/en\/wp-json\/wp\/v2\/product_cat?post=601190"},{"taxonomy":"product_tag","embeddable":true,"href":"https:\/\/shop.kustom.ch\/en\/wp-json\/wp\/v2\/product_tag?post=601190"}],"curies":[{"name":"wp","href":"https:\/\/api.w.org\/{rel}","templated":true}]}}