{"id":601130,"date":"2025-03-05T02:48:45","date_gmt":"2025-03-05T01:48:45","guid":{"rendered":"https:\/\/shop.kustom.ch\/?post_type=product&#038;p=601130"},"modified":"2026-03-31T09:12:14","modified_gmt":"2026-03-31T08:12:14","slug":"damen-maler-shorts-mit-stretch-x1900","status":"publish","type":"product","link":"https:\/\/shop.kustom.ch\/en\/product\/damen-maler-shorts-mit-stretch-x1900\/","title":{"rendered":"Ladies painter shorts with stretch X1900"},"content":{"rendered":"<p>Modern, comfortable painter's shorts in a women's cut with stretch inserts in carefully selected areas for greater comfort and freedom of movement. The shorts have an elasticated waist and the high cotton content ensures good moisture absorption. Also available as men's model 1911.<\/p>\n<p>DETAILS: Metal button. Plastic zip at the crotch. D-ring on the waistband. FUNCTIONALITY: Stretch insert at the crotch and seat. Particularly ergonomically shaped trouser legs. MAIN FEATURES: Painter. Available for men and women. FABRIC: Ladies. black. Stretch insert. Painter. POCKETS: Leg pocket especially for spatulas and brushes. Back pockets. Mobile phone pocket inside. Front nail pockets. Side pockets. WASHING INSTRUCTIONS: Do not dry clean. REINFORCEMENT: CORDURA\u00ae reinforced nail pockets and ruler pocket<\/p>\n<p>100% Cotton, canvas, 270 g\/m\u00b2<\/p>","protected":false},"excerpt":{"rendered":"<p>Eine moderne, bequeme Malershorts im Damenschnitt mit Stretch-Eins\u00e4tzen an sorgf\u00e4ltig ausgew\u00e4hlten Stellen f\u00fcr mehr Komfort und Bewegungsfreiheit. Die Shorts hat einen Gummizug in der Taille und der hohe Baumwollanteil erm\u00f6glicht eine gute Feuchtigkeitsaufnahme. Auch erh\u00e4ltlich als Herrenmodell 1911. DETAILS: Metallknopf. Kunststoff-Reissverschluss im Schritt. D-Ring am Bund. FUNKTIONALIT\u00c4T: Stretch Einsatz im Schritt und am Ges\u00e4ss. Besonders [&hellip;]<\/p>\n","protected":false},"featured_media":601167,"template":"","meta":[],"product_brand":[],"product_cat":[4198],"product_tag":[],"class_list":{"0":"post-601130","1":"product","2":"type-product","3":"status-publish","4":"has-post-thumbnail","6":"product_cat-shorts","7":"pa_brand-blaklaeder","8":"pa_brand-type-workwear","9":"pa_filter-color-schwarz","10":"pa_filter-color-weiss","12":"first","13":"instock","14":"sale","15":"taxable","16":"shipping-taxable","17":"purchasable","18":"product-type-variable","19":"add-to-wishlist-before_image"},"exclude_global_add_ons":[],"addons":[],"acf":[],"_links":{"self":[{"href":"https:\/\/shop.kustom.ch\/en\/wp-json\/wp\/v2\/product\/601130"}],"collection":[{"href":"https:\/\/shop.kustom.ch\/en\/wp-json\/wp\/v2\/product"}],"about":[{"href":"https:\/\/shop.kustom.ch\/en\/wp-json\/wp\/v2\/types\/product"}],"wp:featuredmedia":[{"embeddable":true,"href":"https:\/\/shop.kustom.ch\/en\/wp-json\/wp\/v2\/media\/601167"}],"wp:attachment":[{"href":"https:\/\/shop.kustom.ch\/en\/wp-json\/wp\/v2\/media?parent=601130"}],"wp:term":[{"taxonomy":"product_brand","embeddable":true,"href":"https:\/\/shop.kustom.ch\/en\/wp-json\/wp\/v2\/product_brand?post=601130"},{"taxonomy":"product_cat","embeddable":true,"href":"https:\/\/shop.kustom.ch\/en\/wp-json\/wp\/v2\/product_cat?post=601130"},{"taxonomy":"product_tag","embeddable":true,"href":"https:\/\/shop.kustom.ch\/en\/wp-json\/wp\/v2\/product_tag?post=601130"}],"curies":[{"name":"wp","href":"https:\/\/api.w.org\/{rel}","templated":true}]}}