{"id":601039,"date":"2025-03-05T02:47:20","date_gmt":"2025-03-05T01:47:20","guid":{"rendered":"https:\/\/shop.kustom.ch\/?post_type=product&#038;p=601039"},"modified":"2026-03-31T09:09:54","modified_gmt":"2026-03-31T08:09:54","slug":"damen-high-vis-softshell-arbeitshose-2","status":"publish","type":"product","link":"https:\/\/shop.kustom.ch\/en\/product\/damen-high-vis-softshell-arbeitshose-2\/","title":{"rendered":"Ladies high vis softshell work trousers"},"content":{"rendered":"<p>Autumn and winter high-vis work trousers in a women's cut made from 100% stretch softshell. The material makes the trousers extremely soft, comfortable and supple and has dark, dirt-repellent inserts in exposed areas. The material is waterproof, windproof and has excellent breathability. The trousers have advanced details and practical pockets with CORDURA\u00ae reinforcement, a leg pocket with bellows, a ruler pocket, detachable holster pockets with zips, pockets with bellows on the back and practical tool holders, such as a loop for a hammer holder. The knee pad pocket is reinforced on the outside with CORDURA\u00ae stretch. Leg ends with CORDURA\u00ae reinforcement for effective protection against wear and tear. The best choice for working in harsh weather conditions. Also available as men's model 1820.<\/p>\n<p>CLOSURE: Leg ends with CORDURA\u00ae reinforcement. DETAILS: Detachable ID card pocket. Metal buttons. Knife holder with button. Inside leg seam with triple stitching. Plastic zip at the crotch. Two loops on the sides with a button for hammer holder. Adjustable waist. FUNCTIONALITY: Wind &amp; waterproof, unsealed seams, breathable. Regular fit. MAIN PROPERTIES: Road and construction workers. RIS-3279-TOM . REFLEX: Reflective material around the legs. FABRIC: Ladies. blue. water-repellent. High visibility. POCKETS: Leg pocket with bellows and flap with Velcro fastening and inside mesh mobile phone pocket. Back pockets reinforced with bellows. Knee pad pockets. Nail pockets - removable and extra wide, with tool loops and additional tool compartments. Side pockets. Reinforced folding rule pocket with knife holder and pen pocket. WASHING INSTRUCTIONS: Number of washes: 25, do not iron. REINFORCEMENT: CORDURA\u00ae -reinforced nail pockets, back pockets and ruler pocket. CERTIFICATION: EN 14404:2004+A1:2010 together with knee pads 4027, 4057, 4058 and 4032. Class 2 and 3 garments in orange comply with RIS-3279-TOM Issue 2<\/p>\n<p>92% polyester, 8% elastane, 3-layer softshell, waterproof 11,000 mm, windproof, breathable Ret 20.0, stretch, 255 g\/m\u00b2<\/p>","protected":false},"excerpt":{"rendered":"<p>Herbst und Winter High Vis Arbeitshose im Damenschnitt aus 100% dehnbarem Softshell. Das Material macht die Hose extrem weich, bequem und geschmeidig und hat dunkle, schmutzabweisende Eins\u00e4tze an exponierten Stellen. Das Material ist wasserdicht, winddicht und hat eine ausgezeichnete Atmungsaktivit\u00e4t. Die Hose verf\u00fcgt \u00fcber fortschrittliche Details und praktische Taschen mit CORDURA\u00ae-Verst\u00e4rkung, eine Beintasche mit Balg, [&hellip;]<\/p>\n","protected":false},"featured_media":601048,"template":"","meta":[],"product_brand":[],"product_cat":[4185],"product_tag":[],"class_list":{"0":"post-601039","1":"product","2":"type-product","3":"status-publish","4":"has-post-thumbnail","6":"product_cat-hosen","7":"pa_brand-blaklaeder","8":"pa_brand-type-workwear","9":"pa_filter-color-blau","10":"pa_filter-color-gelb","11":"pa_filter-color-orange","12":"pa_filter-color-rot","13":"pa_filter-color-schwarz","15":"first","16":"instock","17":"sale","18":"taxable","19":"shipping-taxable","20":"purchasable","21":"product-type-variable","22":"add-to-wishlist-before_image"},"exclude_global_add_ons":[],"addons":[],"acf":[],"_links":{"self":[{"href":"https:\/\/shop.kustom.ch\/en\/wp-json\/wp\/v2\/product\/601039"}],"collection":[{"href":"https:\/\/shop.kustom.ch\/en\/wp-json\/wp\/v2\/product"}],"about":[{"href":"https:\/\/shop.kustom.ch\/en\/wp-json\/wp\/v2\/types\/product"}],"wp:featuredmedia":[{"embeddable":true,"href":"https:\/\/shop.kustom.ch\/en\/wp-json\/wp\/v2\/media\/601048"}],"wp:attachment":[{"href":"https:\/\/shop.kustom.ch\/en\/wp-json\/wp\/v2\/media?parent=601039"}],"wp:term":[{"taxonomy":"product_brand","embeddable":true,"href":"https:\/\/shop.kustom.ch\/en\/wp-json\/wp\/v2\/product_brand?post=601039"},{"taxonomy":"product_cat","embeddable":true,"href":"https:\/\/shop.kustom.ch\/en\/wp-json\/wp\/v2\/product_cat?post=601039"},{"taxonomy":"product_tag","embeddable":true,"href":"https:\/\/shop.kustom.ch\/en\/wp-json\/wp\/v2\/product_tag?post=601039"}],"curies":[{"name":"wp","href":"https:\/\/api.w.org\/{rel}","templated":true}]}}