{"id":600904,"date":"2025-03-05T02:44:55","date_gmt":"2025-03-05T01:44:55","guid":{"rendered":"https:\/\/shop.kustom.ch\/?post_type=product&#038;p=600904"},"modified":"2026-03-31T09:07:02","modified_gmt":"2026-03-31T08:07:02","slug":"unterhemd-dry","status":"publish","type":"product","link":"https:\/\/shop.kustom.ch\/en\/product\/unterhemd-dry\/","title":{"rendered":"DRY VEST"},"content":{"rendered":"<p>DRY is our best performing base layer, recommended temperature +15\u00b0C to +0\u00b0C. A quick-drying, odour-neutral garment thanks to unique polyester fibres with activated bamboo charcoal. With mesh inserts for additional ventilation in areas with increased perspiration, it keeps you dry during physical work.<\/p>\n<p>CLOSURE: Soft cuffs. DETAILS: Printed size label. Round neck. Bl\u00e5kl\u00e4der mesh logo on the back. FUNCTIONALITY: Mesh inserts in the main sweat zones. FABRIC: Men's. grey. Wind \/ wet \/ cold. WASHING INSTRUCTIONS: Do not bleach<\/p>\n<p>55% polyester, 38% polyamide, 7% elastane, jersey tubular knit, moisture-regulating and odour-inhibiting thanks to bamboo charcoal fibre, 170g\/m\u00b2<\/p>","protected":false},"excerpt":{"rendered":"<p>DRY ist unsere leistungsf\u00e4higste Basislage, empfohlene Temperatur +15\u00b0C bis +0\u00b0C. Ein schnelltrocknendes, geruchsneutrales Kleidungsst\u00fcck dank einzigartiger Polyesterfaser mit Bambus-Aktivkohle. Mit Netzeins\u00e4tzen f\u00fcr zus\u00e4tzliche Bel\u00fcftung in Bereichen mit erh\u00f6hter Schweissbildung.Sorgt f\u00fcr Trockenheit bei k\u00f6rperlicher Arbeit. ABSCHLUSS: Weiche \u00c4rmelb\u00fcndchen. DETAILS: Gedrucktes Gr\u00f6ssenetikett. Rundhals. Meshlogo Bl\u00e5kl\u00e4der auf dem R\u00fccken. FUNKTIONALIT\u00c4T: Mesh-Eins\u00e4tze an den wichtigsten Schweisszonen. STOFF: Herren. grau. [&hellip;]<\/p>\n","protected":false},"featured_media":600951,"template":"","meta":[],"product_brand":[],"product_cat":[4206],"product_tag":[],"class_list":{"0":"post-600904","1":"product","2":"type-product","3":"status-publish","4":"has-post-thumbnail","6":"product_cat-underwear","7":"pa_brand-blaklaeder","8":"pa_brand-type-workwear","9":"pa_filter-color-grau","11":"first","12":"instock","13":"sale","14":"taxable","15":"shipping-taxable","16":"purchasable","17":"product-type-variable","18":"add-to-wishlist-before_image"},"exclude_global_add_ons":[],"addons":[],"acf":[],"_links":{"self":[{"href":"https:\/\/shop.kustom.ch\/en\/wp-json\/wp\/v2\/product\/600904"}],"collection":[{"href":"https:\/\/shop.kustom.ch\/en\/wp-json\/wp\/v2\/product"}],"about":[{"href":"https:\/\/shop.kustom.ch\/en\/wp-json\/wp\/v2\/types\/product"}],"wp:featuredmedia":[{"embeddable":true,"href":"https:\/\/shop.kustom.ch\/en\/wp-json\/wp\/v2\/media\/600951"}],"wp:attachment":[{"href":"https:\/\/shop.kustom.ch\/en\/wp-json\/wp\/v2\/media?parent=600904"}],"wp:term":[{"taxonomy":"product_brand","embeddable":true,"href":"https:\/\/shop.kustom.ch\/en\/wp-json\/wp\/v2\/product_brand?post=600904"},{"taxonomy":"product_cat","embeddable":true,"href":"https:\/\/shop.kustom.ch\/en\/wp-json\/wp\/v2\/product_cat?post=600904"},{"taxonomy":"product_tag","embeddable":true,"href":"https:\/\/shop.kustom.ch\/en\/wp-json\/wp\/v2\/product_tag?post=600904"}],"curies":[{"name":"wp","href":"https:\/\/api.w.org\/{rel}","templated":true}]}}