{"id":600903,"date":"2025-03-05T02:44:55","date_gmt":"2025-03-05T01:44:55","guid":{"rendered":"https:\/\/shop.kustom.ch\/?post_type=product&#038;p=600903"},"modified":"2026-03-31T09:05:41","modified_gmt":"2026-03-31T08:05:41","slug":"damen-multinorm-winterjacke","status":"publish","type":"product","link":"https:\/\/shop.kustom.ch\/en\/product\/damen-multinorm-winterjacke\/","title":{"rendered":"Ladies multinorm winter jacket"},"content":{"rendered":"<p>The ultimate flame retardant winter jacket from Bl\u00e5kl\u00e4der, with a cut for women. This jacket is the ideal choice if you work in environments where there is a risk of flames. With its warm lining, laminated fabric and taped seams, it also protects you from the cold, wind and rain. A completely metal-free garment with segmented transfer reflective stripes and reflective details on the shoulders for visibility in all directions, cosy fleece in the pockets and a two-way plastic zip. This oil, dirt and water repellent jacket can withstand all weather conditions so you can tackle any job. The helmet-compatible 2167 hood is available separately. The jacket is also available in a men's model 4517. Certified according to IEC 61482-2: APC 2, ELIM 33 cal\/cm\u00b2 and ATPV 39 cal\/cm\u00b2. EN 1149, EN ISO 11612, EN ISO 11611, EN 13034 and EN ISO 20471. EN 343 4\/1 - water column rating: 12,000 mm. EN 342 together with model 1817 - CLO value 2.19, Icler 0.326 m\u00b2 K\/W.<\/p>\n<p>CLOSURE: Extended back. Adjustable cuffs with Velcro fastening and cuffs. DETAILS: Good surfaces for finishing. D-ring. External certification labels. Plastic press studs. With buttons for attaching a hood (sold separately, 2167). Taped seams. Loops on both sides of the chest for microphones and other equipment. FRONT CLOSURE: Concealed two-way plastic zip. FUNCTIONALITY: Windproof &amp; waterproof material with breathability, taped seams. MAIN FEATURES: Service employee. EN 1149-5. REFLEX: Interrupted flame-retardant transfer reflective stripes. FABRIC: Ladies. High-vis yellow. Metal free. Flame retardant. POCKETS: Chest pockets with zips and D-ring. Inside pocket for documents. Inside pockets, one with zip. Fleece-lined slit pocket with zip. WASHING INSTRUCTIONS: 60\u00b0 C. CERTIFICATION: EN 1149-5. 20 washes max. Certified according to EN 342 together with article 1817. EN 343, class 4.1. ATPV - 39 cal\/cm\u00b2. EN ISO 11611, class 1 A1+A2. EN ISO 11612 A1, A2, B1, C1, E3, F1. EN ISO 20471, class 2<\/p>\n<p>44% modacrylic, 30% cotton, 20% polyamide, 5% aramid, 1% antistatic, ripstop, flame-retardant, antistatic, coated, waterproof 12000 mm, windproof, breathable Ret 8.15, 290 g\/m\u00b2<\/p>","protected":false},"excerpt":{"rendered":"<p>Die ultimative flammhemmende Winterjacke von Bl\u00e5kl\u00e4der, mit einem Schnitt f\u00fcr Frauen. Diese Jacke ist die ideale Wahl, wenn Sie in flammengef\u00e4hrdeten Umgebungen arbeiten. Mit ihrem warmen Futter, dem laminierten Stoff und den versiegelten N\u00e4hten sch\u00fctzt sie Sie auch vor K\u00e4lte, Wind und Regen. Ein komplett metallfreies Kleidungsst\u00fcck mit segmentierten Transferreflexstreifen und reflektierenden Details an den [&hellip;]<\/p>\n","protected":false},"featured_media":600950,"template":"","meta":[],"product_brand":[],"product_cat":[4186],"product_tag":[],"class_list":{"0":"post-600903","1":"product","2":"type-product","3":"status-publish","4":"has-post-thumbnail","6":"product_cat-jacken","7":"pa_brand-blaklaeder","8":"pa_brand-type-workwear","9":"pa_filter-color-blau","10":"pa_filter-color-gelb","12":"first","13":"instock","14":"sale","15":"taxable","16":"shipping-taxable","17":"purchasable","18":"product-type-variable","19":"add-to-wishlist-before_image"},"exclude_global_add_ons":[],"addons":[],"acf":[],"_links":{"self":[{"href":"https:\/\/shop.kustom.ch\/en\/wp-json\/wp\/v2\/product\/600903"}],"collection":[{"href":"https:\/\/shop.kustom.ch\/en\/wp-json\/wp\/v2\/product"}],"about":[{"href":"https:\/\/shop.kustom.ch\/en\/wp-json\/wp\/v2\/types\/product"}],"wp:featuredmedia":[{"embeddable":true,"href":"https:\/\/shop.kustom.ch\/en\/wp-json\/wp\/v2\/media\/600950"}],"wp:attachment":[{"href":"https:\/\/shop.kustom.ch\/en\/wp-json\/wp\/v2\/media?parent=600903"}],"wp:term":[{"taxonomy":"product_brand","embeddable":true,"href":"https:\/\/shop.kustom.ch\/en\/wp-json\/wp\/v2\/product_brand?post=600903"},{"taxonomy":"product_cat","embeddable":true,"href":"https:\/\/shop.kustom.ch\/en\/wp-json\/wp\/v2\/product_cat?post=600903"},{"taxonomy":"product_tag","embeddable":true,"href":"https:\/\/shop.kustom.ch\/en\/wp-json\/wp\/v2\/product_tag?post=600903"}],"curies":[{"name":"wp","href":"https:\/\/api.w.org\/{rel}","templated":true}]}}