{"id":600720,"date":"2025-03-05T02:41:09","date_gmt":"2025-03-05T01:41:09","guid":{"rendered":"https:\/\/shop.kustom.ch\/?post_type=product&#038;p=600720"},"modified":"2026-03-31T08:56:34","modified_gmt":"2026-03-31T07:56:34","slug":"damen-kapuzensweater-3d-2","status":"publish","type":"product","link":"https:\/\/shop.kustom.ch\/en\/product\/damen-kapuzensweater-3d-2\/","title":{"rendered":"Ladies hooded jumper 3D"},"content":{"rendered":"<p>Stylish, pleasantly warm hoodie made from soft jersey with a feminine cut, ideal for work and leisure. Equipped with a mobile phone pocket with zip and openings for headphones in the pocket. The hooded jumper is decorated with a very eye-catching 3D print on the chest with the words \u201aBl\u00e5kl\u00e4der\u2018, which shows that your heart is in the right place when it comes to workwear.<\/p>\n<p>CLOSURE: Ribbed waistband. Cuffs with cuffs. DETAILS: Print - Bl\u00e5kl\u00e4der 3D. Fixed, adjustable hood. FUNCTIONALITY: Women's size. MAIN FEATURES: Driver. Ladies. FABRIC: Available for men and women. Profile. POCKETS: Holder for mobile phone cable. Kangaroo pocket with inside mobile phone pocket. WASHING INSTRUCTIONS: 40\u00b0 C<\/p>\n<p>100% Cotton, French Terry, 320 g\/m\u00b2<\/p>","protected":false},"excerpt":{"rendered":"<p>Stylischer, angenehm warmer Hoodie aus weichem Jersey mit femininem Schnitt, ideal f\u00fcr die Arbeit und Freizeit. Ausgestattet mit einer Handytasche mit Reissverschluss und \u00d6ffnungen f\u00fcr Kopfh\u00f6rer in der Tasche. Der Kapuzensweater ist mit einem sehr auff\u00e4lligen 3D-Druck auf der Brust mit der Aufschrift &#8218;Bl\u00e5kl\u00e4der&#8216; verziert, der zeigt, dass Ihr Herz in Sachen Arbeitskleidung an der [&hellip;]<\/p>\n","protected":false},"featured_media":600773,"template":"","meta":[],"product_brand":[],"product_cat":[4184],"product_tag":[],"class_list":{"0":"post-600720","1":"product","2":"type-product","3":"status-publish","4":"has-post-thumbnail","6":"product_cat-hoodies-pullover","7":"pa_brand-blaklaeder","8":"pa_brand-type-workwear","9":"pa_filter-color-blau","10":"pa_filter-color-orange","12":"first","13":"instock","14":"sale","15":"taxable","16":"shipping-taxable","17":"purchasable","18":"product-type-variable","19":"add-to-wishlist-before_image"},"exclude_global_add_ons":[],"addons":[],"acf":[],"_links":{"self":[{"href":"https:\/\/shop.kustom.ch\/en\/wp-json\/wp\/v2\/product\/600720"}],"collection":[{"href":"https:\/\/shop.kustom.ch\/en\/wp-json\/wp\/v2\/product"}],"about":[{"href":"https:\/\/shop.kustom.ch\/en\/wp-json\/wp\/v2\/types\/product"}],"wp:featuredmedia":[{"embeddable":true,"href":"https:\/\/shop.kustom.ch\/en\/wp-json\/wp\/v2\/media\/600773"}],"wp:attachment":[{"href":"https:\/\/shop.kustom.ch\/en\/wp-json\/wp\/v2\/media?parent=600720"}],"wp:term":[{"taxonomy":"product_brand","embeddable":true,"href":"https:\/\/shop.kustom.ch\/en\/wp-json\/wp\/v2\/product_brand?post=600720"},{"taxonomy":"product_cat","embeddable":true,"href":"https:\/\/shop.kustom.ch\/en\/wp-json\/wp\/v2\/product_cat?post=600720"},{"taxonomy":"product_tag","embeddable":true,"href":"https:\/\/shop.kustom.ch\/en\/wp-json\/wp\/v2\/product_tag?post=600720"}],"curies":[{"name":"wp","href":"https:\/\/api.w.org\/{rel}","templated":true}]}}