{"id":600668,"date":"2025-03-05T02:40:19","date_gmt":"2025-03-05T01:40:19","guid":{"rendered":"https:\/\/shop.kustom.ch\/?post_type=product&#038;p=600668"},"modified":"2026-03-31T08:55:57","modified_gmt":"2026-03-31T07:55:57","slug":"kapuzensweater-mit-reissverschluss-2","status":"publish","type":"product","link":"https:\/\/shop.kustom.ch\/en\/product\/kapuzensweater-mit-reissverschluss-2\/","title":{"rendered":"Hooded jumper with zip"},"content":{"rendered":"<p>Stylish hooded jumper that is suitable for both work and leisure wear. This polyester hooded jumper has a full-length zip and a slightly longer neck. It has a drawstring at the hem, black, discreet reflective stripes on the front and hood, as well as a chest pocket with space for a logo.<\/p>\n<p>CLOSURE: Elasticated band at the bottom hem. DETAILS: Fixed hood. FRONT CLOSURE: Inner wind flap. FUNCTIONALITY: Slim fit. MAIN PROPERTIES: Gardener. Men's. REFLEX: Reflective details. FABRIC: Available for men and women. green. Profile. POCKETS: Chest pocket with zip. Front pockets with zips. WASHING INSTRUCTIONS: Do not spin-dry<\/p>\n<p>100% Polyester fleece, brushed on one side, 235 g\/m\u00b2<\/p>","protected":false},"excerpt":{"rendered":"<p>Stylischer Kapuzensweater, der sich sowohl f\u00fcr den Einsatz bei der Arbeit als auch im Freizeitbereich eignet. Dieser Polyester-Kapuzensweater verf\u00fcgt \u00fcber einen durchg\u00e4ngigen Reissverschluss und einen etwas l\u00e4ngeren Hals. Er hat einen Kordelzug am Saum, schwarze, dezente Reflexstreifen auf der Vorderseite und der Kapuze, sowie eine Brusttasche mit Platz f\u00fcr ein Logo. ABSCHLUSS: Elastisches Band im [&hellip;]<\/p>\n","protected":false},"featured_media":600684,"template":"","meta":[],"product_brand":[],"product_cat":[4184],"product_tag":[],"class_list":{"0":"post-600668","1":"product","2":"type-product","3":"status-publish","4":"has-post-thumbnail","6":"product_cat-hoodies-pullover","7":"pa_brand-blaklaeder","8":"pa_brand-type-workwear","9":"pa_filter-color-blau","10":"pa_filter-color-gruen","11":"pa_filter-color-rot","12":"pa_filter-color-schwarz","14":"first","15":"instock","16":"sale","17":"taxable","18":"shipping-taxable","19":"purchasable","20":"product-type-variable","21":"add-to-wishlist-before_image"},"exclude_global_add_ons":[],"addons":[],"acf":[],"_links":{"self":[{"href":"https:\/\/shop.kustom.ch\/en\/wp-json\/wp\/v2\/product\/600668"}],"collection":[{"href":"https:\/\/shop.kustom.ch\/en\/wp-json\/wp\/v2\/product"}],"about":[{"href":"https:\/\/shop.kustom.ch\/en\/wp-json\/wp\/v2\/types\/product"}],"wp:featuredmedia":[{"embeddable":true,"href":"https:\/\/shop.kustom.ch\/en\/wp-json\/wp\/v2\/media\/600684"}],"wp:attachment":[{"href":"https:\/\/shop.kustom.ch\/en\/wp-json\/wp\/v2\/media?parent=600668"}],"wp:term":[{"taxonomy":"product_brand","embeddable":true,"href":"https:\/\/shop.kustom.ch\/en\/wp-json\/wp\/v2\/product_brand?post=600668"},{"taxonomy":"product_cat","embeddable":true,"href":"https:\/\/shop.kustom.ch\/en\/wp-json\/wp\/v2\/product_cat?post=600668"},{"taxonomy":"product_tag","embeddable":true,"href":"https:\/\/shop.kustom.ch\/en\/wp-json\/wp\/v2\/product_tag?post=600668"}],"curies":[{"name":"wp","href":"https:\/\/api.w.org\/{rel}","templated":true}]}}