{"id":600423,"date":"2025-03-05T02:35:24","date_gmt":"2025-03-05T01:35:24","guid":{"rendered":"https:\/\/shop.kustom.ch\/?post_type=product&#038;p=600423"},"modified":"2026-03-31T08:42:35","modified_gmt":"2026-03-31T07:42:35","slug":"original-schnuersenkel-2","status":"publish","type":"product","link":"https:\/\/shop.kustom.ch\/en\/product\/original-schnuersenkel-2\/","title":{"rendered":"Original shoelaces"},"content":{"rendered":"<p>Bl\u00e5kl\u00e4der original laces, for use in Bl\u00e5kl\u00e4der winter boots. Length 160-180 cm. Recommended lengths for high-cut boots: Size 35-39: 160 cm. Size 40-44: 170 cm. Size 45-48: 180 cm.<\/p>\n<p>FABRIC: black. PACKAGING: Price\/pair<\/p>","protected":false},"excerpt":{"rendered":"<p>Bl\u00e5kl\u00e4der original Schn\u00fcrsenkel, f\u00fcr den Gebrauch in Bl\u00e5kl\u00e4der Winterstiefeln. L\u00e4nge 160-180 cm. Empfohlene L\u00e4ngen f\u00fcr hochgeschnittene Stiefel: Gr\u00f6sse 35-39: 160 cm. Gr\u00f6sse 40-44: 170 cm. Gr\u00f6sse 45-48: 180 cm. STOFF: schwarz. VERPACKUNG: Preis\/Paar<\/p>","protected":false},"featured_media":600455,"template":"","meta":[],"product_brand":[],"product_cat":[9643,4209],"product_tag":[],"class_list":{"0":"post-600423","1":"product","2":"type-product","3":"status-publish","4":"has-post-thumbnail","6":"product_cat-equipment","7":"product_cat-zubehoer","8":"pa_brand-blaklaeder","9":"pa_brand-type-workwear","10":"pa_filter-color-schwarz","12":"first","13":"instock","14":"sale","15":"taxable","16":"shipping-taxable","17":"purchasable","18":"product-type-variable","19":"add-to-wishlist-before_image"},"exclude_global_add_ons":[],"addons":[],"acf":[],"_links":{"self":[{"href":"https:\/\/shop.kustom.ch\/en\/wp-json\/wp\/v2\/product\/600423"}],"collection":[{"href":"https:\/\/shop.kustom.ch\/en\/wp-json\/wp\/v2\/product"}],"about":[{"href":"https:\/\/shop.kustom.ch\/en\/wp-json\/wp\/v2\/types\/product"}],"wp:featuredmedia":[{"embeddable":true,"href":"https:\/\/shop.kustom.ch\/en\/wp-json\/wp\/v2\/media\/600455"}],"wp:attachment":[{"href":"https:\/\/shop.kustom.ch\/en\/wp-json\/wp\/v2\/media?parent=600423"}],"wp:term":[{"taxonomy":"product_brand","embeddable":true,"href":"https:\/\/shop.kustom.ch\/en\/wp-json\/wp\/v2\/product_brand?post=600423"},{"taxonomy":"product_cat","embeddable":true,"href":"https:\/\/shop.kustom.ch\/en\/wp-json\/wp\/v2\/product_cat?post=600423"},{"taxonomy":"product_tag","embeddable":true,"href":"https:\/\/shop.kustom.ch\/en\/wp-json\/wp\/v2\/product_tag?post=600423"}],"curies":[{"name":"wp","href":"https:\/\/api.w.org\/{rel}","templated":true}]}}