{"id":600401,"date":"2025-03-05T02:34:49","date_gmt":"2025-03-05T01:34:49","guid":{"rendered":"https:\/\/shop.kustom.ch\/?post_type=product&#038;p=600401"},"modified":"2026-03-31T08:42:34","modified_gmt":"2026-03-31T07:42:34","slug":"original-schnuersenkel","status":"publish","type":"product","link":"https:\/\/shop.kustom.ch\/en\/product\/original-schnuersenkel\/","title":{"rendered":"Original shoelaces"},"content":{"rendered":"<p>Bl\u00e5kl\u00e4der original shoelaces, for use in Bl\u00e5kl\u00e4der safety shoes and safety boots. Length 100-160 cm. Recommended lengths for low-cut shoes: Size 35-39: 100 cm. Size 40-44: 105 cm. Size 46-48: 115 cm. Recommended lengths for mid-height boots: Size 35-39: 140 cm. Size 40-44: 150 cm. Size 45-48: 160 cm.<\/p>\n<p>FABRIC: black. PACKAGING: Price\/pair<\/p>","protected":false},"excerpt":{"rendered":"<p>Bl\u00e5kl\u00e4der original Schn\u00fcrsenkel, f\u00fcr den Gebrauch in Bl\u00e5kl\u00e4der Sicherheitsschuhen und Sicherheitsstiefeln. L\u00e4nge 100-160 cm. Empfohlene L\u00e4ngen f\u00fcr niedrig geschnittene Schuhe: Gr\u00f6sse 35-39: 100 cm. Gr\u00f6sse 40-44: 105 cm. Gr\u00f6sse 46-48: 115 cm. Empfohlene L\u00e4ngen f\u00fcr halbhohe Stiefel: Gr\u00f6sse 35-39: 140 cm. Gr\u00f6sse 40-44: 150 cm. Gr\u00f6sse 45-48: 160 cm. STOFF: schwarz. VERPACKUNG: Preis\/Paar<\/p>","protected":false},"featured_media":600454,"template":"","meta":[],"product_brand":[],"product_cat":[9643,4209],"product_tag":[],"class_list":{"0":"post-600401","1":"product","2":"type-product","3":"status-publish","4":"has-post-thumbnail","6":"product_cat-equipment","7":"product_cat-zubehoer","8":"pa_brand-blaklaeder","9":"pa_brand-type-workwear","10":"pa_filter-color-blau","11":"pa_filter-color-orange","12":"pa_filter-color-schwarz","14":"first","15":"instock","16":"sale","17":"taxable","18":"shipping-taxable","19":"purchasable","20":"product-type-variable","21":"add-to-wishlist-before_image"},"exclude_global_add_ons":[],"addons":[],"acf":[],"_links":{"self":[{"href":"https:\/\/shop.kustom.ch\/en\/wp-json\/wp\/v2\/product\/600401"}],"collection":[{"href":"https:\/\/shop.kustom.ch\/en\/wp-json\/wp\/v2\/product"}],"about":[{"href":"https:\/\/shop.kustom.ch\/en\/wp-json\/wp\/v2\/types\/product"}],"wp:featuredmedia":[{"embeddable":true,"href":"https:\/\/shop.kustom.ch\/en\/wp-json\/wp\/v2\/media\/600454"}],"wp:attachment":[{"href":"https:\/\/shop.kustom.ch\/en\/wp-json\/wp\/v2\/media?parent=600401"}],"wp:term":[{"taxonomy":"product_brand","embeddable":true,"href":"https:\/\/shop.kustom.ch\/en\/wp-json\/wp\/v2\/product_brand?post=600401"},{"taxonomy":"product_cat","embeddable":true,"href":"https:\/\/shop.kustom.ch\/en\/wp-json\/wp\/v2\/product_cat?post=600401"},{"taxonomy":"product_tag","embeddable":true,"href":"https:\/\/shop.kustom.ch\/en\/wp-json\/wp\/v2\/product_tag?post=600401"}],"curies":[{"name":"wp","href":"https:\/\/api.w.org\/{rel}","templated":true}]}}