{"id":600364,"date":"2025-03-05T02:34:41","date_gmt":"2025-03-05T01:34:41","guid":{"rendered":"https:\/\/shop.kustom.ch\/?post_type=product&#038;p=600364"},"modified":"2026-03-31T08:40:22","modified_gmt":"2026-03-31T07:40:22","slug":"lose-nageltaschen-2","status":"publish","type":"product","link":"https:\/\/shop.kustom.ch\/en\/product\/lose-nageltaschen-2\/","title":{"rendered":"Loose nail pockets"},"content":{"rendered":"<p>Removable nail pockets, double reinforced at the bottom with CORDURA\u00ae for increased safety and durability. Available separately, suitable for models 6720, 1877, 6725 and 1875. Size S\/M fits XXS-M, C44-C50, D21-D24 or women's sizes C34-C40, D18-D19. Size L\/XL fits L-5XL, C52-C68, D25-D34 or women's sizes C42-C56, D20-D25.<\/p>\n<p>FUNCTIONALITY: Fastens with zip and press stud. SIZE RULES: Model 6720, 1877, 6725 and 1875. size S\/M fits XXS-M, C44-C50, D21-D24 and women's sizes C34-C40, D18-D19. size L\/XL fits L-5XL, C52-C68, D25-D34 and women's sizes C42-C56, D20-D25. . MAIN FEATURES: Unisex. FABRIC: blue. Detachable nail pockets. CRAFT. POCKETS: Nail pockets - removable and extra wide, with tool loops and additional tool compartments. WASHING INSTRUCTIONS: Do not bleach. PACKAGING: Supplied in pairs. REINFORCEMENT: CORDURA\u00ae-reinforced nail pockets<\/p>\n<p>100% Polyamide, CORDURA\u00ae<\/p>","protected":false},"excerpt":{"rendered":"<p>Abnehmbare Nageltaschen, unten doppelt verst\u00e4rkt mit CORDURA\u00ae f\u00fcr h\u00f6here Sicherheit und Haltbarkeit. Separat erh\u00e4ltlich, passend f\u00fcr die Modelle 6720, 1877, 6725 und 1875. Gr\u00f6sse S\/M passt zu XXS-M, C44-C50, D21-D24 oder zu den Damengr\u00f6ssen C34-C40, D18-D19. Gr\u00f6sse L\/XL passt zu L-5XL, C52-C68, D25-D34 oder zu den Damengr\u00f6ssen C42-C56, D20-D25. FUNKTIONALIT\u00c4T: Mit Reissverschluss und Druckknopf zu [&hellip;]<\/p>\n","protected":false},"featured_media":600409,"template":"","meta":[],"product_brand":[],"product_cat":[9643,4209],"product_tag":[],"class_list":{"0":"post-600364","1":"product","2":"type-product","3":"status-publish","4":"has-post-thumbnail","6":"product_cat-equipment","7":"product_cat-zubehoer","8":"pa_brand-blaklaeder","9":"pa_brand-type-workwear","10":"pa_filter-color-blau","11":"pa_filter-color-schwarz","13":"first","14":"instock","15":"sale","16":"taxable","17":"shipping-taxable","18":"purchasable","19":"product-type-variable","20":"add-to-wishlist-before_image"},"exclude_global_add_ons":[],"addons":[],"acf":[],"_links":{"self":[{"href":"https:\/\/shop.kustom.ch\/en\/wp-json\/wp\/v2\/product\/600364"}],"collection":[{"href":"https:\/\/shop.kustom.ch\/en\/wp-json\/wp\/v2\/product"}],"about":[{"href":"https:\/\/shop.kustom.ch\/en\/wp-json\/wp\/v2\/types\/product"}],"wp:featuredmedia":[{"embeddable":true,"href":"https:\/\/shop.kustom.ch\/en\/wp-json\/wp\/v2\/media\/600409"}],"wp:attachment":[{"href":"https:\/\/shop.kustom.ch\/en\/wp-json\/wp\/v2\/media?parent=600364"}],"wp:term":[{"taxonomy":"product_brand","embeddable":true,"href":"https:\/\/shop.kustom.ch\/en\/wp-json\/wp\/v2\/product_brand?post=600364"},{"taxonomy":"product_cat","embeddable":true,"href":"https:\/\/shop.kustom.ch\/en\/wp-json\/wp\/v2\/product_cat?post=600364"},{"taxonomy":"product_tag","embeddable":true,"href":"https:\/\/shop.kustom.ch\/en\/wp-json\/wp\/v2\/product_tag?post=600364"}],"curies":[{"name":"wp","href":"https:\/\/api.w.org\/{rel}","templated":true}]}}