{"id":600356,"date":"2025-03-05T02:34:39","date_gmt":"2025-03-05T01:34:39","guid":{"rendered":"https:\/\/shop.kustom.ch\/?post_type=product&#038;p=600356"},"modified":"2026-03-31T08:35:42","modified_gmt":"2026-03-31T07:35:42","slug":"high-vis-arbeitshose-softshell","status":"publish","type":"product","link":"https:\/\/shop.kustom.ch\/en\/product\/high-vis-arbeitshose-softshell\/","title":{"rendered":"High Vis Softshell work trousers"},"content":{"rendered":"<p>Class 1 autumn and winter work trousers made from 100% stretch softshell. The material makes the trousers extremely soft, comfortable and supple. The material is waterproof, windproof and has excellent breathability. The trousers have advanced details and practical pockets with CORDURA\u00ae reinforcement, a leg pocket with bellows, a folding rule pocket, detachable holster pockets with zips, pockets with bellows on the back and practical tool holders, such as a loop for holding a hammer. The knee pad pockets are reinforced on the outside with CORDURA\u00ae stretch. Leg cuffs with CORDURA\u00ae reinforcement for effective protection against wear and tear. The best choice for working in harsh weather conditions. Also available as ladies' model 7114.<\/p>\n<p>CLOSURE: Cuff with press stud. DETAILS: Detachable ID card pocket. Metal buttons. Knife holder with button. Inside leg seam with triple stitching. Plastic zip at the crotch. Two loops on the sides with a button for hammer holder. High waistband at the back. FUNCTIONALITY: Wind &amp; waterproof, unsealed seams, breathable. Regular fit. MAIN PROPERTIES: Road and construction workers. RIS-3279-TOM . REFLEX: Reflective material around the legs. FABRIC: Available for men and women. blue. water-repellent. High visibility. POCKETS: Leg pocket with bellows and flap with Velcro fastening and inside mesh mobile phone pocket. Back pockets reinforced with bellows. Knee pad pockets. Nail pockets - removable and extra wide, with tool loops and additional tool compartments. Side pockets. Reinforced folding rule pocket with knife holder and pen pocket. WASHING INSTRUCTIONS: Number of washes: 25, do not bleach. REINFORCEMENT: Cordura\u00ae stretch-reinforced knee pad pockets. CERTIFICATION: EN 14404:2004+A1:2010 together with knee pads 4027, 4057, 4058 and 4032. EN ISO 20471, class 1<\/p>\n<p>92% polyester, 8% elastane, 3-layer softshell, waterproof 11,000 mm, windproof, breathable Ret 20.0, stretch, 255 g\/m\u00b2<\/p>","protected":false},"excerpt":{"rendered":"<p>Herbst- und Winter Arbeitshose der Klasse 1 aus 100% dehnbarem Softshell. Das Material macht die Hose extrem weich, bequem und geschmeidig. Das Material ist wasserdicht, winddicht und hat eine ausgezeichnete Atmungsaktivit\u00e4t. Die Hose verf\u00fcgt \u00fcber fortschrittliche Details und praktische Taschen mit CORDURA\u00ae-Verst\u00e4rkung, eine Beintasche mit Balg, eine Zollstocktasche, abnehmbare Holstertaschen mit Reissverschl\u00fcssen, Taschen mit Balg [&hellip;]<\/p>\n","protected":false},"featured_media":530291,"template":"","meta":[],"product_brand":[],"product_cat":[4185],"product_tag":[],"class_list":{"0":"post-600356","1":"product","2":"type-product","3":"status-publish","4":"has-post-thumbnail","6":"product_cat-hosen","7":"pa_brand-blaklaeder","8":"pa_brand-type-workwear","9":"pa_filter-color-blau","10":"pa_filter-color-gelb","11":"pa_filter-color-orange","12":"pa_filter-color-rot","13":"pa_filter-color-schwarz","15":"first","16":"instock","17":"sale","18":"taxable","19":"shipping-taxable","20":"purchasable","21":"product-type-variable","22":"add-to-wishlist-before_image"},"exclude_global_add_ons":[],"addons":[],"acf":[],"_links":{"self":[{"href":"https:\/\/shop.kustom.ch\/en\/wp-json\/wp\/v2\/product\/600356"}],"collection":[{"href":"https:\/\/shop.kustom.ch\/en\/wp-json\/wp\/v2\/product"}],"about":[{"href":"https:\/\/shop.kustom.ch\/en\/wp-json\/wp\/v2\/types\/product"}],"wp:featuredmedia":[{"embeddable":true,"href":"https:\/\/shop.kustom.ch\/en\/wp-json\/wp\/v2\/media\/530291"}],"wp:attachment":[{"href":"https:\/\/shop.kustom.ch\/en\/wp-json\/wp\/v2\/media?parent=600356"}],"wp:term":[{"taxonomy":"product_brand","embeddable":true,"href":"https:\/\/shop.kustom.ch\/en\/wp-json\/wp\/v2\/product_brand?post=600356"},{"taxonomy":"product_cat","embeddable":true,"href":"https:\/\/shop.kustom.ch\/en\/wp-json\/wp\/v2\/product_cat?post=600356"},{"taxonomy":"product_tag","embeddable":true,"href":"https:\/\/shop.kustom.ch\/en\/wp-json\/wp\/v2\/product_tag?post=600356"}],"curies":[{"name":"wp","href":"https:\/\/api.w.org\/{rel}","templated":true}]}}