{"id":600212,"date":"2025-03-05T02:32:53","date_gmt":"2025-03-05T01:32:53","guid":{"rendered":"https:\/\/shop.kustom.ch\/?post_type=product&#038;p=600212"},"modified":"2026-03-31T08:35:30","modified_gmt":"2026-03-31T07:35:30","slug":"multinorm-winter-latzhose","status":"publish","type":"product","link":"https:\/\/shop.kustom.ch\/en\/product\/multinorm-winter-latzhose\/","title":{"rendered":"Multinorm winter dungarees"},"content":{"rendered":"<p>These metal-free, flame-retardant dungarees in High Vis Class 2 provide real protection against the cold, wind and rain in winter. For extra strength and protection, the dungarees are reinforced on the outer knee pad pockets and on the back of the leg ends. Adjustable width, cut reflective tape for better visibility, adjustable foot width and dark-coloured fabric in dirt-prone areas. The braces are adjustable and detachable. The dungarees have belt loops at the waist and a zip up to the knee as well as a leg pocket, a ruler pocket and hand-warming pockets. These oil, dirt and water-repellent dungarees can take on anything! Certified according to IEC 61482-2: APC 2, ELIM 33 cal\/cm\u00b2 and ATPV 39 cal\/cm\u00b2. EN 1149, EN ISO 11612, EN ISO 11611, EN 13034, EN ISO 20471 and EN 14404. EN 343 4\/1 - water column rating: 12,000 mm. EN 342 together with model 4517, 4917, 4527 - CLO value 2.19, Icler 0.334 m\u00b2 K\/W.<\/p>\n<p>CLOSURE: Leg cuffs with detachable snow guard. DETAILS: Detachable ID card pocket for flame-retardant clothing. External certification labels. Adjustable and detachable braces with elasticated drawstring. Plastic press studs. Taped seams. Plastic zip at the crotch. Loops. Snow skirt with Velcro fastening and button. High waistband at the back. FUNCTIONALITY: Oil, dirt and water repellent. MAIN PROPERTIES: Craftsman. EN 14004. REFLEX: Interrupted flame-retardant transfer reflective stripes. FABRIC: Men's. High-vis yellow. Metal-free. Flame retardant. POCKETS: Leg pocket with bellows and flap, with Velcro fastening and mobile phone pocket inside. External knee pad pockets. Front pocket with fleece lining and flap. Reinforced folding rule pocket with knife holder and pen pocket. WASHING INSTRUCTIONS: Do not bleach. CERTIFICATION: EN 1149-5. EN 13034 PB (6). EN 14404:2004+A1:2010 together with knee pads 4027 and 4057. Certified according to EN 342 together with articles 4517, 4527, 4917. EN 343, class 4.1. ELIM - 33 cal\/cm\u00b2. EN ISO 11611, class 1 A1+A2. EN ISO 11612 A1, A2, C1, E3, F1. EN ISO 20471, class 2<\/p>\n<p>44% modacrylic, 30% cotton, 20% polyamide, 5% aramid, 1% antistatic, ripstop, flame-retardant, antistatic, coated, waterproof 12000 mm, windproof, breathable Ret 8.15, 290 g\/m\u00b2<\/p>","protected":false},"excerpt":{"rendered":"<p>Diese metallfreie, schwer entflammbare Latzhose in High Vis Klasse 2 ist ein echter Schutz vor K\u00e4lte, Wind und Regen im Winter. F\u00fcr zus\u00e4tzliche Festigkeit und Schutz ist die Latzhose an den \u00e4usseren Kniepolstertaschen und an der R\u00fcckseite des Beinabschlusses verst\u00e4rkt. Verstellbare Weite, geschnittenes Reflektorband f\u00fcr bessere Sichtbarkeit, verstellbare Fussweite und dunkler Stoff an schmutzanf\u00e4lligen Stellen. [&hellip;]<\/p>\n","protected":false},"featured_media":600259,"template":"","meta":[],"product_brand":[],"product_cat":[4185],"product_tag":[],"class_list":{"0":"post-600212","1":"product","2":"type-product","3":"status-publish","4":"has-post-thumbnail","6":"product_cat-hosen","7":"pa_brand-blaklaeder","8":"pa_brand-type-workwear","9":"pa_filter-color-blau","10":"pa_filter-color-gelb","12":"first","13":"instock","14":"sale","15":"taxable","16":"shipping-taxable","17":"purchasable","18":"product-type-variable","19":"add-to-wishlist-before_image"},"exclude_global_add_ons":[],"addons":[],"acf":[],"_links":{"self":[{"href":"https:\/\/shop.kustom.ch\/en\/wp-json\/wp\/v2\/product\/600212"}],"collection":[{"href":"https:\/\/shop.kustom.ch\/en\/wp-json\/wp\/v2\/product"}],"about":[{"href":"https:\/\/shop.kustom.ch\/en\/wp-json\/wp\/v2\/types\/product"}],"wp:featuredmedia":[{"embeddable":true,"href":"https:\/\/shop.kustom.ch\/en\/wp-json\/wp\/v2\/media\/600259"}],"wp:attachment":[{"href":"https:\/\/shop.kustom.ch\/en\/wp-json\/wp\/v2\/media?parent=600212"}],"wp:term":[{"taxonomy":"product_brand","embeddable":true,"href":"https:\/\/shop.kustom.ch\/en\/wp-json\/wp\/v2\/product_brand?post=600212"},{"taxonomy":"product_cat","embeddable":true,"href":"https:\/\/shop.kustom.ch\/en\/wp-json\/wp\/v2\/product_cat?post=600212"},{"taxonomy":"product_tag","embeddable":true,"href":"https:\/\/shop.kustom.ch\/en\/wp-json\/wp\/v2\/product_tag?post=600212"}],"curies":[{"name":"wp","href":"https:\/\/api.w.org\/{rel}","templated":true}]}}