{"id":600117,"date":"2025-03-05T02:31:33","date_gmt":"2025-03-05T01:31:33","guid":{"rendered":"https:\/\/shop.kustom.ch\/?post_type=product&#038;p=600117"},"modified":"2026-03-31T08:35:17","modified_gmt":"2026-03-31T07:35:17","slug":"handwerker-shorts-mit-stretch","status":"publish","type":"product","link":"https:\/\/shop.kustom.ch\/en\/product\/handwerker-shorts-mit-stretch\/","title":{"rendered":"Craftsman shorts with stretch"},"content":{"rendered":"<p>A shorts version of the 1799 craftsman trousers, with amazing 4-way stretch at the front and yoke and 2-way stretch at the crotch. If you want to work freely and focussed, these craftsman shorts are the right garment for you.<\/p>\n<p>DETAILS: Detachable ID card pocket. Metal buttons. Knife holder with button. Inside leg seam with triple stitching. Plastic zip at the crotch. Wide belt loops at the back and sides. D-ring on the waistband. FUNCTIONALITY: Stretch inserts at the front, over the seat, on the front pockets and at the crotch. MAIN PROPERTIES: Gardener. Men's. REFLEX: Reflective detail on the leg pocket. FABRIC: Men. blue. Stretch insert. Craft. POCKETS: Leg pocket with bellows, pen pocket, flexible mobile phone pocket and two large pockets - one with zip and detachable ID card pocket. Back pockets with bellows. Inset pocket with stretch insert. Reinforced ruler pocket with knife holder and pen pocket. WASHING INSTRUCTIONS: Do not dry clean. REINFORCEMENT: CORDURA\u00ae reinforcement on the back pockets<\/p>\n<p>65% polyester, 35% cotton, twill, 300g\/m\u00b2<\/p>","protected":false},"excerpt":{"rendered":"<p>Eine Shorts-Version der Handwerkerhose 1799, mit erstaunlichem 4-Wege-Stretch an der Vorderseite und Passe sowie 2-Wege-Stretch im Schritt. Wenn Sie frei und konzentriert arbeiten wollen, ist diese Handwerker Shorts das richtige Kleidungsst\u00fcck f\u00fcr Sie. DETAILS: Abnehmbare Ausweistasche. Metallkn\u00f6pfe. Messerhalter mit Knopf. Innenbeinnaht mit 3-fach-Naht. Kunststoff-Reissverschluss im Schritt. Breite G\u00fcrtelschlaufen hinten und an den Seiten. D-Ring am [&hellip;]<\/p>\n","protected":false},"featured_media":600141,"template":"","meta":[],"product_brand":[],"product_cat":[4198],"product_tag":[],"class_list":{"0":"post-600117","1":"product","2":"type-product","3":"status-publish","4":"has-post-thumbnail","6":"product_cat-shorts","7":"pa_brand-blaklaeder","8":"pa_brand-type-workwear","9":"pa_filter-color-blau","10":"pa_filter-color-grau","11":"pa_filter-color-schwarz","13":"first","14":"instock","15":"sale","16":"taxable","17":"shipping-taxable","18":"purchasable","19":"product-type-variable","20":"add-to-wishlist-before_image"},"exclude_global_add_ons":[],"addons":[],"acf":[],"_links":{"self":[{"href":"https:\/\/shop.kustom.ch\/en\/wp-json\/wp\/v2\/product\/600117"}],"collection":[{"href":"https:\/\/shop.kustom.ch\/en\/wp-json\/wp\/v2\/product"}],"about":[{"href":"https:\/\/shop.kustom.ch\/en\/wp-json\/wp\/v2\/types\/product"}],"wp:featuredmedia":[{"embeddable":true,"href":"https:\/\/shop.kustom.ch\/en\/wp-json\/wp\/v2\/media\/600141"}],"wp:attachment":[{"href":"https:\/\/shop.kustom.ch\/en\/wp-json\/wp\/v2\/media?parent=600117"}],"wp:term":[{"taxonomy":"product_brand","embeddable":true,"href":"https:\/\/shop.kustom.ch\/en\/wp-json\/wp\/v2\/product_brand?post=600117"},{"taxonomy":"product_cat","embeddable":true,"href":"https:\/\/shop.kustom.ch\/en\/wp-json\/wp\/v2\/product_cat?post=600117"},{"taxonomy":"product_tag","embeddable":true,"href":"https:\/\/shop.kustom.ch\/en\/wp-json\/wp\/v2\/product_tag?post=600117"}],"curies":[{"name":"wp","href":"https:\/\/api.w.org\/{rel}","templated":true}]}}