{"id":599582,"date":"2025-03-05T02:23:44","date_gmt":"2025-03-05T01:23:44","guid":{"rendered":"https:\/\/shop.kustom.ch\/?post_type=product&#038;p=599582"},"modified":"2026-03-31T09:09:21","modified_gmt":"2026-03-31T08:09:21","slug":"handwerker-umstandshose-zip-off","status":"publish","type":"product","link":"https:\/\/shop.kustom.ch\/en\/product\/handwerker-umstandshose-zip-off\/","title":{"rendered":"Craftsman maternity zip-off trousers"},"content":{"rendered":"<p>The revolutionary maternity trousers from Bl\u00e5kl\u00e4der in a craftsman model. These soft, comfortable and durable craftsman trousers are designed to make physical labour easier for as long as possible during pregnancy. The scratch-free trousers in 2-way stretch have a zip fastening, which means you can remove the parts above the knees, giving you both long and short trousers in one garment. They have hanging pockets, a ruler pocket and 4-way stretch fabric on the waist and lower back.<\/p>\n<p>CLOSURE: Extension option at the leg hem. DETAILS: D-ring. High waistband at the back. FUNCTIONALITY: 2-way stretch. Women's size. MAIN FEATURES: Mechanic. EN 14004. REFLEX: Reflective details on the leg. FABRIC: Ladies. black. Non-scratch. Craftsmanship. POCKETS: Leg pocket with bellows and flap with Velcro fastening and inside mesh mobile phone pocket. Inside mobile phone pocket. Knee pad pockets. Nail pockets. Side pockets. Folding rule pocket. WASHING INSTRUCTIONS: Do not dry clean. REINFORCEMENT: Cordura\u00ae stretch reinforced knee pad pockets. CERTIFICATION: EN 14404:2004+A1:2010 together with knee pad 4027, 4057, 4058 and 4032<\/p>\n<p>98% cotton, 2% elastolefin, canvas, 285 g\/m\u00b2<\/p>","protected":false},"excerpt":{"rendered":"<p>Die revolution\u00e4re Umstandshose von Bl\u00e5kl\u00e4der in einem Handwerksmodell. Diese weiche, bequeme und strapazierf\u00e4hige Handwerkerhose soll k\u00f6rperliche Arbeit w\u00e4hrend der Schwangerschaft so lange wie m\u00f6glich erleichtern. Die kratzfreie Hose aus 2-Wege-Stretch hat einen Reissverschluss, d.h. Sie k\u00f6nnen die Teile \u00fcber den Knien abnehmen, so dass Sie sowohl eine lange als auch eine kurze Hose in einem [&hellip;]<\/p>\n","protected":false},"featured_media":530735,"template":"","meta":[],"product_brand":[],"product_cat":[4185],"product_tag":[],"class_list":{"0":"post-599582","1":"product","2":"type-product","3":"status-publish","4":"has-post-thumbnail","6":"product_cat-hosen","7":"pa_brand-blaklaeder","8":"pa_brand-type-workwear","9":"pa_filter-color-schwarz","11":"first","12":"instock","13":"sale","14":"taxable","15":"shipping-taxable","16":"purchasable","17":"product-type-variable","18":"add-to-wishlist-before_image"},"exclude_global_add_ons":[],"addons":[],"acf":[],"_links":{"self":[{"href":"https:\/\/shop.kustom.ch\/en\/wp-json\/wp\/v2\/product\/599582"}],"collection":[{"href":"https:\/\/shop.kustom.ch\/en\/wp-json\/wp\/v2\/product"}],"about":[{"href":"https:\/\/shop.kustom.ch\/en\/wp-json\/wp\/v2\/types\/product"}],"wp:featuredmedia":[{"embeddable":true,"href":"https:\/\/shop.kustom.ch\/en\/wp-json\/wp\/v2\/media\/530735"}],"wp:attachment":[{"href":"https:\/\/shop.kustom.ch\/en\/wp-json\/wp\/v2\/media?parent=599582"}],"wp:term":[{"taxonomy":"product_brand","embeddable":true,"href":"https:\/\/shop.kustom.ch\/en\/wp-json\/wp\/v2\/product_brand?post=599582"},{"taxonomy":"product_cat","embeddable":true,"href":"https:\/\/shop.kustom.ch\/en\/wp-json\/wp\/v2\/product_cat?post=599582"},{"taxonomy":"product_tag","embeddable":true,"href":"https:\/\/shop.kustom.ch\/en\/wp-json\/wp\/v2\/product_tag?post=599582"}],"curies":[{"name":"wp","href":"https:\/\/api.w.org\/{rel}","templated":true}]}}