{"id":599529,"date":"2025-03-05T02:23:03","date_gmt":"2025-03-05T01:23:03","guid":{"rendered":"https:\/\/shop.kustom.ch\/?post_type=product&#038;p=599529"},"modified":"2026-03-31T09:03:00","modified_gmt":"2026-03-31T08:03:00","slug":"damen-fleecejacke","status":"publish","type":"product","link":"https:\/\/shop.kustom.ch\/en\/product\/damen-fleecejacke\/","title":{"rendered":"Ladies fleece jacket"},"content":{"rendered":"<p>The fleece jacket with a women's fit is ideal as a second layer. The grid fleece material is stretchy, comfortable and very flexible. The jacket has a close fit and mesh in the armpits for better ventilation. Also available as men's model 4735.<\/p>\n<p>CLOSURE: Cuffs with thumb opening. DETAILS: High collar. Bl\u00e5kl\u00e4der embroidery on the back. FRONT CLOSURE: Wind flap inside. FUNCTIONALITY: Mesh insert at armhole. Slim fit. MAIN FEATURES: Driver. Available for men and women. FABRIC: Available for men and women. blue. Wind \/ wet \/ cold. POCKETS: Front pockets, one with D-ring. WASHING INSTRUCTIONS: 40\u00b0 C<\/p>\n<p>95% polyester, 5% elastane, grid fleece, 265g\/m\u00b2<\/p>","protected":false},"excerpt":{"rendered":"<p>Die Fleecejacke mit Damenpassform eignet sich gut als zweite Schicht. Das Grid-Fleece-Material ist dehnbar, bequem und sehr flexibel. Die Jacke hat eine k\u00f6rpernahe Passform und Mesh in den Achselh\u00f6hlen f\u00fcr bessere Bel\u00fcftung. Auch als Herrenmodell 4735 erh\u00e4ltlich. ABSCHLUSS: \u00c4rmelb\u00fcndchen mit Daumen\u00f6ffnung. DETAILS: Hoher Kragen. Bl\u00e5kl\u00e4der-Stick hinten. FRONTVERSCHLUSS: Windleiste innen. FUNKTIONALIT\u00c4T: Mesh-Einsatz am Armausschnitt. Slim Fit. [&hellip;]<\/p>\n","protected":false},"featured_media":599590,"template":"","meta":[],"product_brand":[],"product_cat":[4184],"product_tag":[],"class_list":{"0":"post-599529","1":"product","2":"type-product","3":"status-publish","4":"has-post-thumbnail","6":"product_cat-hoodies-pullover","7":"pa_brand-blaklaeder","8":"pa_brand-type-workwear","9":"pa_filter-color-blau","10":"pa_filter-color-schwarz","12":"first","13":"instock","14":"sale","15":"taxable","16":"shipping-taxable","17":"purchasable","18":"product-type-variable","19":"add-to-wishlist-before_image"},"exclude_global_add_ons":[],"addons":[],"acf":[],"_links":{"self":[{"href":"https:\/\/shop.kustom.ch\/en\/wp-json\/wp\/v2\/product\/599529"}],"collection":[{"href":"https:\/\/shop.kustom.ch\/en\/wp-json\/wp\/v2\/product"}],"about":[{"href":"https:\/\/shop.kustom.ch\/en\/wp-json\/wp\/v2\/types\/product"}],"wp:featuredmedia":[{"embeddable":true,"href":"https:\/\/shop.kustom.ch\/en\/wp-json\/wp\/v2\/media\/599590"}],"wp:attachment":[{"href":"https:\/\/shop.kustom.ch\/en\/wp-json\/wp\/v2\/media?parent=599529"}],"wp:term":[{"taxonomy":"product_brand","embeddable":true,"href":"https:\/\/shop.kustom.ch\/en\/wp-json\/wp\/v2\/product_brand?post=599529"},{"taxonomy":"product_cat","embeddable":true,"href":"https:\/\/shop.kustom.ch\/en\/wp-json\/wp\/v2\/product_cat?post=599529"},{"taxonomy":"product_tag","embeddable":true,"href":"https:\/\/shop.kustom.ch\/en\/wp-json\/wp\/v2\/product_tag?post=599529"}],"curies":[{"name":"wp","href":"https:\/\/api.w.org\/{rel}","templated":true}]}}