{"id":599423,"date":"2025-03-05T02:21:16","date_gmt":"2025-03-05T01:21:16","guid":{"rendered":"https:\/\/shop.kustom.ch\/?post_type=product&#038;p=599423"},"modified":"2026-03-31T09:00:36","modified_gmt":"2026-03-31T08:00:36","slug":"damen-industriejacke-stretch","status":"publish","type":"product","link":"https:\/\/shop.kustom.ch\/en\/product\/damen-industriejacke-stretch\/","title":{"rendered":"Ladies industrial jacket stretch"},"content":{"rendered":"<p>This women's fit jacket is part of Bl\u00e5kl\u00e4der's stretch industrial collection. The scratch-free jacket is suitable for industrial laundering and is made entirely of comfortable and flexible 2-way stretch for added comfort and freedom of movement. The jacket has tasteful reflective details that make you visible when needed. Also available as a men's model 4444.<\/p>\n<p>FINISH: Adjustable cuffs with concealed metal buttons. DETAILS: D-ring. Metal press studs. Stand-up collar. Adjustable waist. FRONT CLOSURE: Front closure with concealed metal press studs. FUNCTIONALITY: Scratch-free. Pre-shaped sleeves. MAIN FEATURES: Craftsman. REFLEX: Reflective material on the back. FABRIC: Women's. Stretch. Stretch. POCKETS: Chest pockets with bellows and flap. Inside pocket with hidden zip pocket. Sleeve pocket with pen pocket. WASHING INSTRUCTIONS: Do not dry clean. LAUNDRY: Industrial laundry EN ISO 15797<\/p>\n<p>63% polyester, 33% cotton, 4% Elastofin, twill, stretch, 260 g\/m\u00b2<\/p>","protected":false},"excerpt":{"rendered":"<p>Diese Jacke in Damenpassform ist Teil der Industriekollektion aus Stretch von Bl\u00e5kl\u00e4der. Die kratzfreie Jacke ist f\u00fcr die industrielle W\u00e4sche geeignet und besteht vollst\u00e4ndig aus bequemem und flexiblem 2-Wege-Stretch f\u00fcr mehr Komfort und Bewegungsfreiheit. Die Jacke hat geschmackvolle reflektierende Details, die Sie bei Bedarf sichtbar machen. Auch als Herrenmodell 4444 erh\u00e4ltlich. ABSCHLUSS: Verstellbarer Armabschluss mit [&hellip;]<\/p>\n","protected":false},"featured_media":599479,"template":"","meta":[],"product_brand":[],"product_cat":[4186],"product_tag":[],"class_list":{"0":"post-599423","1":"product","2":"type-product","3":"status-publish","4":"has-post-thumbnail","6":"product_cat-jacken","7":"pa_brand-blaklaeder","8":"pa_brand-type-workwear","9":"pa_filter-color-blau","10":"pa_filter-color-gelb","11":"pa_filter-color-grau","12":"pa_filter-color-rot","13":"pa_filter-color-schwarz","15":"first","16":"instock","17":"sale","18":"taxable","19":"shipping-taxable","20":"purchasable","21":"product-type-variable","22":"add-to-wishlist-before_image"},"exclude_global_add_ons":[],"addons":[],"acf":[],"_links":{"self":[{"href":"https:\/\/shop.kustom.ch\/en\/wp-json\/wp\/v2\/product\/599423"}],"collection":[{"href":"https:\/\/shop.kustom.ch\/en\/wp-json\/wp\/v2\/product"}],"about":[{"href":"https:\/\/shop.kustom.ch\/en\/wp-json\/wp\/v2\/types\/product"}],"wp:featuredmedia":[{"embeddable":true,"href":"https:\/\/shop.kustom.ch\/en\/wp-json\/wp\/v2\/media\/599479"}],"wp:attachment":[{"href":"https:\/\/shop.kustom.ch\/en\/wp-json\/wp\/v2\/media?parent=599423"}],"wp:term":[{"taxonomy":"product_brand","embeddable":true,"href":"https:\/\/shop.kustom.ch\/en\/wp-json\/wp\/v2\/product_brand?post=599423"},{"taxonomy":"product_cat","embeddable":true,"href":"https:\/\/shop.kustom.ch\/en\/wp-json\/wp\/v2\/product_cat?post=599423"},{"taxonomy":"product_tag","embeddable":true,"href":"https:\/\/shop.kustom.ch\/en\/wp-json\/wp\/v2\/product_tag?post=599423"}],"curies":[{"name":"wp","href":"https:\/\/api.w.org\/{rel}","templated":true}]}}