{"id":599392,"date":"2025-03-05T02:21:10","date_gmt":"2025-03-05T01:21:10","guid":{"rendered":"https:\/\/shop.kustom.ch\/?post_type=product&#038;p=599392"},"modified":"2026-03-31T09:00:02","modified_gmt":"2026-03-31T08:00:02","slug":"leichte-gefuetterte-damen-winterjacke-stretch","status":"publish","type":"product","link":"https:\/\/shop.kustom.ch\/en\/product\/leichte-gefuetterte-damen-winterjacke-stretch\/","title":{"rendered":"Lightweight, lined stretch ladies winter jacket"},"content":{"rendered":"<p>Winter jacket lined with air mesh, perfect for colder winter conditions. It is wind and waterproof with excellent breathability and has taped seams. The jacket has a women's fit and is made from incredibly comfortable and soft 4-way stretch fabric. Also available as men's model 4484.<\/p>\n<p>CLOSURE: Extended back. Inner cuffs with thumb hole. DETAILS: zip in the lining for easy textile finishing. Detachable hood with mesh lining. FRONT CLOSURE: Two-way plastic zip. FUNCTIONALITY: Windproof &amp; waterproof material with breathability, taped seams. MAIN FEATURES: Floor layer. REFLEX: Reflective material on the sleeves. FABRIC: Ladies. Stretch. Unite. POCKETS: Chest pocket with zip. Front pockets with zips. WASHING INSTRUCTIONS: Do not spin. CERTIFICATION: EN 342 together with Art. 1810. EN 343, Class 4.1. Not High Vis certified<\/p>\n<p>83% polyamide, 17% spandex, laminated, waterproof 15000 mm, windproof, breathable Ret 11.3, stretch, 170 g\/m\u00b2<\/p>","protected":false},"excerpt":{"rendered":"<p>Mit Air-Mesh gef\u00fctterte Winterjacke, die sich perfekt f\u00fcr k\u00e4ltere Winterbedingungen eignet. Sie ist wind- und wasserdicht mit hervorragender Atmungsaktivit\u00e4t und hat versiegelte N\u00e4hte. Die Jacke in Damenpassform ist aus unglaublich komfortablem und weichem 4-Wege-Stretch gefertigt. Auch als Herrenmodell 4484 erh\u00e4ltlich. ABSCHLUSS: Verl\u00e4ngerter R\u00fccken. Innenb\u00fcndchen mit Daumenloch. DETAILS: Reissverschluss im Futter, f\u00fcr einfache Textilveredelung. Abnehmbare Kapuze [&hellip;]<\/p>\n","protected":false},"featured_media":599449,"template":"","meta":[],"product_brand":[],"product_cat":[4186],"product_tag":[],"class_list":{"0":"post-599392","1":"product","2":"type-product","3":"status-publish","4":"has-post-thumbnail","6":"product_cat-jacken","7":"pa_brand-blaklaeder","8":"pa_brand-type-workwear","9":"pa_filter-color-blau","10":"pa_filter-color-gelb","11":"pa_filter-color-rot","12":"pa_filter-color-schwarz","14":"first","15":"instock","16":"sale","17":"taxable","18":"shipping-taxable","19":"purchasable","20":"product-type-variable","21":"add-to-wishlist-before_image"},"exclude_global_add_ons":[],"addons":[],"acf":[],"_links":{"self":[{"href":"https:\/\/shop.kustom.ch\/en\/wp-json\/wp\/v2\/product\/599392"}],"collection":[{"href":"https:\/\/shop.kustom.ch\/en\/wp-json\/wp\/v2\/product"}],"about":[{"href":"https:\/\/shop.kustom.ch\/en\/wp-json\/wp\/v2\/types\/product"}],"wp:featuredmedia":[{"embeddable":true,"href":"https:\/\/shop.kustom.ch\/en\/wp-json\/wp\/v2\/media\/599449"}],"wp:attachment":[{"href":"https:\/\/shop.kustom.ch\/en\/wp-json\/wp\/v2\/media?parent=599392"}],"wp:term":[{"taxonomy":"product_brand","embeddable":true,"href":"https:\/\/shop.kustom.ch\/en\/wp-json\/wp\/v2\/product_brand?post=599392"},{"taxonomy":"product_cat","embeddable":true,"href":"https:\/\/shop.kustom.ch\/en\/wp-json\/wp\/v2\/product_cat?post=599392"},{"taxonomy":"product_tag","embeddable":true,"href":"https:\/\/shop.kustom.ch\/en\/wp-json\/wp\/v2\/product_tag?post=599392"}],"curies":[{"name":"wp","href":"https:\/\/api.w.org\/{rel}","templated":true}]}}