{"id":599391,"date":"2025-03-05T02:21:10","date_gmt":"2025-03-05T01:21:10","guid":{"rendered":"https:\/\/shop.kustom.ch\/?post_type=product&#038;p=599391"},"modified":"2026-03-31T08:59:09","modified_gmt":"2026-03-31T07:59:09","slug":"damen-flammschutz-jacke","status":"publish","type":"product","link":"https:\/\/shop.kustom.ch\/en\/product\/damen-flammschutz-jacke\/","title":{"rendered":"Ladies flame protection jacket"},"content":{"rendered":"<p>Hard-wearing flame protection jacket in a women's cut with a robust, concealed metal zip and practical pockets. Bellows at the back and pre-shaped elbows for greater comfort. Reflective details for better visibility. Industrially washable. The material is oil, dirt and water repellent. Certified according to EN 1149-5, IEC 61482-2, EN ISO 11611, EN ISO 11612, EN 13034, ATPV: 16.0 cal\/cm\u00b2.<\/p>\n<p>CLOSURE: Adjustable waistband with press studs. Adjustable cuffs with press studs. DETAILS: D-ring. External certification labels. Plastic press studs. High collar with concealed zip. FRONT CLOSURE: Concealed metal zip. FUNCTIONALITY: Oil, dirt and water repellent. MAIN PROPERTIES: Craftsman. EN 13034. REFLEX: Reflective details. FABRIC: Ladies. black. Flame protection. POCKETS: Chest pockets with zips and D-ring. Inside pocket with mobile phone pocket. Front pockets with bellows and flap. WASHING INSTRUCTIONS: Do not dry clean. CERTIFICATION: EN 1149-5. EN 13034 PB (6). EN ISO 11611, class 1 A1+A2. EN ISO 11612 A1, A2, B1, C1, E3, F1. IEC 61482-2, APC 1<\/p>\n<p>85% cotton, 14% polyester, 1% antistatic, twill, flame-retardant, antistatic, 350 g\/m\u00b2<\/p>","protected":false},"excerpt":{"rendered":"<p>Strapazierf\u00e4hige Flammschutz Jacke im Damenschnitt mit robustem, verdeckten Metallreissverschluss und praktischen Taschen. Faltenbalg im R\u00fcckenbereich und vorgeformte Ellbogen f\u00fcr mehr Komfort. Reflektierende Details f\u00fcr bessere Sichtbarkeit. Industriell waschbar. Das Material ist \u00f6l-, schmutz- und wasserabweisend. Zertifiziert nach EN 1149-5, IEC 61482-2. EN ISO 11611. EN ISO 11612. EN 13034. ATPV: 16,0 cal\/cm\u00b2. ABSCHLUSS: Verstellbarer Bund [&hellip;]<\/p>\n","protected":false},"featured_media":599448,"template":"","meta":[],"product_brand":[],"product_cat":[4186],"product_tag":[],"class_list":{"0":"post-599391","1":"product","2":"type-product","3":"status-publish","4":"has-post-thumbnail","6":"product_cat-jacken","7":"pa_brand-blaklaeder","8":"pa_brand-type-workwear","9":"pa_filter-color-grau","10":"pa_filter-color-schwarz","12":"first","13":"instock","14":"sale","15":"taxable","16":"shipping-taxable","17":"purchasable","18":"product-type-variable","19":"add-to-wishlist-before_image"},"exclude_global_add_ons":[],"addons":[],"acf":[],"_links":{"self":[{"href":"https:\/\/shop.kustom.ch\/en\/wp-json\/wp\/v2\/product\/599391"}],"collection":[{"href":"https:\/\/shop.kustom.ch\/en\/wp-json\/wp\/v2\/product"}],"about":[{"href":"https:\/\/shop.kustom.ch\/en\/wp-json\/wp\/v2\/types\/product"}],"wp:featuredmedia":[{"embeddable":true,"href":"https:\/\/shop.kustom.ch\/en\/wp-json\/wp\/v2\/media\/599448"}],"wp:attachment":[{"href":"https:\/\/shop.kustom.ch\/en\/wp-json\/wp\/v2\/media?parent=599391"}],"wp:term":[{"taxonomy":"product_brand","embeddable":true,"href":"https:\/\/shop.kustom.ch\/en\/wp-json\/wp\/v2\/product_brand?post=599391"},{"taxonomy":"product_cat","embeddable":true,"href":"https:\/\/shop.kustom.ch\/en\/wp-json\/wp\/v2\/product_cat?post=599391"},{"taxonomy":"product_tag","embeddable":true,"href":"https:\/\/shop.kustom.ch\/en\/wp-json\/wp\/v2\/product_tag?post=599391"}],"curies":[{"name":"wp","href":"https:\/\/api.w.org\/{rel}","templated":true}]}}