{"id":599330,"date":"2025-03-05T02:19:48","date_gmt":"2025-03-05T01:19:48","guid":{"rendered":"https:\/\/shop.kustom.ch\/?post_type=product&#038;p=599330"},"modified":"2026-03-31T08:54:42","modified_gmt":"2026-03-31T07:54:42","slug":"damen-high-vis-sweater","status":"publish","type":"product","link":"https:\/\/shop.kustom.ch\/en\/product\/damen-high-vis-sweater\/","title":{"rendered":"Ladies High Vis Sweater"},"content":{"rendered":"<p>Soft and comfortable high vis jumper in beautiful cotton quality with segmented reflective tape for good stretch properties and breathability. It has a women's fit, pockets on the sides, a high collar, a full-length zip at the front and cuffs at the bottom and at the sleeve ends for extra comfort. The dark part of the jumper is made from 100 per cent cotton, the high vis part from 100 per cent polyester. Also available as men's model 3551.<\/p>\n<p>CLOSURE: Cuffs with cuffs. DETAILS: Bl\u00e5kl\u00e4der print on the shoulder. High collar with zip. FRONT CLOSURE: Plastic zip. MAIN FEATURES: Road and construction worker. Available for men and women. EN ISO 20471. REFLEX: 50 mm wide transfer reflective stripes. FABRIC: Ladies. yellow. High visibility. 100% cotton. POCKETS: Inside pocket with concealed zip pocket. WASHING INSTRUCTIONS: Number of washes: 25. 60\u00b0 C. CERTIFICATION: EN ISO 20471, Class 1<\/p>\n<p>100% Cotton, French Terry, 320 g\/m\u00b2<\/p>","protected":false},"excerpt":{"rendered":"<p>Weicher und bequemer High Vis Sweater in sch\u00f6ner Baumwollqualit\u00e4t mit segmentiertem Reflexband f\u00fcr gute Stretch-Eigenschaften und Atmungsaktivit\u00e4t. Er hat eine Damenpassform, Taschen an den Seiten, einen hohen Kragen, einen durchgehenden Reissverschluss vorne und B\u00fcndchen unten und an den \u00c4rmelenden f\u00fcr zus\u00e4tzlichen Komfort. Der dunkle Teil des Sweaters besteht aus 100 Prozent Baumwolle, der High Vis [&hellip;]<\/p>\n","protected":false},"featured_media":0,"template":"","meta":[],"product_brand":[],"product_cat":[4184],"product_tag":[],"class_list":{"0":"post-599330","1":"product","2":"type-product","3":"status-publish","5":"product_cat-hoodies-pullover","6":"pa_brand-blaklaeder","7":"pa_brand-type-workwear","8":"pa_filter-color-blau","9":"pa_filter-color-gelb","10":"pa_filter-color-orange","11":"pa_filter-color-rot","12":"pa_filter-color-schwarz","14":"first","15":"instock","16":"sale","17":"taxable","18":"shipping-taxable","19":"purchasable","20":"product-type-variable","21":"add-to-wishlist-before_image"},"exclude_global_add_ons":[],"addons":[],"acf":[],"_links":{"self":[{"href":"https:\/\/shop.kustom.ch\/en\/wp-json\/wp\/v2\/product\/599330"}],"collection":[{"href":"https:\/\/shop.kustom.ch\/en\/wp-json\/wp\/v2\/product"}],"about":[{"href":"https:\/\/shop.kustom.ch\/en\/wp-json\/wp\/v2\/types\/product"}],"wp:attachment":[{"href":"https:\/\/shop.kustom.ch\/en\/wp-json\/wp\/v2\/media?parent=599330"}],"wp:term":[{"taxonomy":"product_brand","embeddable":true,"href":"https:\/\/shop.kustom.ch\/en\/wp-json\/wp\/v2\/product_brand?post=599330"},{"taxonomy":"product_cat","embeddable":true,"href":"https:\/\/shop.kustom.ch\/en\/wp-json\/wp\/v2\/product_cat?post=599330"},{"taxonomy":"product_tag","embeddable":true,"href":"https:\/\/shop.kustom.ch\/en\/wp-json\/wp\/v2\/product_tag?post=599330"}],"curies":[{"name":"wp","href":"https:\/\/api.w.org\/{rel}","templated":true}]}}