{"id":599256,"date":"2025-03-05T02:19:00","date_gmt":"2025-03-05T01:19:00","guid":{"rendered":"https:\/\/shop.kustom.ch\/?post_type=product&#038;p=599256"},"modified":"2026-03-31T08:53:47","modified_gmt":"2026-03-31T07:53:47","slug":"hybrid-sweater-2","status":"publish","type":"product","link":"https:\/\/shop.kustom.ch\/en\/product\/hybrid-sweater-2\/","title":{"rendered":"Hybrid Sweater"},"content":{"rendered":"<p>This sweatshirt is the ultimate all-rounder. It works just as well as a jacket, depending on what you're doing. This sweatshirt jacket has a quilted front and is unlined. An excellent garment for printing with your company logo.<\/p>\n<p>CLOSURE: Ribbed waistband. Cuffs with cuffs. DETAILS: Good surfaces for finishing. Fixed hood. FRONT CLOSURE: Plastic zip. FUNCTIONALITY: Padded material at the front. MAIN PROPERTIES: Warehouse worker. Men's. FABRIC: Available for men and women. black. Unite. POCKETS: Front pockets with zips. WASHING INSTRUCTIONS: Do not iron<\/p>\n<p>100% Polyester fleece, brushed on one side, 235 g\/m\u00b2<\/p>","protected":false},"excerpt":{"rendered":"<p>Dieses Sweatshirt ist der ultimative Allrounder. Es funktioniert genauso gut wie eine Jacke, je nachdem, was Sie gerade tun. Diese Sweatshirt-Jacke hat eine gesteppte Vorderseite und ist ungef\u00fcttert. Ein hervorragendes Kleidungsst\u00fcck zum Bedrucken mit Ihrem Firmenlogo. ABSCHLUSS: Gerippter Bund. Armabschluss mit B\u00fcndchen. DETAILS: Gute Oberfl\u00e4chen f\u00fcr Veredelung. Feste Kapuze. FRONTVERSCHLUSS: Reissverschluss aus Kunststoff. FUNKTIONALIT\u00c4T: Wattiertes [&hellip;]<\/p>\n","protected":false},"featured_media":599316,"template":"","meta":[],"product_brand":[],"product_cat":[4184],"product_tag":[],"class_list":{"0":"post-599256","1":"product","2":"type-product","3":"status-publish","4":"has-post-thumbnail","6":"product_cat-hoodies-pullover","7":"pa_brand-blaklaeder","8":"pa_brand-type-workwear","9":"pa_filter-color-blau","10":"pa_filter-color-gruen","11":"pa_filter-color-schwarz","13":"first","14":"instock","15":"sale","16":"taxable","17":"shipping-taxable","18":"purchasable","19":"product-type-variable","20":"add-to-wishlist-before_image"},"exclude_global_add_ons":[],"addons":[],"acf":[],"_links":{"self":[{"href":"https:\/\/shop.kustom.ch\/en\/wp-json\/wp\/v2\/product\/599256"}],"collection":[{"href":"https:\/\/shop.kustom.ch\/en\/wp-json\/wp\/v2\/product"}],"about":[{"href":"https:\/\/shop.kustom.ch\/en\/wp-json\/wp\/v2\/types\/product"}],"wp:featuredmedia":[{"embeddable":true,"href":"https:\/\/shop.kustom.ch\/en\/wp-json\/wp\/v2\/media\/599316"}],"wp:attachment":[{"href":"https:\/\/shop.kustom.ch\/en\/wp-json\/wp\/v2\/media?parent=599256"}],"wp:term":[{"taxonomy":"product_brand","embeddable":true,"href":"https:\/\/shop.kustom.ch\/en\/wp-json\/wp\/v2\/product_brand?post=599256"},{"taxonomy":"product_cat","embeddable":true,"href":"https:\/\/shop.kustom.ch\/en\/wp-json\/wp\/v2\/product_cat?post=599256"},{"taxonomy":"product_tag","embeddable":true,"href":"https:\/\/shop.kustom.ch\/en\/wp-json\/wp\/v2\/product_tag?post=599256"}],"curies":[{"name":"wp","href":"https:\/\/api.w.org\/{rel}","templated":true}]}}