{"id":598438,"date":"2025-03-05T01:55:43","date_gmt":"2025-03-05T00:55:43","guid":{"rendered":"https:\/\/shop.kustom.ch\/?post_type=product&#038;p=598438"},"modified":"2026-03-31T09:05:50","modified_gmt":"2026-03-31T08:05:50","slug":"high-vis-strickjacke-2","status":"publish","type":"product","link":"https:\/\/shop.kustom.ch\/en\/product\/high-vis-strickjacke-2\/","title":{"rendered":"High Vis cardigan"},"content":{"rendered":"<p>Hooded cardigan in high vis material with an attractive design and comfortable quality. Reflective stripes for good breathability and elasticity. The jacket has zips and is reinforced with softshell material on the shoulders, sleeves and back for better durability. This jacket is the right choice both at work and outside. Certified according to EN ISO 20471 class 2.<\/p>\n<p>CLOSURE: Extended back. Elasticated cuffs. DETAILS: Fixed hood. FRONT CLOSURE: Front zip with fleece chin guard. MAIN FEATURES: Garden worker. EN ISO 20471. REFLEX: Reflective stripes on body and sleeves. FABRIC: Men's. High-vis yellow. High visibility. POCKETS: Chest pocket with zip. Front pockets, one with D-ring. WASHING INSTRUCTIONS: Number of washes: 20, do not bleach. REINFORCEMENT: Reinforced on shoulders, sleeves and sides. CERTIFICATION: Certification group B<\/p>\n<p>100% polyester, coarsely knitted, brushed on one side, 380 g\/m\u00b2<\/p>","protected":false},"excerpt":{"rendered":"<p>Strickjacke aus High Vis Material mit Kapuze in einem attraktiven Design und bequemer Qualit\u00e4t. Reflexstreifen f\u00fcr gute Atmungsaktivit\u00e4t und Elastizit\u00e4t. Die Jacke hat Reissverschl\u00fcsse und ist mit Softshell Material an den Schultern, den \u00c4rmeln und am R\u00fccken f\u00fcr eine bessere Lebensdauer verst\u00e4rkt. Diese Jacke ist die Richtige bei der Arbeit und Ausserhalb. Zertifiziert nach EN [&hellip;]<\/p>\n","protected":false},"featured_media":598487,"template":"","meta":[],"product_brand":[],"product_cat":[4186],"product_tag":[],"class_list":{"0":"post-598438","1":"product","2":"type-product","3":"status-publish","4":"has-post-thumbnail","6":"product_cat-jacken","7":"pa_brand-blaklaeder","8":"pa_brand-type-workwear","9":"pa_filter-color-blau","10":"pa_filter-color-gelb","11":"pa_filter-color-schwarz","13":"first","14":"instock","15":"sale","16":"taxable","17":"shipping-taxable","18":"purchasable","19":"product-type-variable","20":"add-to-wishlist-before_image"},"exclude_global_add_ons":[],"addons":[],"acf":[],"_links":{"self":[{"href":"https:\/\/shop.kustom.ch\/en\/wp-json\/wp\/v2\/product\/598438"}],"collection":[{"href":"https:\/\/shop.kustom.ch\/en\/wp-json\/wp\/v2\/product"}],"about":[{"href":"https:\/\/shop.kustom.ch\/en\/wp-json\/wp\/v2\/types\/product"}],"wp:featuredmedia":[{"embeddable":true,"href":"https:\/\/shop.kustom.ch\/en\/wp-json\/wp\/v2\/media\/598487"}],"wp:attachment":[{"href":"https:\/\/shop.kustom.ch\/en\/wp-json\/wp\/v2\/media?parent=598438"}],"wp:term":[{"taxonomy":"product_brand","embeddable":true,"href":"https:\/\/shop.kustom.ch\/en\/wp-json\/wp\/v2\/product_brand?post=598438"},{"taxonomy":"product_cat","embeddable":true,"href":"https:\/\/shop.kustom.ch\/en\/wp-json\/wp\/v2\/product_cat?post=598438"},{"taxonomy":"product_tag","embeddable":true,"href":"https:\/\/shop.kustom.ch\/en\/wp-json\/wp\/v2\/product_tag?post=598438"}],"curies":[{"name":"wp","href":"https:\/\/api.w.org\/{rel}","templated":true}]}}