{"id":598386,"date":"2025-03-05T01:54:32","date_gmt":"2025-03-05T00:54:32","guid":{"rendered":"https:\/\/shop.kustom.ch\/?post_type=product&#038;p=598386"},"modified":"2026-03-31T09:05:48","modified_gmt":"2026-03-31T08:05:48","slug":"winterjacke-10","status":"publish","type":"product","link":"https:\/\/shop.kustom.ch\/en\/product\/winterjacke-10\/","title":{"rendered":"Winter jacket"},"content":{"rendered":"<p>Practical and sturdy basic jacket for cool days. The ideal choice when you need a practical and functional jacket that keeps you warm without being bulky. The material is wind and waterproof with good breathability and allows good freedom of movement with comfortable body warmth. The jacket is spacious and fully lined with a warm quilted lining and has a fleece-lined collar.<\/p>\n<p>CLOSURE: Adjustable waistband with drawstring. Adjustable cuffs. DETAILS: zip in the lining for easy textile finishing. FRONT CLOSURE: Wind flap with Velcro fastening. FUNCTIONALITY: Wind &amp; water-repellent material, non-welded seams. MAIN FEATURES: Craftsman. REFLEX: Reflective details on the sleeves. FABRIC: Men's. black. water-repellent. Wind \/ wet \/ cold. POCKETS: Chest pocket with zip. Inside pocket with Velcro fastening. Front pockets with zips. WASHING INSTRUCTIONS: Do not iron<\/p>\n<p>100% polyester, Oxford, coated, waterproof 15,000 mm, windproof, breathable Ret 8.5, 200g\/m\u00b2<\/p>","protected":false},"excerpt":{"rendered":"<p>Praktische und stabile Basisjacke f\u00fcr k\u00fchle Tage. Die ideale Wahl wenn eine praktische und funktionelle Jacke ben\u00f6tigt wird, die warm h\u00e4lt ohne klobig zu wirken. Das Material ist wind- und wasserdicht mit guter Atmungsaktivit\u00e4t und erm\u00f6glicht gute Bewegungsfreiheit mit einer komfortablen K\u00f6rperw\u00e4rme. Die Jacke ist ger\u00e4umig und komplett gef\u00fcttert mit einem warmen Steppfutter und hat [&hellip;]<\/p>\n","protected":false},"featured_media":598426,"template":"","meta":[],"product_brand":[],"product_cat":[4186],"product_tag":[],"class_list":{"0":"post-598386","1":"product","2":"type-product","3":"status-publish","4":"has-post-thumbnail","6":"product_cat-jacken","7":"pa_brand-blaklaeder","8":"pa_brand-type-workwear","9":"pa_filter-color-grau","10":"pa_filter-color-schwarz","12":"first","13":"instock","14":"sale","15":"taxable","16":"shipping-taxable","17":"purchasable","18":"product-type-variable","19":"add-to-wishlist-before_image"},"exclude_global_add_ons":[],"addons":[],"acf":[],"_links":{"self":[{"href":"https:\/\/shop.kustom.ch\/en\/wp-json\/wp\/v2\/product\/598386"}],"collection":[{"href":"https:\/\/shop.kustom.ch\/en\/wp-json\/wp\/v2\/product"}],"about":[{"href":"https:\/\/shop.kustom.ch\/en\/wp-json\/wp\/v2\/types\/product"}],"wp:featuredmedia":[{"embeddable":true,"href":"https:\/\/shop.kustom.ch\/en\/wp-json\/wp\/v2\/media\/598426"}],"wp:attachment":[{"href":"https:\/\/shop.kustom.ch\/en\/wp-json\/wp\/v2\/media?parent=598386"}],"wp:term":[{"taxonomy":"product_brand","embeddable":true,"href":"https:\/\/shop.kustom.ch\/en\/wp-json\/wp\/v2\/product_brand?post=598386"},{"taxonomy":"product_cat","embeddable":true,"href":"https:\/\/shop.kustom.ch\/en\/wp-json\/wp\/v2\/product_cat?post=598386"},{"taxonomy":"product_tag","embeddable":true,"href":"https:\/\/shop.kustom.ch\/en\/wp-json\/wp\/v2\/product_tag?post=598386"}],"curies":[{"name":"wp","href":"https:\/\/api.w.org\/{rel}","templated":true}]}}