{"id":598365,"date":"2025-03-05T01:54:02","date_gmt":"2025-03-05T00:54:02","guid":{"rendered":"https:\/\/shop.kustom.ch\/?post_type=product&#038;p=598365"},"modified":"2026-03-31T09:05:40","modified_gmt":"2026-03-31T08:05:40","slug":"winter-pilot-jacke-2","status":"publish","type":"product","link":"https:\/\/shop.kustom.ch\/en\/product\/winter-pilot-jacke-2\/","title":{"rendered":"Winter Pilot Jacket"},"content":{"rendered":"<p>A perfect winter jacket in a classic pilot model that keeps you warm and is comfortable to work in.<\/p>\n<p>FINISH: Ribbed waistband. Ribbed cuffs. DETAILS: D-ring. Bellows at the back. Metal buttons. High collar. FRONT CLOSURE: Robust plastic zip. FUNCTIONALITY: Warm lining. Pre-shaped sleeves. MAIN FEATURES: Driver. FABRIC: Men's. blue. water-repellent. Wind \/ wet \/ cold. POCKETS: Chest pocket with D-ring. Mobile phone pocket. Inside pockets. Side pockets with fleece lining. Sleeve pocket with zip and pen pocket. WASHING INSTRUCTIONS: Iron - low<\/p>\n<p>70% polyester, 30% cotton, twill, water-repellent outer fabric, 230g\/m\u00b2<\/p>","protected":false},"excerpt":{"rendered":"<p>A perfect winter jacket in a classic pilot model that keeps you warm and is comfortable to work in. ABSCHLUSS: Gerippter Taillenbund. Rippstrickb\u00fcndchen. DETAILS: D-Ring. Balg am R\u00fccken. Metallkn\u00f6pfe. Hoher Kragen. FRONTVERSCHLUSS: Robuster Reissverschluss aus Kunststoff. FUNKTIONALIT\u00c4T: Warm gef\u00fcttert. Vorgeformte \u00c4rmel. HAUPTEIGENSCHAFTEN: Fahrer. STOFF: Herren. blau. wasserabweisend. Wind \/ N\u00e4sse \/ K\u00e4lte. TASCHEN: Brusttasche mit [&hellip;]<\/p>\n","protected":false},"featured_media":598424,"template":"","meta":[],"product_brand":[],"product_cat":[4186],"product_tag":[],"class_list":{"0":"post-598365","1":"product","2":"type-product","3":"status-publish","4":"has-post-thumbnail","6":"product_cat-jacken","7":"pa_brand-blaklaeder","8":"pa_brand-type-workwear","9":"pa_filter-color-blau","10":"pa_filter-color-schwarz","12":"first","13":"instock","14":"sale","15":"taxable","16":"shipping-taxable","17":"purchasable","18":"product-type-variable","19":"add-to-wishlist-before_image"},"exclude_global_add_ons":[],"addons":[],"acf":[],"_links":{"self":[{"href":"https:\/\/shop.kustom.ch\/en\/wp-json\/wp\/v2\/product\/598365"}],"collection":[{"href":"https:\/\/shop.kustom.ch\/en\/wp-json\/wp\/v2\/product"}],"about":[{"href":"https:\/\/shop.kustom.ch\/en\/wp-json\/wp\/v2\/types\/product"}],"wp:featuredmedia":[{"embeddable":true,"href":"https:\/\/shop.kustom.ch\/en\/wp-json\/wp\/v2\/media\/598424"}],"wp:attachment":[{"href":"https:\/\/shop.kustom.ch\/en\/wp-json\/wp\/v2\/media?parent=598365"}],"wp:term":[{"taxonomy":"product_brand","embeddable":true,"href":"https:\/\/shop.kustom.ch\/en\/wp-json\/wp\/v2\/product_brand?post=598365"},{"taxonomy":"product_cat","embeddable":true,"href":"https:\/\/shop.kustom.ch\/en\/wp-json\/wp\/v2\/product_cat?post=598365"},{"taxonomy":"product_tag","embeddable":true,"href":"https:\/\/shop.kustom.ch\/en\/wp-json\/wp\/v2\/product_tag?post=598365"}],"curies":[{"name":"wp","href":"https:\/\/api.w.org\/{rel}","templated":true}]}}