{"id":598350,"date":"2025-03-05T01:53:58","date_gmt":"2025-03-05T00:53:58","guid":{"rendered":"https:\/\/shop.kustom.ch\/?post_type=product&#038;p=598350"},"modified":"2026-03-31T09:05:39","modified_gmt":"2026-03-31T08:05:39","slug":"winterjacke-9","status":"publish","type":"product","link":"https:\/\/shop.kustom.ch\/en\/product\/winterjacke-9\/","title":{"rendered":"Winter jacket"},"content":{"rendered":"<p>Warm winter jacket with high-visibility details for increased visibility. This jacket has reflective details on the body, arms and shoulders. It also has chest pockets with flaps and press studs and fleece-lined front pockets. The arms are pre-shaped for increased comfort and the jacket has an extended back.<\/p>\n<p>CLOSURE: Adjustable waistband with button. Adjustable cuffs with press stud. DETAILS: High collar. High vis inserts for increased visibility. FRONT CLOSURE: Concealed plastic zip. FUNCTIONALITY: Warmly lined. Pre-shaped sleeves. MAIN FEATURES: Electrician. REFLEX: Reflectors on shoulders, sleeves and back hem. FABRIC: Men's. High-vis yellow. Visible. POCKETS: Chest pockets with flaps and press studs. Inside pockets with mobile phone pocket. Front pockets with fleece lining. WASHING INSTRUCTIONS: Do not iron. CERTIFICATION: Not High Vis certified<\/p>\n<p>100% Cotton, twill, 370 g\/m\u00b2<\/p>","protected":false},"excerpt":{"rendered":"<p>Warme Winterjacke mit Warnschutz-Details f\u00fcr eine erh\u00f6hte Sichtbarkeit. Diese Jacke hat reflektierende Details am K\u00f6rper, an den Armen und Schultern. Sie hat ebenfalls Brusttaschen mit Patten und Druckkn\u00f6pfen und Fleece-gef\u00fctterte Vordertaschen. F\u00fcr einen erh\u00f6hten Komfort sind die Arme vorgeformt und die Jacke hat einen verl\u00e4ngerten R\u00fccken. ABSCHLUSS: Verstellbarer Bund mit Knopf. Verstellbare \u00c4rmelb\u00fcndchen mit Druckknopf. [&hellip;]<\/p>\n","protected":false},"featured_media":598401,"template":"","meta":[],"product_brand":[],"product_cat":[4186],"product_tag":[],"class_list":{"0":"post-598350","1":"product","2":"type-product","3":"status-publish","4":"has-post-thumbnail","6":"product_cat-jacken","7":"pa_brand-blaklaeder","8":"pa_brand-type-workwear","9":"pa_filter-color-blau","10":"pa_filter-color-gelb","11":"pa_filter-color-schwarz","13":"first","14":"instock","15":"sale","16":"taxable","17":"shipping-taxable","18":"purchasable","19":"product-type-variable","20":"add-to-wishlist-before_image"},"exclude_global_add_ons":[],"addons":[],"acf":[],"_links":{"self":[{"href":"https:\/\/shop.kustom.ch\/en\/wp-json\/wp\/v2\/product\/598350"}],"collection":[{"href":"https:\/\/shop.kustom.ch\/en\/wp-json\/wp\/v2\/product"}],"about":[{"href":"https:\/\/shop.kustom.ch\/en\/wp-json\/wp\/v2\/types\/product"}],"wp:featuredmedia":[{"embeddable":true,"href":"https:\/\/shop.kustom.ch\/en\/wp-json\/wp\/v2\/media\/598401"}],"wp:attachment":[{"href":"https:\/\/shop.kustom.ch\/en\/wp-json\/wp\/v2\/media?parent=598350"}],"wp:term":[{"taxonomy":"product_brand","embeddable":true,"href":"https:\/\/shop.kustom.ch\/en\/wp-json\/wp\/v2\/product_brand?post=598350"},{"taxonomy":"product_cat","embeddable":true,"href":"https:\/\/shop.kustom.ch\/en\/wp-json\/wp\/v2\/product_cat?post=598350"},{"taxonomy":"product_tag","embeddable":true,"href":"https:\/\/shop.kustom.ch\/en\/wp-json\/wp\/v2\/product_tag?post=598350"}],"curies":[{"name":"wp","href":"https:\/\/api.w.org\/{rel}","templated":true}]}}