{"id":598289,"date":"2025-03-05T01:52:50","date_gmt":"2025-03-05T00:52:50","guid":{"rendered":"https:\/\/shop.kustom.ch\/?post_type=product&#038;p=598289"},"modified":"2026-03-31T09:05:31","modified_gmt":"2026-03-31T08:05:31","slug":"damen-high-vis-shell-jacke-3","status":"publish","type":"product","link":"https:\/\/shop.kustom.ch\/en\/product\/damen-high-vis-shell-jacke-3\/","title":{"rendered":"Ladies High Vis Shell Jacket"},"content":{"rendered":"<p>Windproof and waterproof outer jacket for women. The jacket has a brushed mesh lining and all seams are welded. Dark contrasting colours have been used in the most stressed areas to protect against dirt. A detachable hood and a high, fleece-lined collar ensure increased comfort. Freedom of movement is enhanced by a two-way zip, pre-shaped arms and an extended back. 50 mm wide reflective strips ensure visibility. Smart pocket solutions offer a huge amount of storage space. Certified to EN 343. EN ISO 20471, Class 2.<\/p>\n<p>FINISH: Adjustable waistband with drawstring. Inner cuffs with thumb holes. DETAILS: Detachable ID pocket. Detachable, adjustable hood. Fleece-lined collar. FRONT CLOSURE: Wind flap with fleece lining inside. FUNCTIONALITY: Windproof and waterproof material with breathability, welded seams. Pre-shaped sleeves. MAIN FEATURES: Craftsman. EN ISO 20471. REFLEX: 50 mm wide transfer reflective strips. FABRIC: Available for women and men. High-visibility yellow. Waterproof. High-visibility. POCKETS: Chest pocket with zip. Front document pocket. Inside pocket with Velcro fastening. Slash pockets with zip and fleece lining. WASHING INSTRUCTIONS: Number of washes: 20. Do not tumble dry. CERTIFICATION: EN 343, Class 4.4. Class 2 and 3 garments in orange comply with RIS-3279-TOM Issue 2.<\/p>\n<p>100% polyester, twill, stretch, coated, waterproof 11,000mm, windproof, breathable Ret 6.3, 150 g\/m\u00b2<\/p>","protected":false},"excerpt":{"rendered":"<p>Wind- und wasserdichte Aussenjacke f\u00fcr Damen. Die Jacke besitzt ein aufgerautes Mesh Futter und alle N\u00e4hte sind verschweisst. An den beanspruchtesten Stellen wurden dunkle Kontrastfarben eingesetzt, um vor Verschmutzung zu sch\u00fctzen. F\u00fcr einen erh\u00f6hten Tragekomfort sorgen eine abnehmbare Kapuze und ein hoher, mit Fleece gef\u00fctterter, Kragen. Die Bewegungsfreiheit wird durch einen Zwei-Wege-Reissverschluss, vorgeformte Arme und [&hellip;]<\/p>\n","protected":false},"featured_media":598329,"template":"","meta":[],"product_brand":[],"product_cat":[4186],"product_tag":[],"class_list":{"0":"post-598289","1":"product","2":"type-product","3":"status-publish","4":"has-post-thumbnail","6":"product_cat-jacken","7":"pa_brand-blaklaeder","8":"pa_brand-type-workwear","9":"pa_filter-color-blau","10":"pa_filter-color-gelb","11":"pa_filter-color-orange","12":"pa_filter-color-rot","13":"pa_filter-color-schwarz","15":"first","16":"instock","17":"sale","18":"taxable","19":"shipping-taxable","20":"purchasable","21":"product-type-variable","22":"add-to-wishlist-before_image"},"exclude_global_add_ons":[],"addons":[],"acf":[],"_links":{"self":[{"href":"https:\/\/shop.kustom.ch\/en\/wp-json\/wp\/v2\/product\/598289"}],"collection":[{"href":"https:\/\/shop.kustom.ch\/en\/wp-json\/wp\/v2\/product"}],"about":[{"href":"https:\/\/shop.kustom.ch\/en\/wp-json\/wp\/v2\/types\/product"}],"wp:featuredmedia":[{"embeddable":true,"href":"https:\/\/shop.kustom.ch\/en\/wp-json\/wp\/v2\/media\/598329"}],"wp:attachment":[{"href":"https:\/\/shop.kustom.ch\/en\/wp-json\/wp\/v2\/media?parent=598289"}],"wp:term":[{"taxonomy":"product_brand","embeddable":true,"href":"https:\/\/shop.kustom.ch\/en\/wp-json\/wp\/v2\/product_brand?post=598289"},{"taxonomy":"product_cat","embeddable":true,"href":"https:\/\/shop.kustom.ch\/en\/wp-json\/wp\/v2\/product_cat?post=598289"},{"taxonomy":"product_tag","embeddable":true,"href":"https:\/\/shop.kustom.ch\/en\/wp-json\/wp\/v2\/product_tag?post=598289"}],"curies":[{"name":"wp","href":"https:\/\/api.w.org\/{rel}","templated":true}]}}