{"id":598237,"date":"2025-03-05T01:52:06","date_gmt":"2025-03-05T00:52:06","guid":{"rendered":"https:\/\/shop.kustom.ch\/?post_type=product&#038;p=598237"},"modified":"2026-03-31T09:05:29","modified_gmt":"2026-03-31T08:05:29","slug":"damen-high-vis-softshell-jacke-3","status":"publish","type":"product","link":"https:\/\/shop.kustom.ch\/en\/product\/damen-high-vis-softshell-jacke-3\/","title":{"rendered":"Ladies high vis softshell jacket"},"content":{"rendered":"<p>High-vis softshell jacket in a classic women's cut made from a windproof, waterproof and breathable material. The jacket has a 2-way zip and pre-shaped arms, a high collar lined with fleece for freedom of movement and comfort. The extended back prevents unpleasant draughts at the lower back. Certified according to EN ISO 20471 class 2.<\/p>\n<p>CLOSURE: Adjustable waistband with drawstring. Adjustable cuffs. DETAILS: Detachable ID card pocket. Fleece-lined collar. FRONT CLOSURE: Two-way plastic zip. FUNCTIONALITY: Windproof &amp; waterproof, unsealed seams, breathable. Women's size. MAIN FEATURES: Driver. EN ISO 20471. REFLEX: 50 mm wide reflective stripes. FABRIC: Ladies. High-vis yellow. Breathability. High visibility. POCKETS: Chest pockets with zips and D-ring. Inside pockets. Front pockets with zip, fleece lined. WASHING INSTRUCTIONS: Number of washes: 25, do not spin. CERTIFICATION: Certification group B<\/p>\n<p>100% polyester, 3-layer softshell fabric, waterproof 17,000mm, windproof, breathable Ret 7.2, 300 g\/m\u00b2<\/p>","protected":false},"excerpt":{"rendered":"<p>High-Vis Softshelljacke im klassischen Damen-Schnitt aus einem wind-und wasserdichten und atmungsaktiven Material. Die Jacke hat einen 2-Wege-Reissverschluss und vorgeformte Arme, einen hohen, mit Fleece gef\u00fctterten, Kragen f\u00fcr hohe Bewegungsfreiheit und Tragekomfort. Der verl\u00e4ngerte R\u00fccken verhindert unangenehmen Zug am unteren R\u00fccken. Zertifiziert nach EN ISO 20471 Klasse 2. ABSCHLUSS: Verstellbarer Bund mit Kordelzug. Verstellbare \u00c4rmelb\u00fcndchen. DETAILS: [&hellip;]<\/p>\n","protected":false},"featured_media":598300,"template":"","meta":[],"product_brand":[],"product_cat":[4186],"product_tag":[],"class_list":{"0":"post-598237","1":"product","2":"type-product","3":"status-publish","4":"has-post-thumbnail","6":"product_cat-jacken","7":"pa_brand-blaklaeder","8":"pa_brand-type-workwear","9":"pa_filter-color-blau","10":"pa_filter-color-gelb","11":"pa_filter-color-orange","12":"pa_filter-color-schwarz","14":"first","15":"instock","16":"sale","17":"taxable","18":"shipping-taxable","19":"purchasable","20":"product-type-variable","21":"add-to-wishlist-before_image"},"exclude_global_add_ons":[],"addons":[],"acf":[],"_links":{"self":[{"href":"https:\/\/shop.kustom.ch\/en\/wp-json\/wp\/v2\/product\/598237"}],"collection":[{"href":"https:\/\/shop.kustom.ch\/en\/wp-json\/wp\/v2\/product"}],"about":[{"href":"https:\/\/shop.kustom.ch\/en\/wp-json\/wp\/v2\/types\/product"}],"wp:featuredmedia":[{"embeddable":true,"href":"https:\/\/shop.kustom.ch\/en\/wp-json\/wp\/v2\/media\/598300"}],"wp:attachment":[{"href":"https:\/\/shop.kustom.ch\/en\/wp-json\/wp\/v2\/media?parent=598237"}],"wp:term":[{"taxonomy":"product_brand","embeddable":true,"href":"https:\/\/shop.kustom.ch\/en\/wp-json\/wp\/v2\/product_brand?post=598237"},{"taxonomy":"product_cat","embeddable":true,"href":"https:\/\/shop.kustom.ch\/en\/wp-json\/wp\/v2\/product_cat?post=598237"},{"taxonomy":"product_tag","embeddable":true,"href":"https:\/\/shop.kustom.ch\/en\/wp-json\/wp\/v2\/product_tag?post=598237"}],"curies":[{"name":"wp","href":"https:\/\/api.w.org\/{rel}","templated":true}]}}