{"id":598178,"date":"2025-03-05T01:50:49","date_gmt":"2025-03-05T00:50:49","guid":{"rendered":"https:\/\/shop.kustom.ch\/?post_type=product&#038;p=598178"},"modified":"2026-03-31T09:05:16","modified_gmt":"2026-03-31T08:05:16","slug":"unterhemd-warm-2","status":"publish","type":"product","link":"https:\/\/shop.kustom.ch\/en\/product\/unterhemd-warm-2\/","title":{"rendered":"Vest WARM"},"content":{"rendered":"<p>This warming base layer keeps the body warm and dry in cold weather. Warmth zones are located on the shoulders, arms, back, buttocks and sides, where the cold penetrates most quickly. The base layer is made of 100 % merino wool, which keeps you warm and dry thanks to its excellent thermal insulation and moisture wicking properties. Recommended temperature -5\u00b0C to -30\u00b0C. No freezing at work! Stay warm and dry in cold environments!<\/p>\n<p>CLOSURE: Extended back. Cuffs with cuffs. DETAILS: Ribbed collar. Contrast stitching. FUNCTIONALITY: Recommended temperature -5\u00b0C to -30\u00b0C. MAIN FEATURES: Men's. grey. FABRIC: Men. grey. Wind \/ wet \/ cold. WASHING INSTRUCTIONS: Use wool detergent. 40\u00b0 C - mild<\/p>\n<p>100% Wool, merino, rib-knitted, moisture regulation, 200 g\/m\u00b2<\/p>","protected":false},"excerpt":{"rendered":"<p>Diese w\u00e4rmende Basislage h\u00e4lt den K\u00f6rper warm und trocken bei kaltem Wetter. W\u00e4rmezonen befinden sich an Schultern, Armen, R\u00fccken, Ges\u00e4ss und Seiten, wo die K\u00e4lte am schnellsten eindringt. Die Basislage besteht aus 100 % Merinowolle, die Sie dank ausgezeichneter W\u00e4rmeisolierung und Feuchtigkeitsableitung warm und trocken h\u00e4lt. Empfohlene Temperatur -5\u00b0C bis -30\u00b0C.Kein Frieren bei der Arbeit! [&hellip;]<\/p>\n","protected":false},"featured_media":598229,"template":"","meta":[],"product_brand":[],"product_cat":[4206],"product_tag":[],"class_list":{"0":"post-598178","1":"product","2":"type-product","3":"status-publish","4":"has-post-thumbnail","6":"product_cat-underwear","7":"pa_brand-blaklaeder","8":"pa_brand-type-workwear","9":"pa_filter-color-grau","10":"pa_filter-color-schwarz","12":"first","13":"instock","14":"sale","15":"taxable","16":"shipping-taxable","17":"purchasable","18":"product-type-variable","19":"add-to-wishlist-before_image"},"exclude_global_add_ons":[],"addons":[],"acf":[],"_links":{"self":[{"href":"https:\/\/shop.kustom.ch\/en\/wp-json\/wp\/v2\/product\/598178"}],"collection":[{"href":"https:\/\/shop.kustom.ch\/en\/wp-json\/wp\/v2\/product"}],"about":[{"href":"https:\/\/shop.kustom.ch\/en\/wp-json\/wp\/v2\/types\/product"}],"wp:featuredmedia":[{"embeddable":true,"href":"https:\/\/shop.kustom.ch\/en\/wp-json\/wp\/v2\/media\/598229"}],"wp:attachment":[{"href":"https:\/\/shop.kustom.ch\/en\/wp-json\/wp\/v2\/media?parent=598178"}],"wp:term":[{"taxonomy":"product_brand","embeddable":true,"href":"https:\/\/shop.kustom.ch\/en\/wp-json\/wp\/v2\/product_brand?post=598178"},{"taxonomy":"product_cat","embeddable":true,"href":"https:\/\/shop.kustom.ch\/en\/wp-json\/wp\/v2\/product_cat?post=598178"},{"taxonomy":"product_tag","embeddable":true,"href":"https:\/\/shop.kustom.ch\/en\/wp-json\/wp\/v2\/product_tag?post=598178"}],"curies":[{"name":"wp","href":"https:\/\/api.w.org\/{rel}","templated":true}]}}