{"id":598163,"date":"2025-03-05T01:50:47","date_gmt":"2025-03-05T00:50:47","guid":{"rendered":"https:\/\/shop.kustom.ch\/?post_type=product&#038;p=598163"},"modified":"2026-03-31T09:05:15","modified_gmt":"2026-03-31T08:05:15","slug":"microfleece-jacke-4","status":"publish","type":"product","link":"https:\/\/shop.kustom.ch\/en\/product\/microfleece-jacke-4\/","title":{"rendered":"Microfleece jacket"},"content":{"rendered":"<p>Warm, thin and flexible. Microfleece jacket with comfortable stretch inserts at the sides to ensure a perfect fit. Perfect to wear as a 2-layer. Ideal for combining with softshell jackets or shell jackets. Also available in navy blue and black.<\/p>\n<p>CLOSURE: Extended back. DETAILS: Stretch insert on the side and sleeves. FRONT CLOSURE: Plastic zip. MAIN FEATURES: Concrete builder. FABRIC: Men's. white. Wind \/ wet \/ cold. POCKETS: Front pockets with zip and two inside pockets. WASHING INSTRUCTIONS: Do not iron<\/p>\n<p>100 % polyester, microfleece, anti-pilling, 170 g\/m\u00b2<\/p>","protected":false},"excerpt":{"rendered":"<p>Warm, d\u00fcnn und flexibel. Mikrofleece-Jacke mit angenehmen Stretch-Eins\u00e4tzen an den Seiten, die eine perfekte Passform gew\u00e4hrleisten. Perfekt als 2-Lage zu tragen. Optimal kombinierbar mit Softshell-Jacken oder Shell-Jacken. Ebenfalls erh\u00e4ltlich in Marineblau und Schwarz. ABSCHLUSS: Verl\u00e4ngerter R\u00fccken. DETAILS: Stretch-Einsatz an der Seite und den \u00c4rmeln. FRONTVERSCHLUSS: Reissverschluss aus Kunststoff. HAUPTEIGENSCHAFTEN: Betonbauer. STOFF: Herren. weiss. Wind \/ [&hellip;]<\/p>\n","protected":false},"featured_media":598204,"template":"","meta":[],"product_brand":[],"product_cat":[4186],"product_tag":[],"class_list":{"0":"post-598163","1":"product","2":"type-product","3":"status-publish","4":"has-post-thumbnail","6":"product_cat-jacken","7":"pa_brand-blaklaeder","8":"pa_brand-type-workwear","9":"pa_filter-color-blau","10":"pa_filter-color-grau","11":"pa_filter-color-schwarz","12":"pa_filter-color-weiss","14":"first","15":"instock","16":"sale","17":"taxable","18":"shipping-taxable","19":"purchasable","20":"product-type-variable","21":"add-to-wishlist-before_image"},"exclude_global_add_ons":[],"addons":[],"acf":[],"_links":{"self":[{"href":"https:\/\/shop.kustom.ch\/en\/wp-json\/wp\/v2\/product\/598163"}],"collection":[{"href":"https:\/\/shop.kustom.ch\/en\/wp-json\/wp\/v2\/product"}],"about":[{"href":"https:\/\/shop.kustom.ch\/en\/wp-json\/wp\/v2\/types\/product"}],"wp:featuredmedia":[{"embeddable":true,"href":"https:\/\/shop.kustom.ch\/en\/wp-json\/wp\/v2\/media\/598204"}],"wp:attachment":[{"href":"https:\/\/shop.kustom.ch\/en\/wp-json\/wp\/v2\/media?parent=598163"}],"wp:term":[{"taxonomy":"product_brand","embeddable":true,"href":"https:\/\/shop.kustom.ch\/en\/wp-json\/wp\/v2\/product_brand?post=598163"},{"taxonomy":"product_cat","embeddable":true,"href":"https:\/\/shop.kustom.ch\/en\/wp-json\/wp\/v2\/product_cat?post=598163"},{"taxonomy":"product_tag","embeddable":true,"href":"https:\/\/shop.kustom.ch\/en\/wp-json\/wp\/v2\/product_tag?post=598163"}],"curies":[{"name":"wp","href":"https:\/\/api.w.org\/{rel}","templated":true}]}}