{"id":598162,"date":"2025-03-05T01:50:46","date_gmt":"2025-03-05T00:50:46","guid":{"rendered":"https:\/\/shop.kustom.ch\/?post_type=product&#038;p=598162"},"modified":"2026-03-31T09:05:14","modified_gmt":"2026-03-31T08:05:14","slug":"unterhemd-xwarm","status":"publish","type":"product","link":"https:\/\/shop.kustom.ch\/en\/product\/unterhemd-xwarm\/","title":{"rendered":"XWARM vest"},"content":{"rendered":"<p>This multifunctional garment offers everything you would expect from a base layer. XWARM regulates your body temperature and keeps you warm and dry even in extreme cold. The material consists of an inner layer of channel-knit polypropylene, which wicks moisture away from the body to the outer layer, where it is absorbed by the merino wool. Recommended temperature -20\u00b0C to -35\u00b0C. Stay warm and dry - even when working in the freezing cold!<\/p>\n<p>FINISH: Extended back. Ribbed cuffs. DETAILS: Label on the outside. High collar with zip. FUNCTIONALITY: Recommended temperature -20\u00b0C to -35\u00b0C. MAIN FEATURES: Men. FABRIC: Men. black. Wind \/ wet \/ cold. Towelling inside. WASHING INSTRUCTIONS: Use wool detergent. Do not iron<\/p>\n<p>70% merino wool, 30% polypropylene, rib knit, moisture-regulating, 275 g\/m\u00b2<\/p>","protected":false},"excerpt":{"rendered":"<p>Diese Multifunktionskleidung bietet alles, was man von einem Baselayer erwarten kann. XWARM reguliert Ihre K\u00f6rpertemperatur und h\u00e4lt auch bei extremer K\u00e4lte warm und trocken. Das Material besteht aus einer Innenschicht aus Kanalstrick-Polypropylen, das Feuchtigkeit vom K\u00f6rper in die Aussenschicht ableitet, wo sie von der Merinowolle absorbiert wird. Empfohlene Temperatur -20\u00b0C bis -35\u00b0C. Bleiben Sie warm [&hellip;]<\/p>\n","protected":false},"featured_media":598203,"template":"","meta":[],"product_brand":[],"product_cat":[4206],"product_tag":[],"class_list":{"0":"post-598162","1":"product","2":"type-product","3":"status-publish","4":"has-post-thumbnail","6":"product_cat-underwear","7":"pa_brand-blaklaeder","8":"pa_brand-type-workwear","9":"pa_filter-color-schwarz","11":"first","12":"instock","13":"sale","14":"taxable","15":"shipping-taxable","16":"purchasable","17":"product-type-variable","18":"add-to-wishlist-before_image"},"exclude_global_add_ons":[],"addons":[],"acf":[],"_links":{"self":[{"href":"https:\/\/shop.kustom.ch\/en\/wp-json\/wp\/v2\/product\/598162"}],"collection":[{"href":"https:\/\/shop.kustom.ch\/en\/wp-json\/wp\/v2\/product"}],"about":[{"href":"https:\/\/shop.kustom.ch\/en\/wp-json\/wp\/v2\/types\/product"}],"wp:featuredmedia":[{"embeddable":true,"href":"https:\/\/shop.kustom.ch\/en\/wp-json\/wp\/v2\/media\/598203"}],"wp:attachment":[{"href":"https:\/\/shop.kustom.ch\/en\/wp-json\/wp\/v2\/media?parent=598162"}],"wp:term":[{"taxonomy":"product_brand","embeddable":true,"href":"https:\/\/shop.kustom.ch\/en\/wp-json\/wp\/v2\/product_brand?post=598162"},{"taxonomy":"product_cat","embeddable":true,"href":"https:\/\/shop.kustom.ch\/en\/wp-json\/wp\/v2\/product_cat?post=598162"},{"taxonomy":"product_tag","embeddable":true,"href":"https:\/\/shop.kustom.ch\/en\/wp-json\/wp\/v2\/product_tag?post=598162"}],"curies":[{"name":"wp","href":"https:\/\/api.w.org\/{rel}","templated":true}]}}