{"id":598027,"date":"2025-03-05T01:48:31","date_gmt":"2025-03-05T00:48:31","guid":{"rendered":"https:\/\/shop.kustom.ch\/?post_type=product&#038;p=598027"},"modified":"2026-03-31T09:05:12","modified_gmt":"2026-03-31T08:05:12","slug":"leichte-gefuetterte-winterjacke","status":"publish","type":"product","link":"https:\/\/shop.kustom.ch\/en\/product\/leichte-gefuetterte-winterjacke\/","title":{"rendered":"Lightweight, lined winter jacket"},"content":{"rendered":"<p>A lightweight winter jacket with mesh lining that is perfect to wear in cooler weather. Wind and waterproof with breathability and taped seams. This two-tone jacket with contrasting colours on the sides is equipped with a detachable hood and eye-catching reflective details. With its functional design, it is certified according to EN 343 - Protective clothing against rain.<\/p>\n<p>CLOSURE: Adjustable waistband with drawstring. Adjustable cuffs. DETAILS: zip in the lining for easy textile finishing. Logo print on the chest. Detachable and adjustable hood with mesh lining. FRONT CLOSURE: Plastic zip. FUNCTIONALITY: Windproof &amp; waterproof material with breathability, taped seams. MAIN FEATURES: Craftsman. REFLEX: Reflective print on the sleeves and hood. FABRIC: Men's. green. Breathability. Visible. POCKETS: Chest pockets with zip. Front pockets with zips. WASHING INSTRUCTIONS: Do not iron. CERTIFICATION: EN 342 together with Art. 1810. EN 343, Class 4.2. Not High Vis certified<\/p>\n<p>100% polyester, Oxford, coated, waterproof 15,000 mm, windproof, breathable Ret 8.5, 200g\/m\u00b2<\/p>","protected":false},"excerpt":{"rendered":"<p>Eine leichte Winterjacke mit Mesh-Futter, die perfekt bei k\u00fchlerem Wetter zu tragen ist. Wind- und wasserdicht mit Atmungsaktivit\u00e4t und versiegelten N\u00e4hten. Diese zweifarbige Jacke mit Kontrastfarben an den Seiten ist mit einer abnehmbaren Kapuze und auffallenden Reflexdetails ausgestattet. Mit ihrem funktionellen Design ist sie nach EN 343 &#8211; Schutzkleidung gegen Regen, zertifiziert. ABSCHLUSS: Verstellbarer Bund [&hellip;]<\/p>\n","protected":false},"featured_media":598080,"template":"","meta":[],"product_brand":[],"product_cat":[4186],"product_tag":[],"class_list":{"0":"post-598027","1":"product","2":"type-product","3":"status-publish","4":"has-post-thumbnail","6":"product_cat-jacken","7":"pa_brand-blaklaeder","8":"pa_brand-type-workwear","9":"pa_filter-color-blau","10":"pa_filter-color-braun","11":"pa_filter-color-gelb","12":"pa_filter-color-grau","13":"pa_filter-color-gruen","14":"pa_filter-color-rot","15":"pa_filter-color-schwarz","16":"pa_filter-color-weiss","18":"first","19":"instock","20":"sale","21":"taxable","22":"shipping-taxable","23":"purchasable","24":"product-type-variable","25":"add-to-wishlist-before_image"},"exclude_global_add_ons":[],"addons":[],"acf":[],"_links":{"self":[{"href":"https:\/\/shop.kustom.ch\/en\/wp-json\/wp\/v2\/product\/598027"}],"collection":[{"href":"https:\/\/shop.kustom.ch\/en\/wp-json\/wp\/v2\/product"}],"about":[{"href":"https:\/\/shop.kustom.ch\/en\/wp-json\/wp\/v2\/types\/product"}],"wp:featuredmedia":[{"embeddable":true,"href":"https:\/\/shop.kustom.ch\/en\/wp-json\/wp\/v2\/media\/598080"}],"wp:attachment":[{"href":"https:\/\/shop.kustom.ch\/en\/wp-json\/wp\/v2\/media?parent=598027"}],"wp:term":[{"taxonomy":"product_brand","embeddable":true,"href":"https:\/\/shop.kustom.ch\/en\/wp-json\/wp\/v2\/product_brand?post=598027"},{"taxonomy":"product_cat","embeddable":true,"href":"https:\/\/shop.kustom.ch\/en\/wp-json\/wp\/v2\/product_cat?post=598027"},{"taxonomy":"product_tag","embeddable":true,"href":"https:\/\/shop.kustom.ch\/en\/wp-json\/wp\/v2\/product_tag?post=598027"}],"curies":[{"name":"wp","href":"https:\/\/api.w.org\/{rel}","templated":true}]}}