{"id":597829,"date":"2025-03-05T01:45:25","date_gmt":"2025-03-05T00:45:25","guid":{"rendered":"https:\/\/shop.kustom.ch\/?post_type=product&#038;p=597829"},"modified":"2026-03-31T09:04:49","modified_gmt":"2026-03-31T08:04:49","slug":"damen-high-vis-winterjacke-3","status":"publish","type":"product","link":"https:\/\/shop.kustom.ch\/en\/product\/damen-high-vis-winterjacke-3\/","title":{"rendered":"Ladies high vis winter jacket"},"content":{"rendered":"<p>Warm high-visibility winter jacket, specially designed for women. The jacket has a quilted lining and a robust, windproof and waterproof outer material with welded seams. Dark contrasting areas also protect the jacket from excessive soiling. Freedom of movement is enhanced by a two-way zip, pre-shaped arms and an extended back. 50 mm wide reflective strips ensure visibility. Certified according to EN 342, EN 343, Class 3.1, EN ISO 20471, Class 2.<\/p>\n<p>FINISH: Adjustable cuffs. DETAILS: Zipper in the lining for easy textile finishing. Concealed ID pocket. Detachable and adjustable hood with warm lining. High collar. Welded seams. FRONT CLOSURE: Concealed two-way plastic zipper. FUNCTIONALITY: Windproof and waterproof material with breathability, welded seams. Women's size. MAIN FEATURES: Road and construction workers. EN 343. REFLEX: 50 mm wide reflective strips. FABRIC: Available for women and men. High-vis yellow. 2-way zip. High visibility. POCKETS: Chest pocket with flap. Inside pockets, one with mesh. Inside iPad pocket. WASHING INSTRUCTIONS: Number of washes: 20. Do not tumble dry. CERTIFICATION: EN 342 together with Art. 7885. EN 343, Class 3.1. Certification group C.<\/p>\n<p>100% polyester, twill, stretch, coated, waterproof 11,000mm, windproof, breathable Ret 6.3, 150 g\/m\u00b2<\/p>","protected":false},"excerpt":{"rendered":"<p>Warme Warnschutz-Winterjacke, speziell f\u00fcr Damen geschnitten. Die Jacke hat ein Steppfutter und ein robustes, wind- und wasserdichtes Aussenmaterial mit verschweissten N\u00e4hten. Ebenso sch\u00fctzen dunkle Kontrastbereiche die Jacke vor zu grosser Verschmutzung. Die Bewegungsfreiheit wird durch einen Zwei-Wege-Reissverschluss, vorgeformte Arme und einen verl\u00e4ngerten R\u00fccken erh\u00f6ht. 50 mm breite Reflexstreifen sorgen f\u00fcr Sichtbarkeit. Zertifiziert nach EN 342, [&hellip;]<\/p>\n","protected":false},"featured_media":597844,"template":"","meta":[],"product_brand":[],"product_cat":[4186],"product_tag":[],"class_list":{"0":"post-597829","1":"product","2":"type-product","3":"status-publish","4":"has-post-thumbnail","6":"product_cat-jacken","7":"pa_brand-blaklaeder","8":"pa_brand-type-workwear","9":"pa_filter-color-blau","10":"pa_filter-color-gelb","11":"pa_filter-color-orange","12":"pa_filter-color-rot","13":"pa_filter-color-schwarz","15":"first","16":"instock","17":"sale","18":"taxable","19":"shipping-taxable","20":"purchasable","21":"product-type-variable","22":"add-to-wishlist-before_image"},"exclude_global_add_ons":[],"addons":[],"acf":[],"_links":{"self":[{"href":"https:\/\/shop.kustom.ch\/en\/wp-json\/wp\/v2\/product\/597829"}],"collection":[{"href":"https:\/\/shop.kustom.ch\/en\/wp-json\/wp\/v2\/product"}],"about":[{"href":"https:\/\/shop.kustom.ch\/en\/wp-json\/wp\/v2\/types\/product"}],"wp:featuredmedia":[{"embeddable":true,"href":"https:\/\/shop.kustom.ch\/en\/wp-json\/wp\/v2\/media\/597844"}],"wp:attachment":[{"href":"https:\/\/shop.kustom.ch\/en\/wp-json\/wp\/v2\/media?parent=597829"}],"wp:term":[{"taxonomy":"product_brand","embeddable":true,"href":"https:\/\/shop.kustom.ch\/en\/wp-json\/wp\/v2\/product_brand?post=597829"},{"taxonomy":"product_cat","embeddable":true,"href":"https:\/\/shop.kustom.ch\/en\/wp-json\/wp\/v2\/product_cat?post=597829"},{"taxonomy":"product_tag","embeddable":true,"href":"https:\/\/shop.kustom.ch\/en\/wp-json\/wp\/v2\/product_tag?post=597829"}],"curies":[{"name":"wp","href":"https:\/\/api.w.org\/{rel}","templated":true}]}}