{"id":597659,"date":"2025-03-05T01:29:59","date_gmt":"2025-03-05T00:29:59","guid":{"rendered":"https:\/\/shop.kustom.ch\/?post_type=product&#038;p=597659"},"modified":"2026-03-31T09:04:32","modified_gmt":"2026-03-31T08:04:32","slug":"winterjacke-kinder","status":"publish","type":"product","link":"https:\/\/shop.kustom.ch\/en\/product\/winterjacke-kinder\/","title":{"rendered":"Winter jacket kids"},"content":{"rendered":"<p>CLOSURE: Adjustable waistband with drawstring. Adjustable cuffs. DETAILS: Print on the back. Detachable hood. Fleece-lined collar. Taped seams. FRONT CLOSURE: Concealed plastic zip. REFLEX: Reflective material on the body, sleeves and shoulders. FABRIC: Kids. High-vis yellow. SYMBOLS: Windproof. POCKETS: Side pockets with zip. WASHING INSTRUCTIONS: Do not spin-dry<\/p>\n<p>100% polyester, Oxford, coated, waterproof 15,000 mm, windproof, breathable Ret 8.5, 200g\/m\u00b2<\/p>","protected":false},"excerpt":{"rendered":"<p>ABSCHLUSS: Verstellbarer Bund mit Kordelzug. Verstellbare \u00c4rmelb\u00fcndchen. DETAILS: Aufdruck auf dem R\u00fccken. Abnehmbare Kapuze. Fleecegef\u00fctterter Kragen. Verschweisste N\u00e4hte. FRONTVERSCHLUSS: Verdeckter Reissverschluss aus Kunststoff. REFLEX: Reflexmaterial an Rumpf, \u00c4rmeln und Schultern. STOFF: Kinder. High-Vis Gelb. SYMBOLS: Windproof. TASCHEN: Seitentaschen mit Reissverschluss. WASCHANLEITUNG: Nicht schleudern 100% Polyester, Oxford, beschichtet, wasserdicht 15.000 mm, winddicht, atmungsaktiv Ret 8,5, 200g\/m\u00b2<\/p>","protected":false},"featured_media":597725,"template":"","meta":[],"product_brand":[],"product_cat":[4186],"product_tag":[],"class_list":{"0":"post-597659","1":"product","2":"type-product","3":"status-publish","4":"has-post-thumbnail","6":"product_cat-jacken","7":"pa_brand-blaklaeder","8":"pa_brand-type-workwear","9":"pa_filter-color-gelb","10":"pa_filter-color-schwarz","12":"first","13":"instock","14":"sale","15":"taxable","16":"shipping-taxable","17":"purchasable","18":"product-type-variable","19":"add-to-wishlist-before_image"},"exclude_global_add_ons":[],"addons":[],"acf":[],"_links":{"self":[{"href":"https:\/\/shop.kustom.ch\/en\/wp-json\/wp\/v2\/product\/597659"}],"collection":[{"href":"https:\/\/shop.kustom.ch\/en\/wp-json\/wp\/v2\/product"}],"about":[{"href":"https:\/\/shop.kustom.ch\/en\/wp-json\/wp\/v2\/types\/product"}],"wp:featuredmedia":[{"embeddable":true,"href":"https:\/\/shop.kustom.ch\/en\/wp-json\/wp\/v2\/media\/597725"}],"wp:attachment":[{"href":"https:\/\/shop.kustom.ch\/en\/wp-json\/wp\/v2\/media?parent=597659"}],"wp:term":[{"taxonomy":"product_brand","embeddable":true,"href":"https:\/\/shop.kustom.ch\/en\/wp-json\/wp\/v2\/product_brand?post=597659"},{"taxonomy":"product_cat","embeddable":true,"href":"https:\/\/shop.kustom.ch\/en\/wp-json\/wp\/v2\/product_cat?post=597659"},{"taxonomy":"product_tag","embeddable":true,"href":"https:\/\/shop.kustom.ch\/en\/wp-json\/wp\/v2\/product_tag?post=597659"}],"curies":[{"name":"wp","href":"https:\/\/api.w.org\/{rel}","templated":true}]}}