{"id":597397,"date":"2025-03-05T01:25:05","date_gmt":"2025-03-05T00:25:05","guid":{"rendered":"https:\/\/shop.kustom.ch\/?post_type=product&#038;p=597397"},"modified":"2026-03-31T09:04:07","modified_gmt":"2026-03-31T08:04:07","slug":"winterjacke-4","status":"publish","type":"product","link":"https:\/\/shop.kustom.ch\/en\/product\/winterjacke-4\/","title":{"rendered":"Winter jacket"},"content":{"rendered":"<p>The craftsman's favourite jacket with a thick and warm lining. It's the details that make the difference: Mobile phone pocket, extended back, adjustable waist. Everything for good working comfort.<\/p>\n<p>CLOSURE: Adjustable waistband with press studs. Adjustable cuffs with press studs. DETAILS: D-ring. High collar. FRONT CLOSURE: Robust plastic zip. FUNCTIONALITY: Warm lining. Pre-shaped sleeves. MAIN FEATURES: Roofer. FABRIC: Men's. grey. Wind \/ wet \/ cold. POCKETS: Chest pockets with flaps and press studs. Inside pockets with mobile phone pocket. Front pockets with fleece lining. WASHING INSTRUCTIONS: 40\u00b0 C<\/p>\n<p>100% Cotton, twill, 370 g\/m\u00b2<\/p>","protected":false},"excerpt":{"rendered":"<p>Die Lieblingsjacke des Handwerkers mit dickem und w\u00e4rmenden Futter. Es sind die Details, die den Unterschied machen: Handytasche, verl\u00e4ngerter R\u00fccken, verstellbare Taillenweite. Alles f\u00fcr einen guten Arbeitskomfort. ABSCHLUSS: Verstellbarer Bund mit Druckkn\u00f6pfen. Verstellbare \u00c4rmelb\u00fcndchen mit Druckknopf. DETAILS: D-Ring. Hoher Kragen. FRONTVERSCHLUSS: Robuster Reissverschluss aus Kunststoff. FUNKTIONALIT\u00c4T: Warm gef\u00fcttert. Vorgeformte \u00c4rmel. HAUPTEIGENSCHAFTEN: Dachdecker. STOFF: Herren. grau. [&hellip;]<\/p>\n","protected":false},"featured_media":597461,"template":"","meta":[],"product_brand":[],"product_cat":[4186],"product_tag":[],"class_list":{"0":"post-597397","1":"product","2":"type-product","3":"status-publish","4":"has-post-thumbnail","6":"product_cat-jacken","7":"pa_brand-blaklaeder","8":"pa_brand-type-workwear","9":"pa_filter-color-grau","11":"first","12":"instock","13":"sale","14":"taxable","15":"shipping-taxable","16":"purchasable","17":"product-type-variable","18":"add-to-wishlist-before_image"},"exclude_global_add_ons":[],"addons":[],"acf":[],"_links":{"self":[{"href":"https:\/\/shop.kustom.ch\/en\/wp-json\/wp\/v2\/product\/597397"}],"collection":[{"href":"https:\/\/shop.kustom.ch\/en\/wp-json\/wp\/v2\/product"}],"about":[{"href":"https:\/\/shop.kustom.ch\/en\/wp-json\/wp\/v2\/types\/product"}],"wp:featuredmedia":[{"embeddable":true,"href":"https:\/\/shop.kustom.ch\/en\/wp-json\/wp\/v2\/media\/597461"}],"wp:attachment":[{"href":"https:\/\/shop.kustom.ch\/en\/wp-json\/wp\/v2\/media?parent=597397"}],"wp:term":[{"taxonomy":"product_brand","embeddable":true,"href":"https:\/\/shop.kustom.ch\/en\/wp-json\/wp\/v2\/product_brand?post=597397"},{"taxonomy":"product_cat","embeddable":true,"href":"https:\/\/shop.kustom.ch\/en\/wp-json\/wp\/v2\/product_cat?post=597397"},{"taxonomy":"product_tag","embeddable":true,"href":"https:\/\/shop.kustom.ch\/en\/wp-json\/wp\/v2\/product_tag?post=597397"}],"curies":[{"name":"wp","href":"https:\/\/api.w.org\/{rel}","templated":true}]}}