{"id":597344,"date":"2025-03-05T01:24:27","date_gmt":"2025-03-05T00:24:27","guid":{"rendered":"https:\/\/shop.kustom.ch\/?post_type=product&#038;p=597344"},"modified":"2026-03-31T09:03:54","modified_gmt":"2026-03-31T08:03:54","slug":"flammschutz-unterhemd-half-zip-68-merinowolle","status":"publish","type":"product","link":"https:\/\/shop.kustom.ch\/en\/product\/flammschutz-unterhemd-half-zip-68-merinowolle\/","title":{"rendered":"Flame-retardant half-zip vest, 68% merino wool"},"content":{"rendered":"<p>Flame-retardant vest with half-zip made from high-quality merino wool. The best quality in terms of material and workmanship guarantees all the requirements of good underwear. This model has an extended back and a high collar for excellent protection in cold and harsh weather conditions. In addition to an ergonomic fit and protective properties, this underwear has the unique ability to retain heat in both wet and dry environments. It is ideal for both indoor and outdoor environments. Washable on a gentle cycle at 60\u00baC. Certified according to EN 1149-5, EN ISO 11612, IEC 61482-2. EBT 7.3 cal\/cm\u00b2.<\/p>\n<p>CLOSURE: Extended back. Cuffs with cuffs. DETAILS: External certification labels. High collar with concealed zip. Contrasting seams. MAIN FEATURES: EN 1149-5. FABRIC: Men's. black. Flame retardant. WASHING INSTRUCTIONS: Tumble dry - low. CERTIFICATION: EBT 7.3 cal\/cm\u00b2, HAF: 78.6%. EN 1149-5. ISO 11612 A1, B1, C1. ELIM - 6.2 cal\/cm\u00b2<\/p>\n<p>68% wool, 30% modacrylic, 2% antistatic, merino interlock, flame-retardant, antistatic, 225 g\/m\u00b2<\/p>","protected":false},"excerpt":{"rendered":"<p>Flammschutz Unterhemd mit Half-Zip aus hochqualitativer Merinowolle. Die beste Qualit\u00e4t in Bezug auf Material und Verarbeitung garantiert alle Anforderungen von guter Unterw\u00e4sche. Dieses Modell hat einen verl\u00e4ngerten R\u00fccken und einen hohen Kragen f\u00fcr einen ausgezeichneten Schutz unter kalten und rauen Wetterbedingungen. Neben einer ergonomischen Passform und den Schutzeigenschaften hat diese Unterw\u00e4sche die einzigartige F\u00e4higkeit die [&hellip;]<\/p>\n","protected":false},"featured_media":597386,"template":"","meta":[],"product_brand":[],"product_cat":[4206],"product_tag":[],"class_list":{"0":"post-597344","1":"product","2":"type-product","3":"status-publish","4":"has-post-thumbnail","6":"product_cat-underwear","7":"pa_brand-blaklaeder","8":"pa_brand-type-workwear","9":"pa_filter-color-schwarz","11":"first","12":"instock","13":"sale","14":"taxable","15":"shipping-taxable","16":"purchasable","17":"product-type-variable","18":"add-to-wishlist-before_image"},"exclude_global_add_ons":[],"addons":[],"acf":[],"_links":{"self":[{"href":"https:\/\/shop.kustom.ch\/en\/wp-json\/wp\/v2\/product\/597344"}],"collection":[{"href":"https:\/\/shop.kustom.ch\/en\/wp-json\/wp\/v2\/product"}],"about":[{"href":"https:\/\/shop.kustom.ch\/en\/wp-json\/wp\/v2\/types\/product"}],"wp:featuredmedia":[{"embeddable":true,"href":"https:\/\/shop.kustom.ch\/en\/wp-json\/wp\/v2\/media\/597386"}],"wp:attachment":[{"href":"https:\/\/shop.kustom.ch\/en\/wp-json\/wp\/v2\/media?parent=597344"}],"wp:term":[{"taxonomy":"product_brand","embeddable":true,"href":"https:\/\/shop.kustom.ch\/en\/wp-json\/wp\/v2\/product_brand?post=597344"},{"taxonomy":"product_cat","embeddable":true,"href":"https:\/\/shop.kustom.ch\/en\/wp-json\/wp\/v2\/product_cat?post=597344"},{"taxonomy":"product_tag","embeddable":true,"href":"https:\/\/shop.kustom.ch\/en\/wp-json\/wp\/v2\/product_tag?post=597344"}],"curies":[{"name":"wp","href":"https:\/\/api.w.org\/{rel}","templated":true}]}}