{"id":597338,"date":"2025-03-05T01:23:57","date_gmt":"2025-03-05T00:23:57","guid":{"rendered":"https:\/\/shop.kustom.ch\/?post_type=product&#038;p=597338"},"modified":"2026-03-31T09:03:53","modified_gmt":"2026-03-31T08:03:53","slug":"flammschutz-unterhemd-68-merinowolle","status":"publish","type":"product","link":"https:\/\/shop.kustom.ch\/en\/product\/flammschutz-unterhemd-68-merinowolle\/","title":{"rendered":"Flame-retardant vest, 68% merino wool"},"content":{"rendered":"<p>Flame-retardant vest made from high-quality merino wool. The best quality in terms of material and workmanship guarantees all the requirements of good underwear. In addition to an ergonomic fit and protective properties, this underwear has the unique ability to retain heat in both wet and dry environments. It is ideal for both indoor and outdoor environments. Washable on a gentle cycle at 60\u00b0C. Certified according to EN 1149-5, EN ISO 11612, IEC 61482-2, EBT 7.3 cal\/cm\u00b2.<\/p>\n<p>CLOSURE: Extended back. Cuffs with cuffs. DETAILS: External certification labels. Round neck. Contrast stitching. MAIN FEATURES: EN 1149-5. FABRIC: Men's. black. Flame retardant. WASHING INSTRUCTIONS: Do not iron. CERTIFICATION: EBT 7.3 cal\/cm\u00b2, HAF: 78.6%. EN 1149-5. ISO 11612 A1, B1, C1. IEC 61482-2, APC 1<\/p>\n<p>68% wool, 30% modacrylic, 2% antistatic, merino interlock, flame-retardant, antistatic, 225 g\/m\u00b2<\/p>","protected":false},"excerpt":{"rendered":"<p>Flammschutz Unterhemd aus hochqualitativer Merinowolle. Die beste Qualit\u00e4t in Bezug auf Material und Verarbeitung garantiert alle Anforderungen von guter Unterw\u00e4sche. Neben einer ergonomischen Passform und den Schutzeigenschaften hat diese Unterw\u00e4sche die einzigartige F\u00e4higkeit, die W\u00e4rme zu halten, sowohl in nasser als auch in trockener Umgebung. Sie ist ideal geeignet f\u00fcr Umgebungen drinnen und draussen. Zu [&hellip;]<\/p>\n","protected":false},"featured_media":597385,"template":"","meta":[],"product_brand":[],"product_cat":[4206],"product_tag":[],"class_list":{"0":"post-597338","1":"product","2":"type-product","3":"status-publish","4":"has-post-thumbnail","6":"product_cat-underwear","7":"pa_brand-blaklaeder","8":"pa_brand-type-workwear","9":"pa_filter-color-schwarz","11":"first","12":"instock","13":"sale","14":"taxable","15":"shipping-taxable","16":"purchasable","17":"product-type-variable","18":"add-to-wishlist-before_image"},"exclude_global_add_ons":[],"addons":[],"acf":[],"_links":{"self":[{"href":"https:\/\/shop.kustom.ch\/en\/wp-json\/wp\/v2\/product\/597338"}],"collection":[{"href":"https:\/\/shop.kustom.ch\/en\/wp-json\/wp\/v2\/product"}],"about":[{"href":"https:\/\/shop.kustom.ch\/en\/wp-json\/wp\/v2\/types\/product"}],"wp:featuredmedia":[{"embeddable":true,"href":"https:\/\/shop.kustom.ch\/en\/wp-json\/wp\/v2\/media\/597385"}],"wp:attachment":[{"href":"https:\/\/shop.kustom.ch\/en\/wp-json\/wp\/v2\/media?parent=597338"}],"wp:term":[{"taxonomy":"product_brand","embeddable":true,"href":"https:\/\/shop.kustom.ch\/en\/wp-json\/wp\/v2\/product_brand?post=597338"},{"taxonomy":"product_cat","embeddable":true,"href":"https:\/\/shop.kustom.ch\/en\/wp-json\/wp\/v2\/product_cat?post=597338"},{"taxonomy":"product_tag","embeddable":true,"href":"https:\/\/shop.kustom.ch\/en\/wp-json\/wp\/v2\/product_tag?post=597338"}],"curies":[{"name":"wp","href":"https:\/\/api.w.org\/{rel}","templated":true}]}}