{"id":597322,"date":"2025-03-05T01:23:54","date_gmt":"2025-03-05T00:23:54","guid":{"rendered":"https:\/\/shop.kustom.ch\/?post_type=product&#038;p=597322"},"modified":"2026-03-31T09:03:52","modified_gmt":"2026-03-31T08:03:52","slug":"flammschutz-wolljacke","status":"publish","type":"product","link":"https:\/\/shop.kustom.ch\/en\/product\/flammschutz-wolljacke\/","title":{"rendered":"Flame retardant woollen jacket"},"content":{"rendered":"<p>A flame-retardant and metal-free woollen garment that can be worn as a jacket over a base layer or as reinforcing clothing under a coat. The jacket's woollen terry cloth provides good heat protection and keeps you warm in the cold. The jacket has cuffs with thumb grip and is a perfect match for Bl\u00e5kl\u00e4der's 4088 shell jacket, an ideal garment for outdoor work in areas such as electricity and wind and water power. EN 1149-5, EN ISO 11612, IEC 61482-2. <\/p>\n<p>CLOSURE: Extended back. Extended cuffs with thumb opening and elasticated hem. DETAILS: External certification labels. High collar with concealed zip. FRONT CLOSURE: Concealed plastic zip. FUNCTIONALITY: Metal-free. MAIN FEATURES: Electrician. EN ISO 11612. FABRIC: Men's. black. Flame retardant. WASHING INSTRUCTIONS: Do not iron. CERTIFICATION: EN 1149-5. EN ISO 11612 A1, B2, C2, F2. EBT - 6.4 cal\/cm\u00b2<\/p>\n<p>79% wool, 19% modacrylic, 2% antistatic, merino wool, terry knit, flame retardant, antistatic 390 g\/m\u00b2<\/p>","protected":false},"excerpt":{"rendered":"<p>Ein flammhemmendes und metallfreies Woll-Kleidungsst\u00fcck, das als Jacke \u00fcber einem Unterzieher oder als verst\u00e4rkende Kleidung unter einem Mantel getragen werden kann. Das Woll-Frottee der Jacke bietet einen guten Hitzeschutz und h\u00e4lt bei K\u00e4lte warm. Die Jacke hat \u00c4rmelabschl\u00fcsse mit Daumengriff und sie passt perfekt zu Bl\u00e5kl\u00e4ders Shelljacke 4088. Ein ideales Kleidungsst\u00fcck f\u00fcr Arbeiten im Freien [&hellip;]<\/p>\n","protected":false},"featured_media":597382,"template":"","meta":[],"product_brand":[],"product_cat":[4186],"product_tag":[],"class_list":{"0":"post-597322","1":"product","2":"type-product","3":"status-publish","4":"has-post-thumbnail","6":"product_cat-jacken","7":"pa_brand-blaklaeder","8":"pa_brand-type-workwear","9":"pa_filter-color-schwarz","11":"first","12":"instock","13":"sale","14":"taxable","15":"shipping-taxable","16":"purchasable","17":"product-type-variable","18":"add-to-wishlist-before_image"},"exclude_global_add_ons":[],"addons":[],"acf":[],"_links":{"self":[{"href":"https:\/\/shop.kustom.ch\/en\/wp-json\/wp\/v2\/product\/597322"}],"collection":[{"href":"https:\/\/shop.kustom.ch\/en\/wp-json\/wp\/v2\/product"}],"about":[{"href":"https:\/\/shop.kustom.ch\/en\/wp-json\/wp\/v2\/types\/product"}],"wp:featuredmedia":[{"embeddable":true,"href":"https:\/\/shop.kustom.ch\/en\/wp-json\/wp\/v2\/media\/597382"}],"wp:attachment":[{"href":"https:\/\/shop.kustom.ch\/en\/wp-json\/wp\/v2\/media?parent=597322"}],"wp:term":[{"taxonomy":"product_brand","embeddable":true,"href":"https:\/\/shop.kustom.ch\/en\/wp-json\/wp\/v2\/product_brand?post=597322"},{"taxonomy":"product_cat","embeddable":true,"href":"https:\/\/shop.kustom.ch\/en\/wp-json\/wp\/v2\/product_cat?post=597322"},{"taxonomy":"product_tag","embeddable":true,"href":"https:\/\/shop.kustom.ch\/en\/wp-json\/wp\/v2\/product_tag?post=597322"}],"curies":[{"name":"wp","href":"https:\/\/api.w.org\/{rel}","templated":true}]}}