{"id":597195,"date":"2025-03-05T01:16:45","date_gmt":"2025-03-05T00:16:45","guid":{"rendered":"https:\/\/shop.kustom.ch\/?post_type=product&#038;p=597195"},"modified":"2026-03-31T09:03:42","modified_gmt":"2026-03-31T08:03:42","slug":"flammschutz-winterjacke-2","status":"publish","type":"product","link":"https:\/\/shop.kustom.ch\/en\/product\/flammschutz-winterjacke-2\/","title":{"rendered":"Flame protection winter jacket"},"content":{"rendered":"<p>Oil, dirt and water-repellent flame-retardant jacket for winter use, with a robust, concealed metal zip and practical pockets. Extended back and movable sleeves for greater comfort. Certified according to EN 342, EN 1149-5, EN ISO 11611, EN 13034, EN ISO 11612, IEC 61482-2. ATPV: 16.0 cal\/ cm\u00b2.<\/p>\n<p>CLOSURE: Adjustable waistband with Velcro fastening. Adjustable cuffs with Velcro fastening. DETAILS: Bellows at the back. External certification labels. Saddle seam at the back. High collar with concealed zip. FRONT CLOSURE: Concealed, reinforced metal zip. FUNCTIONALITY: Oil, dirt and water repellent. MAIN PROPERTIES: Electrician. EN 1149-5. FABRIC: Men's. blue. Flame retardant. POCKETS: Chest pockets with concealed zip. Inside pocket. Inset pockets with flaps. WASHING INSTRUCTIONS: Do not iron. CERTIFICATION: EN 1149-5. EN 13034 PB (6). EN 342 together with 1869-1514. EN ISO 11611, class 1 A1. EN ISO 11612 A1, B1, C1, E1, F1. IEC 61482-2, APC 2<\/p>\n<p>85% cotton, 14% polyester, 1% antistatic, twill, flame-retardant, antistatic, 350 g\/m\u00b2<\/p>","protected":false},"excerpt":{"rendered":"<p>\u00d6l-, schmutz- und wasserabweisende flammhemmende Jacke f\u00fcr den Wintereinsatz, mit einem robusten, verdeckten Metallreissverschluss und praktischen Taschen. Verl\u00e4ngerte R\u00fcckseite und bewegliche \u00c4rmel f\u00fcr mehr Komfort. Zertifiziert nach EN 342, EN 1149-5, EN ISO 11611, EN 13034, EN ISO 11612, IEC 61482-2. ATPV: 16,0 cal\/ cm\u00b2. ABSCHLUSS: Verstellbarer Bund mit Klettverschluss. Verstellbare \u00c4rmelb\u00fcndchen mit Klettverschluss. DETAILS: [&hellip;]<\/p>\n","protected":false},"featured_media":597243,"template":"","meta":[],"product_brand":[],"product_cat":[4186],"product_tag":[],"class_list":{"0":"post-597195","1":"product","2":"type-product","3":"status-publish","4":"has-post-thumbnail","6":"product_cat-jacken","7":"pa_brand-blaklaeder","8":"pa_brand-type-workwear","9":"pa_filter-color-blau","11":"first","12":"instock","13":"sale","14":"taxable","15":"shipping-taxable","16":"purchasable","17":"product-type-variable","18":"add-to-wishlist-before_image"},"exclude_global_add_ons":[],"addons":[],"acf":[],"_links":{"self":[{"href":"https:\/\/shop.kustom.ch\/en\/wp-json\/wp\/v2\/product\/597195"}],"collection":[{"href":"https:\/\/shop.kustom.ch\/en\/wp-json\/wp\/v2\/product"}],"about":[{"href":"https:\/\/shop.kustom.ch\/en\/wp-json\/wp\/v2\/types\/product"}],"wp:featuredmedia":[{"embeddable":true,"href":"https:\/\/shop.kustom.ch\/en\/wp-json\/wp\/v2\/media\/597243"}],"wp:attachment":[{"href":"https:\/\/shop.kustom.ch\/en\/wp-json\/wp\/v2\/media?parent=597195"}],"wp:term":[{"taxonomy":"product_brand","embeddable":true,"href":"https:\/\/shop.kustom.ch\/en\/wp-json\/wp\/v2\/product_brand?post=597195"},{"taxonomy":"product_cat","embeddable":true,"href":"https:\/\/shop.kustom.ch\/en\/wp-json\/wp\/v2\/product_cat?post=597195"},{"taxonomy":"product_tag","embeddable":true,"href":"https:\/\/shop.kustom.ch\/en\/wp-json\/wp\/v2\/product_tag?post=597195"}],"curies":[{"name":"wp","href":"https:\/\/api.w.org\/{rel}","templated":true}]}}