{"id":597137,"date":"2025-03-05T01:15:35","date_gmt":"2025-03-05T00:15:35","guid":{"rendered":"https:\/\/shop.kustom.ch\/?post_type=product&#038;p=597137"},"modified":"2026-03-31T09:03:38","modified_gmt":"2026-03-31T08:03:38","slug":"high-vis-leichte-gefuetterte-winterjacke","status":"publish","type":"product","link":"https:\/\/shop.kustom.ch\/en\/product\/high-vis-leichte-gefuetterte-winterjacke\/","title":{"rendered":"High Vis lightweight, lined winter jacket"},"content":{"rendered":"<p>A lightweight high-vis winter jacket with plenty of freedom of movement and good properties for cold weather conditions. The jacket is wind and waterproof with taped seams and has a lightweight mesh lining that increases flexibility and keeps you warm. Printed reflective details on the shoulders offer good visibility even from above. A hood made of high vis fabric and press studs can also be attached (model 2165 with light lining or 2166 with mesh lining). Certified according to EN 343 and EN ISO 20471 XS-S class 2, M-&gt; class 3, protective clothing for high visibility.<\/p>\n<p>CLOSURE: Adjustable waistband with drawstring. Adjustable cuffs with Velcro fastening. DETAILS: zip in the lining for easy textile finishing. D-ring. Logo print on the chest. Detachable and adjustable hood (sold separately, item no. 2165, 2166). FRONT CLOSURE: Plastic zip. FUNCTIONALITY: Windproof &amp; waterproof material with breathability, taped seams. Pre-shaped sleeves. MAIN FEATURES: Driver. EN ISO 20471. REFLEX: Reflective details. FABRIC: Men's. High-vis yellow. Breathability. High visibility. POCKETS: Chest pockets with zip. Inner pocket with zip. Side pockets with zip. WASHING INSTRUCTIONS: Number of washes: 25, do not iron. CERTIFICATION: EN 342 together with Art. 1885. EN 343, class 4.2. EN ISO 20471 XS-S class 2, M class 3<\/p>\n<p>100% polyester, Oxford, coated, waterproof 15,000 mm, windproof, breathable Ret 8.5, 200g\/m\u00b2<\/p>","protected":false},"excerpt":{"rendered":"<p>Eine leichte High Vis Winterjacke mit viel Bewegungsfreiheit und guten Eigenschaften f\u00fcr kalte Wetterbedingungen. Die Jacke ist wind- und wasserdicht mit verklebten N\u00e4hten und hat ein leichtes Mesh Futter, das die Flexibilit\u00e4t erh\u00f6ht und warm h\u00e4lt. Aufgedruckte Reflexdetails auf den Schultern bieten gute Sichtbarkeit sogar von oben. Eine Kapuze aus High Vis Stoff und Druckkn\u00f6pfen [&hellip;]<\/p>\n","protected":false},"featured_media":597206,"template":"","meta":[],"product_brand":[],"product_cat":[4186],"product_tag":[],"class_list":{"0":"post-597137","1":"product","2":"type-product","3":"status-publish","4":"has-post-thumbnail","6":"product_cat-jacken","7":"pa_brand-blaklaeder","8":"pa_brand-type-workwear","9":"pa_filter-color-blau","10":"pa_filter-color-gelb","11":"pa_filter-color-grau","12":"pa_filter-color-orange","13":"pa_filter-color-rot","14":"pa_filter-color-schwarz","16":"first","17":"instock","18":"sale","19":"taxable","20":"shipping-taxable","21":"purchasable","22":"product-type-variable","23":"add-to-wishlist-before_image"},"exclude_global_add_ons":[],"addons":[],"acf":[],"_links":{"self":[{"href":"https:\/\/shop.kustom.ch\/en\/wp-json\/wp\/v2\/product\/597137"}],"collection":[{"href":"https:\/\/shop.kustom.ch\/en\/wp-json\/wp\/v2\/product"}],"about":[{"href":"https:\/\/shop.kustom.ch\/en\/wp-json\/wp\/v2\/types\/product"}],"wp:featuredmedia":[{"embeddable":true,"href":"https:\/\/shop.kustom.ch\/en\/wp-json\/wp\/v2\/media\/597206"}],"wp:attachment":[{"href":"https:\/\/shop.kustom.ch\/en\/wp-json\/wp\/v2\/media?parent=597137"}],"wp:term":[{"taxonomy":"product_brand","embeddable":true,"href":"https:\/\/shop.kustom.ch\/en\/wp-json\/wp\/v2\/product_brand?post=597137"},{"taxonomy":"product_cat","embeddable":true,"href":"https:\/\/shop.kustom.ch\/en\/wp-json\/wp\/v2\/product_cat?post=597137"},{"taxonomy":"product_tag","embeddable":true,"href":"https:\/\/shop.kustom.ch\/en\/wp-json\/wp\/v2\/product_tag?post=597137"}],"curies":[{"name":"wp","href":"https:\/\/api.w.org\/{rel}","templated":true}]}}