{"id":597062,"date":"2025-03-05T01:14:24","date_gmt":"2025-03-05T00:14:24","guid":{"rendered":"https:\/\/shop.kustom.ch\/?post_type=product&#038;p=597062"},"modified":"2026-03-31T09:03:18","modified_gmt":"2026-03-31T08:03:18","slug":"softshell-jacke-mit-kapuze","status":"publish","type":"product","link":"https:\/\/shop.kustom.ch\/en\/product\/softshell-jacke-mit-kapuze\/","title":{"rendered":"Softshell jacket with hood"},"content":{"rendered":"<p>A soft softshell jacket from the Unite collection with a comfortable fabric that is wind-resistant and has good breathability. For optimum comfort, the jacket has pre-shaped sleeves, an extended back and a fleece-lined collar. The jacket is adjustable at the sleeves and waist and has several pockets. It has an adjustable hood with drawstring. <\/p>\n<p>CLOSURE: Extended back. Adjustable cuffs with Velcro fastening. DETAILS: Fixed, adjustable hood. FRONT CLOSURE: Front zip with fleece chin guard. FUNCTIONALITY: Windproof with good breathability. MAIN PROPERTIES: Cleaning power. FABRIC: Men's. green. water-repellent. Wind \/ wet \/ cold. POCKETS: Chest pocket with zip. Inside pockets. Front pockets with zips. WASHING INSTRUCTIONS: Do not iron<\/p>\n<p>100% Polyester, 2-ply, softshell, sealed, water-repellent 255 g\/m\u00b2<\/p>","protected":false},"excerpt":{"rendered":"<p>Eine weiche Softshell Jacke aus der Unite Kollektion mit einem komfortablen Stoff, der windabweisend ist und eine gute Atmungsaktivit\u00e4t hat. F\u00fcr optimalen Komfort hat die Jacke vorgeformte \u00c4rmel, einen verl\u00e4ngerten R\u00fccken und einen Fleece gef\u00fctterten Kragen. Die Jacke ist an den \u00c4rmeln und am Bund einstellbar und sie hat mehrere Taschen. Sie hat eine einstellbare [&hellip;]<\/p>\n","protected":false},"featured_media":597112,"template":"","meta":[],"product_brand":[],"product_cat":[4186],"product_tag":[],"class_list":{"0":"post-597062","1":"product","2":"type-product","3":"status-publish","4":"has-post-thumbnail","6":"product_cat-jacken","7":"pa_brand-blaklaeder","8":"pa_brand-type-workwear","9":"pa_filter-color-blau","10":"pa_filter-color-braun","11":"pa_filter-color-gelb","12":"pa_filter-color-grau","13":"pa_filter-color-gruen","14":"pa_filter-color-rot","15":"pa_filter-color-schwarz","17":"first","18":"instock","19":"sale","20":"taxable","21":"shipping-taxable","22":"purchasable","23":"product-type-variable","24":"add-to-wishlist-before_image"},"exclude_global_add_ons":[],"addons":[],"acf":[],"_links":{"self":[{"href":"https:\/\/shop.kustom.ch\/en\/wp-json\/wp\/v2\/product\/597062"}],"collection":[{"href":"https:\/\/shop.kustom.ch\/en\/wp-json\/wp\/v2\/product"}],"about":[{"href":"https:\/\/shop.kustom.ch\/en\/wp-json\/wp\/v2\/types\/product"}],"wp:featuredmedia":[{"embeddable":true,"href":"https:\/\/shop.kustom.ch\/en\/wp-json\/wp\/v2\/media\/597112"}],"wp:attachment":[{"href":"https:\/\/shop.kustom.ch\/en\/wp-json\/wp\/v2\/media?parent=597062"}],"wp:term":[{"taxonomy":"product_brand","embeddable":true,"href":"https:\/\/shop.kustom.ch\/en\/wp-json\/wp\/v2\/product_brand?post=597062"},{"taxonomy":"product_cat","embeddable":true,"href":"https:\/\/shop.kustom.ch\/en\/wp-json\/wp\/v2\/product_cat?post=597062"},{"taxonomy":"product_tag","embeddable":true,"href":"https:\/\/shop.kustom.ch\/en\/wp-json\/wp\/v2\/product_tag?post=597062"}],"curies":[{"name":"wp","href":"https:\/\/api.w.org\/{rel}","templated":true}]}}