{"id":597044,"date":"2025-03-05T01:14:20","date_gmt":"2025-03-05T00:14:20","guid":{"rendered":"https:\/\/shop.kustom.ch\/?post_type=product&#038;p=597044"},"modified":"2026-03-31T09:03:13","modified_gmt":"2026-03-31T08:03:13","slug":"softshell-jacke-5","status":"publish","type":"product","link":"https:\/\/shop.kustom.ch\/en\/product\/softshell-jacke-5\/","title":{"rendered":"Softshell jacket"},"content":{"rendered":"<p>A water and wind-repellent jacket made from soft softshell, which is perfect for raising the profile of your company as it has a good surface for decoration. The warm and comfortable jacket has a breast pocket, side pockets, a drawstring at the collar, a drawstring at the hem and the cuffs are adjustable.<\/p>\n<p>CLOSURE: Adjustable waistband with drawstring. Adjustable cuffs with Velcro fastening. DETAILS: Print on the chest. Fleece-lined collar. FRONT CLOSURE: Front zip with fleece chin guard. MAIN FEATURES: Plumber. FABRIC: Men's. black. Breathability. Wind \/ wet \/ cold. POCKETS: Chest pocket with zip. Front pockets with zips. WASHING INSTRUCTIONS: Do not dry clean<\/p>\n<p>100% Polyester, 2-ply, softshell, sealed, water-repellent 255 g\/m\u00b2<\/p>","protected":false},"excerpt":{"rendered":"<p>Eine wasser- und windabweisende Jacke aus weichem Softshell, die sich perfekt zur Profilierung Ihres Unternehmens eignet, da sie \u00fcber eine gute Oberfl\u00e4che f\u00fcr Veredelungen verf\u00fcgt. Die warme und komfortable Jacke hat eine Brusttasche, Seitentaschen, einen Kordelzug am Kragen, einen Kordelzug am Saum und der \u00c4rmelbund ist einstellbar. ABSCHLUSS: Verstellbarer Bund mit Kordelzug. Verstellbare \u00c4rmelb\u00fcndchen mit [&hellip;]<\/p>\n","protected":false},"featured_media":597073,"template":"","meta":[],"product_brand":[],"product_cat":[4186],"product_tag":[],"class_list":{"0":"post-597044","1":"product","2":"type-product","3":"status-publish","4":"has-post-thumbnail","6":"product_cat-jacken","7":"pa_brand-blaklaeder","8":"pa_brand-type-workwear","9":"pa_filter-color-schwarz","11":"first","12":"instock","13":"sale","14":"taxable","15":"shipping-taxable","16":"purchasable","17":"product-type-variable","18":"add-to-wishlist-before_image"},"exclude_global_add_ons":[],"addons":[],"acf":[],"_links":{"self":[{"href":"https:\/\/shop.kustom.ch\/en\/wp-json\/wp\/v2\/product\/597044"}],"collection":[{"href":"https:\/\/shop.kustom.ch\/en\/wp-json\/wp\/v2\/product"}],"about":[{"href":"https:\/\/shop.kustom.ch\/en\/wp-json\/wp\/v2\/types\/product"}],"wp:featuredmedia":[{"embeddable":true,"href":"https:\/\/shop.kustom.ch\/en\/wp-json\/wp\/v2\/media\/597073"}],"wp:attachment":[{"href":"https:\/\/shop.kustom.ch\/en\/wp-json\/wp\/v2\/media?parent=597044"}],"wp:term":[{"taxonomy":"product_brand","embeddable":true,"href":"https:\/\/shop.kustom.ch\/en\/wp-json\/wp\/v2\/product_brand?post=597044"},{"taxonomy":"product_cat","embeddable":true,"href":"https:\/\/shop.kustom.ch\/en\/wp-json\/wp\/v2\/product_cat?post=597044"},{"taxonomy":"product_tag","embeddable":true,"href":"https:\/\/shop.kustom.ch\/en\/wp-json\/wp\/v2\/product_tag?post=597044"}],"curies":[{"name":"wp","href":"https:\/\/api.w.org\/{rel}","templated":true}]}}