{"id":596985,"date":"2025-03-05T01:13:14","date_gmt":"2025-03-05T00:13:14","guid":{"rendered":"https:\/\/shop.kustom.ch\/?post_type=product&#038;p=596985"},"modified":"2026-03-31T09:03:04","modified_gmt":"2026-03-31T08:03:04","slug":"softshell-jacke-4","status":"publish","type":"product","link":"https:\/\/shop.kustom.ch\/en\/product\/softshell-jacke-4\/","title":{"rendered":"Softshell jacket"},"content":{"rendered":"<p>Flexible and versatile softshell jacket with adjustable hood. Dark reflectors on the shoulders and back and robust zips. The jacket has been developed to offer maximum freedom of movement and is made from a stretchy, windproof and waterproof fabric.<\/p>\n<p>CLOSURE: Extended back. Adjustable sleeve hem with concealed plastic press studs. DETAILS: Detachable, adjustable hood. Metal button. Fleece-lined collar. FRONT CLOSURE: Front zip with fleece chin guard. FUNCTIONALITY: 2-way stretch. MAIN FEATURES: Fitter. REFLEX: Dark-coloured reflective stripes on shoulders and back. FABRIC: Available for men and women. black. water-repellent. Stretch. POCKETS: Chest pockets with zip. Inside pockets. Front pockets with zips. WASHING INSTRUCTIONS: 40\u00b0 C<\/p>\n<p>92% polyester, 8% elastane, 3-layer softshell, waterproof 11,000 mm, windproof, breathable Ret 20.0, stretch, 255 g\/m\u00b2<\/p>","protected":false},"excerpt":{"rendered":"<p>Flexible und vielseitige Softshell Jacke mit verstellbarer Kapuze. Dunkle Reflektoren an Schultern und R\u00fccken sowie robuste Reissverschl\u00fcsse. Die Jacke wurde entwickelt, um maximale Bewegungsfreiheit zu bieten und sie besteht aus einem dehnbaren, wind- und wasserdichten Stoff. ABSCHLUSS: Verl\u00e4ngerter R\u00fccken. Einstellbarer \u00c4rmelsaum mit verdeckten Kunststoff-Druckkn\u00f6pfen. DETAILS: Abnehmbare, verstellbare Kapuze. Metallknopf. Fleecegef\u00fctterter Kragen. FRONTVERSCHLUSS: Reissverschluss vorne mit [&hellip;]<\/p>\n","protected":false},"featured_media":597039,"template":"","meta":[],"product_brand":[],"product_cat":[4186],"product_tag":[],"class_list":{"0":"post-596985","1":"product","2":"type-product","3":"status-publish","4":"has-post-thumbnail","6":"product_cat-jacken","7":"pa_brand-blaklaeder","8":"pa_brand-type-workwear","9":"pa_filter-color-schwarz","11":"first","12":"instock","13":"sale","14":"taxable","15":"shipping-taxable","16":"purchasable","17":"product-type-variable","18":"add-to-wishlist-before_image"},"exclude_global_add_ons":[],"addons":[],"acf":[],"_links":{"self":[{"href":"https:\/\/shop.kustom.ch\/en\/wp-json\/wp\/v2\/product\/596985"}],"collection":[{"href":"https:\/\/shop.kustom.ch\/en\/wp-json\/wp\/v2\/product"}],"about":[{"href":"https:\/\/shop.kustom.ch\/en\/wp-json\/wp\/v2\/types\/product"}],"wp:featuredmedia":[{"embeddable":true,"href":"https:\/\/shop.kustom.ch\/en\/wp-json\/wp\/v2\/media\/597039"}],"wp:attachment":[{"href":"https:\/\/shop.kustom.ch\/en\/wp-json\/wp\/v2\/media?parent=596985"}],"wp:term":[{"taxonomy":"product_brand","embeddable":true,"href":"https:\/\/shop.kustom.ch\/en\/wp-json\/wp\/v2\/product_brand?post=596985"},{"taxonomy":"product_cat","embeddable":true,"href":"https:\/\/shop.kustom.ch\/en\/wp-json\/wp\/v2\/product_cat?post=596985"},{"taxonomy":"product_tag","embeddable":true,"href":"https:\/\/shop.kustom.ch\/en\/wp-json\/wp\/v2\/product_tag?post=596985"}],"curies":[{"name":"wp","href":"https:\/\/api.w.org\/{rel}","templated":true}]}}