{"id":596872,"date":"2025-03-05T01:11:23","date_gmt":"2025-03-05T00:11:23","guid":{"rendered":"https:\/\/shop.kustom.ch\/?post_type=product&#038;p=596872"},"modified":"2026-03-31T09:02:22","modified_gmt":"2026-03-31T08:02:22","slug":"bundjacke-baumwolle","status":"publish","type":"product","link":"https:\/\/shop.kustom.ch\/en\/product\/bundjacke-baumwolle\/","title":{"rendered":"Waistband jacket cotton"},"content":{"rendered":"<p>CLOSURE: Adjustable waistband with Velcro fastening. Adjustable cuffs with Velcro fastening. DETAILS: Bellows at the back. FRONT CLOSURE: Plastic zip. MAIN FEATURES: Cleaning power. FABRIC: Men's. blue. Industry \/ Service. POCKETS: Chest pockets with flaps. Side pockets. Sleeve pocket with pen pocket. WASHING INSTRUCTIONS: Do not bleach<\/p>\n<p>100% Cotton, twill, 320 g\/m\u00b2<\/p>","protected":false},"excerpt":{"rendered":"<p>ABSCHLUSS: Verstellbarer Bund mit Klettverschluss. Verstellbare \u00c4rmelb\u00fcndchen mit Klettverschluss. DETAILS: Balg am R\u00fccken. FRONTVERSCHLUSS: Reissverschluss aus Kunststoff. HAUPTEIGENSCHAFTEN: Reinigungskraft. STOFF: Herren. blau. Industrie \/ Service. TASCHEN: Brusttaschen mit Patten. Seitentaschen. \u00c4rmeltasche mit Stifttasche. WASCHANLEITUNG: Nicht bleichen 100% Baumwolle, K\u00f6per, 320 g\/m\u00b2<\/p>","protected":false},"featured_media":596937,"template":"","meta":[],"product_brand":[],"product_cat":[4186],"product_tag":[],"class_list":{"0":"post-596872","1":"product","2":"type-product","3":"status-publish","4":"has-post-thumbnail","6":"product_cat-jacken","7":"pa_brand-blaklaeder","8":"pa_brand-type-workwear","9":"pa_filter-color-blau","10":"pa_filter-color-schwarz","12":"first","13":"instock","14":"sale","15":"taxable","16":"shipping-taxable","17":"purchasable","18":"product-type-variable","19":"add-to-wishlist-before_image"},"exclude_global_add_ons":[],"addons":[],"acf":[],"_links":{"self":[{"href":"https:\/\/shop.kustom.ch\/en\/wp-json\/wp\/v2\/product\/596872"}],"collection":[{"href":"https:\/\/shop.kustom.ch\/en\/wp-json\/wp\/v2\/product"}],"about":[{"href":"https:\/\/shop.kustom.ch\/en\/wp-json\/wp\/v2\/types\/product"}],"wp:featuredmedia":[{"embeddable":true,"href":"https:\/\/shop.kustom.ch\/en\/wp-json\/wp\/v2\/media\/596937"}],"wp:attachment":[{"href":"https:\/\/shop.kustom.ch\/en\/wp-json\/wp\/v2\/media?parent=596872"}],"wp:term":[{"taxonomy":"product_brand","embeddable":true,"href":"https:\/\/shop.kustom.ch\/en\/wp-json\/wp\/v2\/product_brand?post=596872"},{"taxonomy":"product_cat","embeddable":true,"href":"https:\/\/shop.kustom.ch\/en\/wp-json\/wp\/v2\/product_cat?post=596872"},{"taxonomy":"product_tag","embeddable":true,"href":"https:\/\/shop.kustom.ch\/en\/wp-json\/wp\/v2\/product_tag?post=596872"}],"curies":[{"name":"wp","href":"https:\/\/api.w.org\/{rel}","templated":true}]}}