{"id":596815,"date":"2025-03-05T01:10:06","date_gmt":"2025-03-05T00:10:06","guid":{"rendered":"https:\/\/shop.kustom.ch\/?post_type=product&#038;p=596815"},"modified":"2026-03-31T09:02:21","modified_gmt":"2026-03-31T08:02:21","slug":"damen-softshell-jacke","status":"publish","type":"product","link":"https:\/\/shop.kustom.ch\/en\/product\/damen-softshell-jacke\/","title":{"rendered":"Ladies softshell jacket"},"content":{"rendered":"<p>Flexible and versatile softshell jacket with a feminine cut and adjustable hood. Dark reflectors on the shoulders and back and robust zips. The jacket is designed for maximum freedom of movement and is made from a stretchy, windproof and waterproof fabric.<\/p>\n<p>CLOSURE: Adjustable waistband with drawstring. Adjustable cuffs with Velcro fastening and cuffs. DETAILS: Good surfaces for finishing. D-ring. Detachable, adjustable hood. Metal button. High collar. FRONT CLOSURE: Front zip with fleece chin guard. FUNCTIONALITY: Wind &amp; water-repellent material, non-welded seams. Women's size. MAIN FEATURES: Driver. REFLEX: Dark reflective stripes on shoulders and back. FABRIC: Ladies. black. 2-way zip. Stretch. POCKETS: Chest pocket with zip. Inside pockets. Front pockets with zips. WASHING INSTRUCTIONS: Do not bleach<\/p>\n<p>92% polyester, 8% elastane, 3-layer softshell, waterproof 11,000 mm, windproof, breathable Ret 20.0, stretch, 255 g\/m\u00b2<\/p>","protected":false},"excerpt":{"rendered":"<p>Flexible und vielseitige Softshell Jacke mit femininem Schnitt und verstellbarer Kapuze. Dunkle Reflektoren an Schultern und R\u00fccken sowie robuste Reissverschl\u00fcsse. Die Jacke ist auf maximale Bewegungsfreiheit ausgelegt und besteht aus einem dehnbaren, wind- und wasserdichten Gewebe. ABSCHLUSS: Verstellbarer Bund mit Kordelzug. Einstellbarer Armabschluss mit Klettverschluss und B\u00fcndchen. DETAILS: Gute Oberfl\u00e4chen f\u00fcr Veredelung. D-Ring. Abnehmbare, verstellbare [&hellip;]<\/p>\n","protected":false},"featured_media":596862,"template":"","meta":[],"product_brand":[],"product_cat":[4186],"product_tag":[],"class_list":{"0":"post-596815","1":"product","2":"type-product","3":"status-publish","4":"has-post-thumbnail","6":"product_cat-jacken","7":"pa_brand-blaklaeder","8":"pa_brand-type-workwear","9":"pa_filter-color-blau","10":"pa_filter-color-gelb","11":"pa_filter-color-rot","12":"pa_filter-color-schwarz","14":"first","15":"instock","16":"sale","17":"taxable","18":"shipping-taxable","19":"purchasable","20":"product-type-variable","21":"add-to-wishlist-before_image"},"exclude_global_add_ons":[],"addons":[],"acf":[],"_links":{"self":[{"href":"https:\/\/shop.kustom.ch\/en\/wp-json\/wp\/v2\/product\/596815"}],"collection":[{"href":"https:\/\/shop.kustom.ch\/en\/wp-json\/wp\/v2\/product"}],"about":[{"href":"https:\/\/shop.kustom.ch\/en\/wp-json\/wp\/v2\/types\/product"}],"wp:featuredmedia":[{"embeddable":true,"href":"https:\/\/shop.kustom.ch\/en\/wp-json\/wp\/v2\/media\/596862"}],"wp:attachment":[{"href":"https:\/\/shop.kustom.ch\/en\/wp-json\/wp\/v2\/media?parent=596815"}],"wp:term":[{"taxonomy":"product_brand","embeddable":true,"href":"https:\/\/shop.kustom.ch\/en\/wp-json\/wp\/v2\/product_brand?post=596815"},{"taxonomy":"product_cat","embeddable":true,"href":"https:\/\/shop.kustom.ch\/en\/wp-json\/wp\/v2\/product_cat?post=596815"},{"taxonomy":"product_tag","embeddable":true,"href":"https:\/\/shop.kustom.ch\/en\/wp-json\/wp\/v2\/product_tag?post=596815"}],"curies":[{"name":"wp","href":"https:\/\/api.w.org\/{rel}","templated":true}]}}