{"id":596761,"date":"2025-03-05T01:08:49","date_gmt":"2025-03-05T00:08:49","guid":{"rendered":"https:\/\/shop.kustom.ch\/?post_type=product&#038;p=596761"},"modified":"2026-03-31T09:01:56","modified_gmt":"2026-03-31T08:01:56","slug":"reissverschluss-unterhemd-xwarm-100-merinowolle","status":"publish","type":"product","link":"https:\/\/shop.kustom.ch\/en\/product\/reissverschluss-unterhemd-xwarm-100-merinowolle\/","title":{"rendered":"Zip-up vest XWARM, 100% merino wool"},"content":{"rendered":"<p>This insulating long vest keeps the body warm and dry in cold weather. The long vest is two-coloured with red seams and is made of 100% merino wool which provides better insulation and transport properties that keep you warm and dry. Recommended for temperatures between -20\u00b0C and -35\u00b0C.<\/p>\n<p>CLOSURE: Extended back. Cuffs with cuffs. DETAILS: High collar with zip. Contrast stitching. FUNCTIONALITY: Recommended temperature -20\u00b0C to -35\u00b0C. MAIN FEATURES: Men's. FABRIC: Available for men and women. black. Wind \/ wet \/ cold. WASHING INSTRUCTIONS: Use wool detergent. Do not iron<\/p>\n<p>100% Wool, merino, interlock, 260 g\/m\u00b2<\/p>","protected":false},"excerpt":{"rendered":"<p>Dieses isolierende lange Unterhemd h\u00e4lt den K\u00f6rper bei kaltem Wetter warm und trocken. Das lange Unterhemd ist zweifarbig mit roten N\u00e4hten und besteht aus 100% Merinowolle die bessere Isolierung und Transporteigenschaften, die warm und trocken halten, bietet. Empfohlen bei Temperaturen zwischen -20\u00b0C und -35\u00b0C. ABSCHLUSS: Verl\u00e4ngerter R\u00fccken. Armabschluss mit B\u00fcndchen. DETAILS: Hoher Kragen mit Reissverschluss. [&hellip;]<\/p>\n","protected":false},"featured_media":596792,"template":"","meta":[],"product_brand":[],"product_cat":[4206],"product_tag":[],"class_list":{"0":"post-596761","1":"product","2":"type-product","3":"status-publish","4":"has-post-thumbnail","6":"product_cat-underwear","7":"pa_brand-blaklaeder","8":"pa_brand-type-workwear","9":"pa_filter-color-grau","10":"pa_filter-color-schwarz","12":"first","13":"instock","14":"sale","15":"taxable","16":"shipping-taxable","17":"purchasable","18":"product-type-variable","19":"add-to-wishlist-before_image"},"exclude_global_add_ons":[],"addons":[],"acf":[],"_links":{"self":[{"href":"https:\/\/shop.kustom.ch\/en\/wp-json\/wp\/v2\/product\/596761"}],"collection":[{"href":"https:\/\/shop.kustom.ch\/en\/wp-json\/wp\/v2\/product"}],"about":[{"href":"https:\/\/shop.kustom.ch\/en\/wp-json\/wp\/v2\/types\/product"}],"wp:featuredmedia":[{"embeddable":true,"href":"https:\/\/shop.kustom.ch\/en\/wp-json\/wp\/v2\/media\/596792"}],"wp:attachment":[{"href":"https:\/\/shop.kustom.ch\/en\/wp-json\/wp\/v2\/media?parent=596761"}],"wp:term":[{"taxonomy":"product_brand","embeddable":true,"href":"https:\/\/shop.kustom.ch\/en\/wp-json\/wp\/v2\/product_brand?post=596761"},{"taxonomy":"product_cat","embeddable":true,"href":"https:\/\/shop.kustom.ch\/en\/wp-json\/wp\/v2\/product_cat?post=596761"},{"taxonomy":"product_tag","embeddable":true,"href":"https:\/\/shop.kustom.ch\/en\/wp-json\/wp\/v2\/product_tag?post=596761"}],"curies":[{"name":"wp","href":"https:\/\/api.w.org\/{rel}","templated":true}]}}