{"id":596720,"date":"2025-03-05T01:07:35","date_gmt":"2025-03-05T00:07:35","guid":{"rendered":"https:\/\/shop.kustom.ch\/?post_type=product&#038;p=596720"},"modified":"2026-03-31T09:01:55","modified_gmt":"2026-03-31T08:01:55","slug":"wollsweater","status":"publish","type":"product","link":"https:\/\/shop.kustom.ch\/en\/product\/wollsweater\/","title":{"rendered":"Wool jumper"},"content":{"rendered":"<p>Knitted wool jumper that will keep you cosy and warm on chilly days. This soft and comfortable jumper is perfect for work and leisure. Classic fit with a zip at the neck.<\/p>\n<p>CLOSURE: Ribbed waistband. Cuffs with cuffs. DETAILS: High collar with zip. FRONT CLOSURE: Plastic zip. MAIN FEATURES: Gardener. Men. FABRIC: Men. green. Wind \/ wet \/ cold. WASHING INSTRUCTIONS: Use wool detergent. Do not dry clean. REINFORCEMENT: Reinforced on shoulders and sleeves<\/p>\n<p>100% Wool, flat knit Pearl, 570 g\/m\u00b2<\/p>","protected":false},"excerpt":{"rendered":"<p>Gestrickter Wollsweater, der Sie an k\u00fchlen Tagen wohlig warm h\u00e4lt. Dieser weiche und komfortable Sweater ist perfekt f\u00fcr Arbeit und Freizeit. Klassische Passform mit einem Reissverschluss am Hals. ABSCHLUSS: Gerippter Bund. Armabschluss mit B\u00fcndchen. DETAILS: Hoher Kragen mit Reissverschluss. FRONTVERSCHLUSS: Reissverschluss aus Kunststoff. HAUPTEIGENSCHAFTEN: Gartenarbeiter. Herren. STOFF: Herren. gr\u00fcn. Wind \/ N\u00e4sse \/ K\u00e4lte. WASCHANLEITUNG: [&hellip;]<\/p>\n","protected":false},"featured_media":596774,"template":"","meta":[],"product_brand":[],"product_cat":[4184],"product_tag":[],"class_list":{"0":"post-596720","1":"product","2":"type-product","3":"status-publish","4":"has-post-thumbnail","6":"product_cat-hoodies-pullover","7":"pa_brand-blaklaeder","8":"pa_brand-type-workwear","9":"pa_filter-color-blau","10":"pa_filter-color-gelb","11":"pa_filter-color-grau","12":"pa_filter-color-gruen","13":"pa_filter-color-schwarz","15":"first","16":"instock","17":"sale","18":"taxable","19":"shipping-taxable","20":"purchasable","21":"product-type-variable","22":"add-to-wishlist-before_image"},"exclude_global_add_ons":[],"addons":[],"acf":[],"_links":{"self":[{"href":"https:\/\/shop.kustom.ch\/en\/wp-json\/wp\/v2\/product\/596720"}],"collection":[{"href":"https:\/\/shop.kustom.ch\/en\/wp-json\/wp\/v2\/product"}],"about":[{"href":"https:\/\/shop.kustom.ch\/en\/wp-json\/wp\/v2\/types\/product"}],"wp:featuredmedia":[{"embeddable":true,"href":"https:\/\/shop.kustom.ch\/en\/wp-json\/wp\/v2\/media\/596774"}],"wp:attachment":[{"href":"https:\/\/shop.kustom.ch\/en\/wp-json\/wp\/v2\/media?parent=596720"}],"wp:term":[{"taxonomy":"product_brand","embeddable":true,"href":"https:\/\/shop.kustom.ch\/en\/wp-json\/wp\/v2\/product_brand?post=596720"},{"taxonomy":"product_cat","embeddable":true,"href":"https:\/\/shop.kustom.ch\/en\/wp-json\/wp\/v2\/product_cat?post=596720"},{"taxonomy":"product_tag","embeddable":true,"href":"https:\/\/shop.kustom.ch\/en\/wp-json\/wp\/v2\/product_tag?post=596720"}],"curies":[{"name":"wp","href":"https:\/\/api.w.org\/{rel}","templated":true}]}}