{"id":596719,"date":"2025-03-05T01:07:35","date_gmt":"2025-03-05T00:07:35","guid":{"rendered":"https:\/\/shop.kustom.ch\/?post_type=product&#038;p=596719"},"modified":"2026-03-31T09:01:47","modified_gmt":"2026-03-31T08:01:47","slug":"winterjacke-inhaerent-stahl","status":"publish","type":"product","link":"https:\/\/shop.kustom.ch\/en\/product\/winterjacke-inhaerent-stahl\/","title":{"rendered":"Winter jacket Inherent steel"},"content":{"rendered":"<p>A flame retardant, lined jacket in 1519 quality with an inherent E3 class fabric specifically designed for work in the metal industry where molten iron is handled. The 360-degree visible but not highvis certified winter jacket protects against molten metal splashes and radiant heat, while the lining keeps you warm in cold environments. It has sewn-on, optimally placed reflective details, pre-shaped sleeves, an extended back, an inside pocket, slide-in pockets and holders for a gas detector, oxygen detector and microphone. The jacket is also oil, dirt and water repellent. Certified according to EN 1149-5, EN13034, EN ISO 11612, EN ISO 11611, IEC 61482-2, ATPV: 40cal\/cm\u00b2, ELIM: 37cal\/cm\u00b2.<\/p>\n<p>CLOSURE: Adjustable waistband with press studs. Adjustable cuffs with press studs. DETAILS: External certification labels. High collar with concealed zip. Loops on both sides of the chest for gas detector \/ oxygen analyser \/ microphone. FRONT CLOSURE: Concealed, reinforced metal zip. FUNCTIONALITY: Oil, dirt and water repellent. MAIN FEATURES: Service employee. EN 13034. REFLEX: 20 mm wide, flame-retardant reflective stripes. FABRIC: Men's. blue. Flame retardant. POCKETS: Chest pockets with zips and D-ring. Inside pocket. Concealed side pockets with hidden metal buttons. WASHING INSTRUCTIONS: 60\u00b0 C. CERTIFICATION: EN 1149-5. EN 13034 PB (6). EN 342 together with 1869-1514. ATPV - 40 cal\/cm\u00b2. EN ISO 11611, class 1 A1+A2. EN ISO 11612 A1, A2, B1, C1, E3, F1. Not High Vis certified<\/p>\n<p>44% modacrylic, 30% cotton, 20% polyamide, 5% aramid, 1% antistatic, twill, flame-retardant, antistatic, 320 g\/m\u00b2<\/p>","protected":false},"excerpt":{"rendered":"<p>Eine flammhemmende, gef\u00fctterte Jacke in der Qualit\u00e4t 1519 mit einem inh\u00e4renten Stoff der Klasse E3, der speziell f\u00fcr Arbeiten in der Metallindustrie entwickelt wurde bei denen mit geschmolzenem Eisen gearbeitet wird. Die 360-Grad sichtbare, aber nicht highvis-zertifizierte Winterjacke sch\u00fctzt vor Spritzern von geschmolzenem Metall und vor Strahlungshitze, w\u00e4hrend das Futter in kalten Umgebungen warm h\u00e4lt. [&hellip;]<\/p>\n","protected":false},"featured_media":596773,"template":"","meta":[],"product_brand":[],"product_cat":[4186],"product_tag":[],"class_list":{"0":"post-596719","1":"product","2":"type-product","3":"status-publish","4":"has-post-thumbnail","6":"product_cat-jacken","7":"pa_brand-blaklaeder","8":"pa_brand-type-workwear","9":"pa_filter-color-blau","10":"pa_filter-color-gelb","12":"first","13":"instock","14":"sale","15":"taxable","16":"shipping-taxable","17":"purchasable","18":"product-type-variable","19":"add-to-wishlist-before_image"},"exclude_global_add_ons":[],"addons":[],"acf":[],"_links":{"self":[{"href":"https:\/\/shop.kustom.ch\/en\/wp-json\/wp\/v2\/product\/596719"}],"collection":[{"href":"https:\/\/shop.kustom.ch\/en\/wp-json\/wp\/v2\/product"}],"about":[{"href":"https:\/\/shop.kustom.ch\/en\/wp-json\/wp\/v2\/types\/product"}],"wp:featuredmedia":[{"embeddable":true,"href":"https:\/\/shop.kustom.ch\/en\/wp-json\/wp\/v2\/media\/596773"}],"wp:attachment":[{"href":"https:\/\/shop.kustom.ch\/en\/wp-json\/wp\/v2\/media?parent=596719"}],"wp:term":[{"taxonomy":"product_brand","embeddable":true,"href":"https:\/\/shop.kustom.ch\/en\/wp-json\/wp\/v2\/product_brand?post=596719"},{"taxonomy":"product_cat","embeddable":true,"href":"https:\/\/shop.kustom.ch\/en\/wp-json\/wp\/v2\/product_cat?post=596719"},{"taxonomy":"product_tag","embeddable":true,"href":"https:\/\/shop.kustom.ch\/en\/wp-json\/wp\/v2\/product_tag?post=596719"}],"curies":[{"name":"wp","href":"https:\/\/api.w.org\/{rel}","templated":true}]}}