{"id":596703,"date":"2025-03-05T01:07:31","date_gmt":"2025-03-05T00:07:31","guid":{"rendered":"https:\/\/shop.kustom.ch\/?post_type=product&#038;p=596703"},"modified":"2026-03-31T09:01:46","modified_gmt":"2026-03-31T08:01:46","slug":"arbeitsjacke-inhaerent-stahl","status":"publish","type":"product","link":"https:\/\/shop.kustom.ch\/en\/product\/arbeitsjacke-inhaerent-stahl\/","title":{"rendered":"Inherent steel work jacket"},"content":{"rendered":"<p>A flame retardant, unlined 1519 quality jacket with an inherent E3 class fabric specifically designed for work in the metals industry where molten iron is handled. The 360-degree visible but not highvis certified jacket is oil, dirt and water repellent and protects against molten metal splashes and radiant heat. It has sewn-on, optimally placed reflective details, an inside pocket, slide-in pockets and holders for a gas analyser, oxygen analyser and microphone. Tested for industrial laundering. Certified according to EN 1149-5, EN13034, EN ISO 11612, EN ISO 11611, IEC 61482-2, ATPV: 14 cal\/cm\u00b2, ELIM: 12 cal\/cm\u00b2.<\/p>\n<p>CLOSURE: Adjustable waistband with press studs. Adjustable cuffs with press studs. DETAILS: External certification labels. High collar with concealed zip. Loops on both sides of the chest for gas detector \/ oxygen analyser \/ microphone. FRONT CLOSURE: Concealed, reinforced metal zip. FUNCTIONALITY: Oil, dirt and water repellent. MAIN PROPERTIES: Craftsman. EN ISO 11612. REFLEX: Reflectors on shoulders, sleeves and back hem. FABRIC: Men's. blue. Flame protection. POCKETS: Chest pockets with zip. Inside pocket. Concealed side pockets with hidden metal buttons. WASHING INSTRUCTIONS: Do not dry clean. WASHING: Industrial laundry EN ISO 15797. CERTIFICATION: EN 1149-5. EN 13034 PB (6). EN ISO 11611, class 1 A1+A2. EN ISO 11612 A1, A2, B1, C1, E3, F1. IEC 61482-2, APC 1 Not High Vis certified<\/p>\n<p>44% modacrylic, 30% cotton, 20% polyamide, 5% aramid, 1% antistatic, twill, flame-retardant, antistatic, 320 g\/m\u00b2<\/p>","protected":false},"excerpt":{"rendered":"<p>Eine flammhemmende, ungef\u00fctterte Jacke in der Qualit\u00e4t 1519 mit einem inh\u00e4renten Stoff der Klasse E3, der speziell f\u00fcr Arbeiten in der Metallindustrie entwickelt wurde bei denen mit geschmolzenem Eisen gearbeitet wird. Die 360-Grad sichtbare, aber nicht highvis-zertifizierte Jacke ist \u00f6l-, schmutz- und wasserabweisend und sch\u00fctzt vor Spritzern von geschmolzenem Metall und vor Strahlungshitze. Sie hat [&hellip;]<\/p>\n","protected":false},"featured_media":596749,"template":"","meta":[],"product_brand":[],"product_cat":[4186],"product_tag":[],"class_list":{"0":"post-596703","1":"product","2":"type-product","3":"status-publish","4":"has-post-thumbnail","6":"product_cat-jacken","7":"pa_brand-blaklaeder","8":"pa_brand-type-workwear","9":"pa_filter-color-blau","10":"pa_filter-color-gelb","12":"first","13":"instock","14":"sale","15":"taxable","16":"shipping-taxable","17":"purchasable","18":"product-type-variable","19":"add-to-wishlist-before_image"},"exclude_global_add_ons":[],"addons":[],"acf":[],"_links":{"self":[{"href":"https:\/\/shop.kustom.ch\/en\/wp-json\/wp\/v2\/product\/596703"}],"collection":[{"href":"https:\/\/shop.kustom.ch\/en\/wp-json\/wp\/v2\/product"}],"about":[{"href":"https:\/\/shop.kustom.ch\/en\/wp-json\/wp\/v2\/types\/product"}],"wp:featuredmedia":[{"embeddable":true,"href":"https:\/\/shop.kustom.ch\/en\/wp-json\/wp\/v2\/media\/596749"}],"wp:attachment":[{"href":"https:\/\/shop.kustom.ch\/en\/wp-json\/wp\/v2\/media?parent=596703"}],"wp:term":[{"taxonomy":"product_brand","embeddable":true,"href":"https:\/\/shop.kustom.ch\/en\/wp-json\/wp\/v2\/product_brand?post=596703"},{"taxonomy":"product_cat","embeddable":true,"href":"https:\/\/shop.kustom.ch\/en\/wp-json\/wp\/v2\/product_cat?post=596703"},{"taxonomy":"product_tag","embeddable":true,"href":"https:\/\/shop.kustom.ch\/en\/wp-json\/wp\/v2\/product_tag?post=596703"}],"curies":[{"name":"wp","href":"https:\/\/api.w.org\/{rel}","templated":true}]}}