{"id":596682,"date":"2025-03-05T01:07:26","date_gmt":"2025-03-05T00:07:26","guid":{"rendered":"https:\/\/shop.kustom.ch\/?post_type=product&#038;p=596682"},"modified":"2026-03-31T09:01:38","modified_gmt":"2026-03-31T08:01:38","slug":"high-vis-softshell-jacke-3","status":"publish","type":"product","link":"https:\/\/shop.kustom.ch\/en\/product\/high-vis-softshell-jacke-3\/","title":{"rendered":"High Vis Softshell Jacket"},"content":{"rendered":"<p>A high vis jacket made from a windproof and waterproof softshell material. This super comfortable quilted jacket is a dream to wear and offers unbeatable comfort when you need it most. Excellent breathability, transfer reflective stripes, pre-shaped sleeves in reinforced fabric and reinforced shoulders are some of the jacket's many high-quality features. The softshell jacket has a generous chest pocket and inner pocket, close-fitting cuffs and an adjustable Velcro fastening. Plenty of space for a logo. Certified to EN ISO 20471 standard, class 1. XS-L class 1, XL-&gt; class 2.<\/p>\n<p>CLOSURE: Extended back. Adjustable cuffs with Velcro fastening. DETAILS: Good surfaces for finishing. D-ring. High collar. FRONT CLOSURE: Robust plastic zip. FUNCTIONALITY: Padded front. Pre-shaped sleeves. MAIN FEATURES: Garden worker. EN ISO 20471. REFLEX: 50 mm wide reflective stripes. FABRIC: Men's. yellow. water-repellent. Stretch. POCKETS: Chest pockets with zips and D-ring. Inside pocket. Front pockets with zips. WASHING INSTRUCTIONS: Number of washes: 25, do not spin. REINFORCEMENT: Reinforced on shoulders and sleeves. CERTIFICATION: Certification group B XL - &gt;<\/p>\n<p>92% polyester, 8% elastane, 3-layer softshell, waterproof 11,000 mm, windproof, breathable Ret 20.0, stretch, 255 g\/m\u00b2<\/p>","protected":false},"excerpt":{"rendered":"<p>Eine High Vis Jacke aus einem wind- und wasserdichten Softshell Material. Diese super bequeme Steppjacke ist ein Traum zum Tragen und bietet unschlagbaren Komfort, wenn Sie ihn am dringensten ben\u00f6tigen. Hervorragende Atmungsaktivit\u00e4t, Transferreflexstreifen, vorgeformte \u00c4rmel aus verst\u00e4rktem Stoff und verst\u00e4rkte Schultern sind einige der vielen hochwertigen Eigenschaften der Jacke. Die Softshell Jacke hat eine grossz\u00fcgige [&hellip;]<\/p>\n","protected":false},"featured_media":596723,"template":"","meta":[],"product_brand":[],"product_cat":[4186],"product_tag":[],"class_list":{"0":"post-596682","1":"product","2":"type-product","3":"status-publish","4":"has-post-thumbnail","6":"product_cat-jacken","7":"pa_brand-blaklaeder","8":"pa_brand-type-workwear","9":"pa_filter-color-blau","10":"pa_filter-color-gelb","11":"pa_filter-color-schwarz","13":"first","14":"instock","15":"sale","16":"taxable","17":"shipping-taxable","18":"purchasable","19":"product-type-variable","20":"add-to-wishlist-before_image"},"exclude_global_add_ons":[],"addons":[],"acf":[],"_links":{"self":[{"href":"https:\/\/shop.kustom.ch\/en\/wp-json\/wp\/v2\/product\/596682"}],"collection":[{"href":"https:\/\/shop.kustom.ch\/en\/wp-json\/wp\/v2\/product"}],"about":[{"href":"https:\/\/shop.kustom.ch\/en\/wp-json\/wp\/v2\/types\/product"}],"wp:featuredmedia":[{"embeddable":true,"href":"https:\/\/shop.kustom.ch\/en\/wp-json\/wp\/v2\/media\/596723"}],"wp:attachment":[{"href":"https:\/\/shop.kustom.ch\/en\/wp-json\/wp\/v2\/media?parent=596682"}],"wp:term":[{"taxonomy":"product_brand","embeddable":true,"href":"https:\/\/shop.kustom.ch\/en\/wp-json\/wp\/v2\/product_brand?post=596682"},{"taxonomy":"product_cat","embeddable":true,"href":"https:\/\/shop.kustom.ch\/en\/wp-json\/wp\/v2\/product_cat?post=596682"},{"taxonomy":"product_tag","embeddable":true,"href":"https:\/\/shop.kustom.ch\/en\/wp-json\/wp\/v2\/product_tag?post=596682"}],"curies":[{"name":"wp","href":"https:\/\/api.w.org\/{rel}","templated":true}]}}