{"id":596602,"date":"2025-03-05T01:06:12","date_gmt":"2025-03-05T00:06:12","guid":{"rendered":"https:\/\/shop.kustom.ch\/?post_type=product&#038;p=596602"},"modified":"2026-03-31T09:01:36","modified_gmt":"2026-03-31T08:01:36","slug":"high-vis-winterparka-3","status":"publish","type":"product","link":"https:\/\/shop.kustom.ch\/en\/product\/high-vis-winterparka-3\/","title":{"rendered":"High Vis winter parka"},"content":{"rendered":"<p>A warm winter garment for tough working environments where it is important to be seen. The parka is made of a strong wind and waterproof material with taped seams and a warm quilted lining that is comfortable and protects against cold and wind. It has a hard-wearing outer material in a darker colour in areas that are most exposed to dirt. The jacket has a two-way zip at the front and pre-shaped sleeves for better comfort. The waist can be adjusted with a drawstring at the back for a better fit. The reflective strips are hot-pressed for greater flexibility and the protective hood has press studs so that it can be easily attached and removed. Certified to EN 342 combined with 1885; EN 343; EN ISO 20471 class 3, high visibility protective clothing.<\/p>\n<p>CLOSURE: Adjustable cuffs with Velcro fastening. DETAILS: zip in the lining for easy textile finishing. Recessed ID card pocket. Detachable and adjustable hood with warm lining. High collar. Taped seams. Adjustable drawstring waist. FRONT CLOSURE: Concealed two-way plastic zip. FUNCTIONALITY: Mesh insert at the armhole. Pre-shaped sleeves. MAIN FEATURES: Craftsman. RIS-3279-TOM . REFLEX: Reflective material on torso, sleeves and shoulders. FABRIC: Available for men and women. High-vis yellow. Waterproof. High visibility. POCKETS: Chest pockets with zip. Inside pockets, one with mesh. Front pockets with flaps. WASHING INSTRUCTIONS: Number of washes: 20. 40\u00b0 C. CERTIFICATION: EN 342 together with Art. 1885. EN 343, Class 3.1. Class 2 and 3 garments in orange comply with RIS-3279-TOM Issue 2<\/p>\n<p>100% polyester, twill, stretch, coated, waterproof 11,000mm, windproof, breathable Ret 6.3, 150 g\/m\u00b2<\/p>","protected":false},"excerpt":{"rendered":"<p>Ein warmes Winter Kleidungsst\u00fcck f\u00fcr harte Arbeitsumgebungen wo es wichtig ist, gesehen zu werden. Der Parka besteht aus einem starken wind- und wasserfesten Material mit verschweissten N\u00e4hten und einem warmen Steppfutter, das komfortabel ist und vor K\u00e4lte und Wind sch\u00fctzt. Er hat ein strapazierf\u00e4higes Aussenmaterial in einem dunkleren Farbton an Stellen, die dem meisten Schmutz [&hellip;]<\/p>\n","protected":false},"featured_media":596628,"template":"","meta":[],"product_brand":[],"product_cat":[4186],"product_tag":[],"class_list":{"0":"post-596602","1":"product","2":"type-product","3":"status-publish","4":"has-post-thumbnail","6":"product_cat-jacken","7":"pa_brand-blaklaeder","8":"pa_brand-type-workwear","9":"pa_filter-color-blau","10":"pa_filter-color-gelb","11":"pa_filter-color-grau","12":"pa_filter-color-orange","13":"pa_filter-color-rot","14":"pa_filter-color-schwarz","16":"first","17":"instock","18":"sale","19":"taxable","20":"shipping-taxable","21":"purchasable","22":"product-type-variable","23":"add-to-wishlist-before_image"},"exclude_global_add_ons":[],"addons":[],"acf":[],"_links":{"self":[{"href":"https:\/\/shop.kustom.ch\/en\/wp-json\/wp\/v2\/product\/596602"}],"collection":[{"href":"https:\/\/shop.kustom.ch\/en\/wp-json\/wp\/v2\/product"}],"about":[{"href":"https:\/\/shop.kustom.ch\/en\/wp-json\/wp\/v2\/types\/product"}],"wp:featuredmedia":[{"embeddable":true,"href":"https:\/\/shop.kustom.ch\/en\/wp-json\/wp\/v2\/media\/596628"}],"wp:attachment":[{"href":"https:\/\/shop.kustom.ch\/en\/wp-json\/wp\/v2\/media?parent=596602"}],"wp:term":[{"taxonomy":"product_brand","embeddable":true,"href":"https:\/\/shop.kustom.ch\/en\/wp-json\/wp\/v2\/product_brand?post=596602"},{"taxonomy":"product_cat","embeddable":true,"href":"https:\/\/shop.kustom.ch\/en\/wp-json\/wp\/v2\/product_cat?post=596602"},{"taxonomy":"product_tag","embeddable":true,"href":"https:\/\/shop.kustom.ch\/en\/wp-json\/wp\/v2\/product_tag?post=596602"}],"curies":[{"name":"wp","href":"https:\/\/api.w.org\/{rel}","templated":true}]}}